{"id":2196,"date":"2023-12-05T15:57:01","date_gmt":"2023-12-05T15:57:01","guid":{"rendered":"https:\/\/mfcorpnew.flywheelstaging.com\/?page_id=2196"},"modified":"2024-12-23T08:57:32","modified_gmt":"2024-12-23T08:57:32","slug":"promise-home-a-giveback-to-society","status":"publish","type":"page","link":"https:\/\/www.megafortris.fr\/en\/about-us\/community-focus\/promise-home-a-giveback-to-society\/","title":{"rendered":"Promise Home &#8211; A Giveback to Society"},"content":{"rendered":"\t\t<div data-elementor-type=\"wp-page\" data-elementor-id=\"2196\" class=\"elementor elementor-2196\" wpc-filter-elementor-widget=\"1\" data-elementor-post-type=\"page\">\n\t\t\t\t\t\t<section class=\"has_eae_slider elementor-section elementor-top-section elementor-element elementor-element-62484ec elementor-section-boxed elementor-section-height-default elementor-section-height-default wpr-particle-no wpr-jarallax-no wpr-parallax-no wpr-sticky-section-no wpr-equal-height-no\" data-eae-slider=\"27048\" data-id=\"62484ec\" data-element_type=\"section\" data-e-type=\"section\">\n\t\t\t\t\t\t<div class=\"elementor-container elementor-column-gap-no\">\n\t\t\t\t\t<div class=\"has_eae_slider elementor-column elementor-col-100 elementor-top-column elementor-element elementor-element-02649b0\" data-eae-slider=\"39180\" data-id=\"02649b0\" data-element_type=\"column\" data-e-type=\"column\">\n\t\t\t<div class=\"elementor-widget-wrap elementor-element-populated\">\n\t\t\t\t\t\t<div class=\"elementor-element elementor-element-bccac3b elementor-widget elementor-widget-slider_revolution\" data-id=\"bccac3b\" data-element_type=\"widget\" data-e-type=\"widget\" data-widget_type=\"slider_revolution.default\">\n\t\t\t\t<div class=\"elementor-widget-container\">\n\t\t\t\t\t\n\t\t<div class=\"wp-block-themepunch-revslider\">\n\t\t\t\t<p class=\"rs-p-wp-fix\"><\/p>\n\t\t\t\t<sr7-module data-alias=\"subbpages\" data-id=\"4\" id=\"SR7_4_1\" class=\"rs-ov-hidden\" data-version=\"6.7.53\">\n\t\t\t\t\t<sr7-adjuster><\/sr7-adjuster>\n\t\t\t\t\t<sr7-content>\n\t\t\t\t\t\t<sr7-slide id=\"SR7_4_1-2STR1\" data-key=\"2STR1\">\n\t\t\t\t\t\t\t<sr7-txt id=\"SR7_4_1-2STR1-1\" class=\"sr7-layer\">Promise Home - A Giveback to Society<\/sr7-txt>\n\t\t\t\t\t\t<\/sr7-slide>\n\t\t\t\t\t\t<sr7-slide id=\"SR7_4_1-24\" data-key=\"24\">\n\t\t\t\t\t\t<\/sr7-slide>\n\t\t\t\t\t<\/sr7-content>\n\t\t\t\t<\/sr7-module>\n\t\t\t\t<script>\n\t\t\t\t\twindow.SR7 ??={};SR7.PMH ??={}; SR7.PMH[\"SR7_4_1\"] = {cn:100,state:false,fn: function() { if (window._tpt!==undefined && window._tpt.prepareModuleHeight !== undefined) {  _tpt.prepareModuleHeight({id:\"SR7_4_1\",el:[150,150,150,150,150],type:'standard',shdw:'0',gh:[150,150,150,150,150],gw:[1386,1386,1386,778,480],vpt:['100px&#039;,&#039;100px&#039;,&#039;100px&#039;,&#039;100px&#039;,&#039;100px'],size:{fullWidth:true, fullHeight:false},mh:'0',onh:0,onw:0,bg:{color:'{\"orig\":\"transparent\",\"type\":\"solid\",\"string\":\"transparent\"}'}});   SR7.PMH[\"SR7_4_1\"].state=true;} else if(SR7.PMH[\"SR7_4_1\"].cn-->0)\tsetTimeout( SR7.PMH[\"SR7_4_1\"].fn,19);}};SR7.PMH[\"SR7_4_1\" ].fn();\n\t\t\t\t<\/script>\n<\/div>\n\n\t\t\t\t\t\t<\/div>\n\t\t\t\t<\/div>\n\t\t\t\t\t<\/div>\n\t\t<\/div>\n\t\t\t\t\t<\/div>\n\t\t<\/section>\n\t\t\t\t<section class=\"has_eae_slider elementor-section elementor-top-section elementor-element elementor-element-a9c5c00 elementor-section-boxed elementor-section-height-default elementor-section-height-default wpr-particle-no wpr-jarallax-no wpr-parallax-no wpr-sticky-section-no wpr-equal-height-no\" data-eae-slider=\"71395\" data-id=\"a9c5c00\" data-element_type=\"section\" data-e-type=\"section\" data-settings=\"{&quot;background_background&quot;:&quot;classic&quot;}\">\n\t\t\t\t\t\t<div class=\"elementor-container elementor-column-gap-default\">\n\t\t\t\t\t<div class=\"has_eae_slider elementor-column elementor-col-100 elementor-top-column elementor-element elementor-element-041bb83\" data-eae-slider=\"59503\" data-id=\"041bb83\" data-element_type=\"column\" data-e-type=\"column\">\n\t\t\t<div class=\"elementor-widget-wrap elementor-element-populated\">\n\t\t\t\t\t\t<div class=\"elementor-element elementor-element-147b1b8 elementor-invisible elementor-widget elementor-widget-heading\" data-id=\"147b1b8\" data-element_type=\"widget\" data-e-type=\"widget\" data-settings=\"{&quot;_animation&quot;:&quot;fadeIn&quot;}\" data-widget_type=\"heading.default\">\n\t\t\t\t<div class=\"elementor-widget-container\">\n\t\t\t\t\t<h2 class=\"elementor-heading-title elementor-size-default\">Mega Fortris Group understands the importance of reducing its environmental footprint, by active participation in human rights and environmental causes. Mega Fortris Group\u2019s \u201clocal community well-being initiative\u201d is aimed at improving the lives of less-fortunate communities in Malaysia.<\/h2>\t\t\t\t<\/div>\n\t\t\t\t<\/div>\n\t\t\t\t<div class=\"elementor-element elementor-element-38a4d9d elementor-invisible elementor-widget elementor-widget-text-editor\" data-id=\"38a4d9d\" data-element_type=\"widget\" data-e-type=\"widget\" data-settings=\"{&quot;_animation&quot;:&quot;fadeInUp&quot;}\" data-widget_type=\"text-editor.default\">\n\t\t\t\t<div class=\"elementor-widget-container\">\n\t\t\t\t\t\t\t\t\t<p>\u201cPromise Home\u201d stands as a cornerstone among our initiatives dedicated to enhancing the welfare of our local community, with a special emphasis on nurturing and empowering future generations. Situated in Kota Kemuning, Promise Home supports children from the surrounding community by offering them access to free education and initiatives aimed at improving their health conditions.<\/p><p>Promise Home is currently taking care of children with ages ranging from 7 to 12 years old. These children are from 4 different villages around Slim River. Fortunately, the children in this home are enrolled in government schools and have attained excellent results.<\/p><p>We took this opportunity to contribute by organising a couple of activities this year for this home.<\/p><h3><strong>Food Donations<\/strong><\/h3><p>Earlier this year we made a food donation to the home, providing the children with basic necessities such as rice, biscuits, eggs and other daily food items. With the generosity of everyone, we managed to donate a substantial amount of food to them.<\/p><h3><strong>Lunch with Children of Promise Home<\/strong><\/h3><p>In conjunction with Mother\u2019s Day, we organised a lunch get-together with the children. This lunch get-together allowed us to spend quality time in fellowship with\u00a0the\u00a0children.<\/p>\t\t\t\t\t\t\t\t<\/div>\n\t\t\t\t<\/div>\n\t\t\t\t<div class=\"elementor-element elementor-element-b698ebd elementor-invisible elementor-widget elementor-widget-gallery\" data-id=\"b698ebd\" data-element_type=\"widget\" data-e-type=\"widget\" data-settings=\"{&quot;columns&quot;:5,&quot;_animation&quot;:&quot;fadeInUp&quot;,&quot;lazyload&quot;:&quot;yes&quot;,&quot;gallery_layout&quot;:&quot;grid&quot;,&quot;columns_tablet&quot;:2,&quot;columns_mobile&quot;:1,&quot;gap&quot;:{&quot;unit&quot;:&quot;px&quot;,&quot;size&quot;:10,&quot;sizes&quot;:[]},&quot;gap_tablet&quot;:{&quot;unit&quot;:&quot;px&quot;,&quot;size&quot;:10,&quot;sizes&quot;:[]},&quot;gap_mobile&quot;:{&quot;unit&quot;:&quot;px&quot;,&quot;size&quot;:10,&quot;sizes&quot;:[]},&quot;link_to&quot;:&quot;file&quot;,&quot;aspect_ratio&quot;:&quot;3:2&quot;,&quot;overlay_background&quot;:&quot;yes&quot;,&quot;content_hover_animation&quot;:&quot;fade-in&quot;}\" data-widget_type=\"gallery.default\">\n\t\t\t\t<div class=\"elementor-widget-container\">\n\t\t\t\t\t\t\t<div class=\"elementor-gallery__container\">\n\t\t\t\t\t\t\t<a class=\"e-gallery-item elementor-gallery-item elementor-animated-content\" href=\"https:\/\/www.megafortris.fr\/wp-content\/uploads\/2023\/12\/Donation-Drive-to-Promise-Home-1.jpg\" data-elementor-open-lightbox=\"yes\" data-elementor-lightbox-slideshow=\"b698ebd\" data-e-action-hash=\"#elementor-action%3Aaction%3Dlightbox%26settings%3DeyJpZCI6MjE5OCwidXJsIjoiaHR0cHM6XC9cL3d3dy5tZWdhZm9ydHJpcy5mclwvd3AtY29udGVudFwvdXBsb2Fkc1wvMjAyM1wvMTJcL0RvbmF0aW9uLURyaXZlLXRvLVByb21pc2UtSG9tZS0xLmpwZyIsInNsaWRlc2hvdyI6ImI2OThlYmQifQ%3D%3D\">\n\t\t\t\t\t<div class=\"e-gallery-image elementor-gallery-item__image\" data-thumbnail=\"https:\/\/www.megafortris.fr\/wp-content\/uploads\/2023\/12\/Donation-Drive-to-Promise-Home-1-768x576.jpg\" data-width=\"640\" data-height=\"480\" aria-label=\"\" role=\"img\" ><\/div>\n\t\t\t\t\t\t\t\t\t\t\t<div class=\"elementor-gallery-item__overlay\"><\/div>\n\t\t\t\t\t\t\t\t\t\t\t\t\t\t<\/a>\n\t\t\t\t\t\t\t<a class=\"e-gallery-item elementor-gallery-item elementor-animated-content\" href=\"https:\/\/www.megafortris.fr\/wp-content\/uploads\/2023\/12\/Donation-Drive-to-Promise-Home-2.jpg\" data-elementor-open-lightbox=\"yes\" data-elementor-lightbox-slideshow=\"b698ebd\" data-e-action-hash=\"#elementor-action%3Aaction%3Dlightbox%26settings%3DeyJpZCI6MjE5OSwidXJsIjoiaHR0cHM6XC9cL3d3dy5tZWdhZm9ydHJpcy5mclwvd3AtY29udGVudFwvdXBsb2Fkc1wvMjAyM1wvMTJcL0RvbmF0aW9uLURyaXZlLXRvLVByb21pc2UtSG9tZS0yLmpwZyIsInNsaWRlc2hvdyI6ImI2OThlYmQifQ%3D%3D\">\n\t\t\t\t\t<div class=\"e-gallery-image elementor-gallery-item__image\" data-thumbnail=\"https:\/\/www.megafortris.fr\/wp-content\/uploads\/2023\/12\/Donation-Drive-to-Promise-Home-2-768x576.jpg\" data-width=\"640\" data-height=\"480\" aria-label=\"\" role=\"img\" ><\/div>\n\t\t\t\t\t\t\t\t\t\t\t<div class=\"elementor-gallery-item__overlay\"><\/div>\n\t\t\t\t\t\t\t\t\t\t\t\t\t\t<\/a>\n\t\t\t\t\t\t\t<a class=\"e-gallery-item elementor-gallery-item elementor-animated-content\" href=\"https:\/\/www.megafortris.fr\/wp-content\/uploads\/2023\/12\/Promise-Home-Lunch-2-scaled-1.jpg\" data-elementor-open-lightbox=\"yes\" data-elementor-lightbox-slideshow=\"b698ebd\" data-e-action-hash=\"#elementor-action%3Aaction%3Dlightbox%26settings%3DeyJpZCI6MjIwMCwidXJsIjoiaHR0cHM6XC9cL3d3dy5tZWdhZm9ydHJpcy5mclwvd3AtY29udGVudFwvdXBsb2Fkc1wvMjAyM1wvMTJcL1Byb21pc2UtSG9tZS1MdW5jaC0yLXNjYWxlZC0xLmpwZyIsInNsaWRlc2hvdyI6ImI2OThlYmQifQ%3D%3D\">\n\t\t\t\t\t<div class=\"e-gallery-image elementor-gallery-item__image\" data-thumbnail=\"https:\/\/www.megafortris.fr\/wp-content\/uploads\/2023\/12\/Promise-Home-Lunch-2-scaled-1-768x576.jpg\" data-width=\"640\" data-height=\"480\" aria-label=\"\" role=\"img\" ><\/div>\n\t\t\t\t\t\t\t\t\t\t\t<div class=\"elementor-gallery-item__overlay\"><\/div>\n\t\t\t\t\t\t\t\t\t\t\t\t\t\t<\/a>\n\t\t\t\t\t\t\t<a class=\"e-gallery-item elementor-gallery-item elementor-animated-content\" href=\"https:\/\/www.megafortris.fr\/wp-content\/uploads\/2023\/12\/Promise-Home-Lunch-3-scaled-1.jpg\" data-elementor-open-lightbox=\"yes\" data-elementor-lightbox-slideshow=\"b698ebd\" data-e-action-hash=\"#elementor-action%3Aaction%3Dlightbox%26settings%3DeyJpZCI6MjIwMSwidXJsIjoiaHR0cHM6XC9cL3d3dy5tZWdhZm9ydHJpcy5mclwvd3AtY29udGVudFwvdXBsb2Fkc1wvMjAyM1wvMTJcL1Byb21pc2UtSG9tZS1MdW5jaC0zLXNjYWxlZC0xLmpwZyIsInNsaWRlc2hvdyI6ImI2OThlYmQifQ%3D%3D\">\n\t\t\t\t\t<div class=\"e-gallery-image elementor-gallery-item__image\" data-thumbnail=\"https:\/\/www.megafortris.fr\/wp-content\/uploads\/2023\/12\/Promise-Home-Lunch-3-scaled-1-768x576.jpg\" data-width=\"640\" data-height=\"480\" aria-label=\"\" role=\"img\" ><\/div>\n\t\t\t\t\t\t\t\t\t\t\t<div class=\"elementor-gallery-item__overlay\"><\/div>\n\t\t\t\t\t\t\t\t\t\t\t\t\t\t<\/a>\n\t\t\t\t\t\t\t<a class=\"e-gallery-item elementor-gallery-item elementor-animated-content\" href=\"https:\/\/www.megafortris.fr\/wp-content\/uploads\/2023\/12\/Promise-Home-Lunch.jpg\" data-elementor-open-lightbox=\"yes\" data-elementor-lightbox-slideshow=\"b698ebd\" data-e-action-hash=\"#elementor-action%3Aaction%3Dlightbox%26settings%3DeyJpZCI6MjIwMiwidXJsIjoiaHR0cHM6XC9cL3d3dy5tZWdhZm9ydHJpcy5mclwvd3AtY29udGVudFwvdXBsb2Fkc1wvMjAyM1wvMTJcL1Byb21pc2UtSG9tZS1MdW5jaC5qcGciLCJzbGlkZXNob3ciOiJiNjk4ZWJkIn0%3D\">\n\t\t\t\t\t<div class=\"e-gallery-image elementor-gallery-item__image\" data-thumbnail=\"https:\/\/www.megafortris.fr\/wp-content\/uploads\/2023\/12\/Promise-Home-Lunch-768x576.jpg\" data-width=\"640\" data-height=\"480\" aria-label=\"\" role=\"img\" ><\/div>\n\t\t\t\t\t\t\t\t\t\t\t<div class=\"elementor-gallery-item__overlay\"><\/div>\n\t\t\t\t\t\t\t\t\t\t\t\t\t\t<\/a>\n\t\t\t\t\t<\/div>\n\t\t\t\t\t<\/div>\n\t\t\t\t<\/div>\n\t\t\t\t\t<\/div>\n\t\t<\/div>\n\t\t\t\t\t<\/div>\n\t\t<\/section>\n\t\t\t\t<\/div>\n\t\t","protected":false},"excerpt":{"rendered":"<p>Mega Fortris Group understands the importance of reducing its environmental footprint, by active participation in human rights and environmental causes. Mega Fortris Group\u2019s \u201clocal community well-being initiative\u201d is aimed at improving the lives of less-fortunate communities in Malaysia. \u201cPromise Home\u201d stands as a cornerstone among our initiatives dedicated to enhancing the welfare of our local community, with a special emphasis on nurturing and empowering future generations. Situated in Kota Kemuning, Promise Home supports children from the surrounding community by offering them access to free education and initiatives aimed at improving their health conditions. Promise Home is currently taking care of children with ages ranging from 7 to 12 years old. These children are from 4 different villages around Slim River. Fortunately, the children in this home are enrolled in government schools and have attained excellent results. We took this opportunity to contribute by organising a couple of activities this year for this home. Food Donations Earlier this year we made a food donation to the home, providing the children with basic necessities such as rice, biscuits, eggs and other daily food items. With the generosity of everyone, we managed to donate a substantial amount of food to them. Lunch with Children of Promise Home In conjunction with Mother\u2019s Day, we organised a lunch get-together with the children. This lunch get-together allowed us to spend quality time in fellowship with\u00a0the\u00a0children.<\/p>\n","protected":false},"author":999,"featured_media":0,"parent":2190,"menu_order":0,"comment_status":"closed","ping_status":"closed","template":"","meta":{"_acf_changed":false,"inline_featured_image":false,"footnotes":""},"class_list":["post-2196","page","type-page","status-publish","hentry"],"acf":[],"yoast_head":"<!-- This site is optimized with the Yoast SEO plugin v27.5 - https:\/\/yoast.com\/product\/yoast-seo-wordpress\/ -->\n<title>Promise Home - A Giveback to Society - Mega Fortris France<\/title>\n<meta name=\"robots\" content=\"index, follow, max-snippet:-1, max-image-preview:large, max-video-preview:-1\" \/>\n<link rel=\"canonical\" href=\"https:\/\/www.megafortris.fr\/en\/about-us\/community-focus\/promise-home-a-giveback-to-society\/\" \/>\n<meta property=\"og:locale\" content=\"en_US\" \/>\n<meta property=\"og:type\" content=\"article\" \/>\n<meta property=\"og:title\" content=\"Promise Home - A Giveback to Society - Mega Fortris France\" \/>\n<meta property=\"og:description\" content=\"Mega Fortris Group understands the importance of reducing its environmental footprint, by active participation in human rights and environmental causes. Mega Fortris Group\u2019s \u201clocal community well-being initiative\u201d is aimed at improving the lives of less-fortunate communities in Malaysia. \u201cPromise Home\u201d stands as a cornerstone among our initiatives dedicated to enhancing the welfare of our local community, with a special emphasis on nurturing and empowering future generations. Situated in Kota Kemuning, Promise Home supports children from the surrounding community by offering them access to free education and initiatives aimed at improving their health conditions. Promise Home is currently taking care of children with ages ranging from 7 to 12 years old. These children are from 4 different villages around Slim River. Fortunately, the children in this home are enrolled in government schools and have attained excellent results. We took this opportunity to contribute by organising a couple of activities this year for this home. Food Donations Earlier this year we made a food donation to the home, providing the children with basic necessities such as rice, biscuits, eggs and other daily food items. With the generosity of everyone, we managed to donate a substantial amount of food to them. Lunch with Children of Promise Home In conjunction with Mother\u2019s Day, we organised a lunch get-together with the children. This lunch get-together allowed us to spend quality time in fellowship with\u00a0the\u00a0children.\" \/>\n<meta property=\"og:url\" content=\"https:\/\/www.megafortris.fr\/en\/about-us\/community-focus\/promise-home-a-giveback-to-society\/\" \/>\n<meta property=\"og:site_name\" content=\"Mega Fortris France\" \/>\n<meta property=\"article:modified_time\" content=\"2024-12-23T08:57:32+00:00\" \/>\n<meta name=\"twitter:card\" content=\"summary_large_image\" \/>\n<meta name=\"twitter:label1\" content=\"Est. reading time\" \/>\n\t<meta name=\"twitter:data1\" content=\"2 minutes\" \/>\n<script type=\"application\/ld+json\" class=\"yoast-schema-graph\">{\"@context\":\"https:\\\/\\\/schema.org\",\"@graph\":[{\"@type\":\"WebPage\",\"@id\":\"https:\\\/\\\/www.megafortris.fr\\\/en\\\/about-us\\\/community-focus\\\/promise-home-a-giveback-to-society\\\/\",\"url\":\"https:\\\/\\\/www.megafortris.fr\\\/en\\\/about-us\\\/community-focus\\\/promise-home-a-giveback-to-society\\\/\",\"name\":\"Promise Home - A Giveback to Society - Mega Fortris France\",\"isPartOf\":{\"@id\":\"https:\\\/\\\/www.megafortris.fr\\\/en\\\/#website\"},\"datePublished\":\"2023-12-05T15:57:01+00:00\",\"dateModified\":\"2024-12-23T08:57:32+00:00\",\"breadcrumb\":{\"@id\":\"https:\\\/\\\/www.megafortris.fr\\\/en\\\/about-us\\\/community-focus\\\/promise-home-a-giveback-to-society\\\/#breadcrumb\"},\"inLanguage\":\"en-US\",\"potentialAction\":[{\"@type\":\"ReadAction\",\"target\":[\"https:\\\/\\\/www.megafortris.fr\\\/en\\\/about-us\\\/community-focus\\\/promise-home-a-giveback-to-society\\\/\"]}]},{\"@type\":\"BreadcrumbList\",\"@id\":\"https:\\\/\\\/www.megafortris.fr\\\/en\\\/about-us\\\/community-focus\\\/promise-home-a-giveback-to-society\\\/#breadcrumb\",\"itemListElement\":[{\"@type\":\"ListItem\",\"position\":1,\"name\":\"Home\",\"item\":\"https:\\\/\\\/www.megafortris.fr\\\/en\\\/\"},{\"@type\":\"ListItem\",\"position\":2,\"name\":\"About Us\",\"item\":\"https:\\\/\\\/www.megafortris.fr\\\/en\\\/about-us\\\/\"},{\"@type\":\"ListItem\",\"position\":3,\"name\":\"Community Focus\",\"item\":\"https:\\\/\\\/www.megafortris.fr\\\/en\\\/a-propos-de-nous\\\/engagement-communautaire\\\/\"},{\"@type\":\"ListItem\",\"position\":4,\"name\":\"Promise Home &#8211; A Giveback to Society\"}]},{\"@type\":\"WebSite\",\"@id\":\"https:\\\/\\\/www.megafortris.fr\\\/en\\\/#website\",\"url\":\"https:\\\/\\\/www.megafortris.fr\\\/en\\\/\",\"name\":\"Mega Fortris France\",\"description\":\"Pr\u00e9vention-Protection-S\u00e9r\u00e9nit\u00e9\",\"publisher\":{\"@id\":\"https:\\\/\\\/www.megafortris.fr\\\/en\\\/#organization\"},\"potentialAction\":[{\"@type\":\"SearchAction\",\"target\":{\"@type\":\"EntryPoint\",\"urlTemplate\":\"https:\\\/\\\/www.megafortris.fr\\\/en\\\/?s={search_term_string}\"},\"query-input\":{\"@type\":\"PropertyValueSpecification\",\"valueRequired\":true,\"valueName\":\"search_term_string\"}}],\"inLanguage\":\"en-US\"},{\"@type\":\"Organization\",\"@id\":\"https:\\\/\\\/www.megafortris.fr\\\/en\\\/#organization\",\"name\":\"Mega Fortris France\",\"url\":\"https:\\\/\\\/www.megafortris.fr\\\/en\\\/\",\"logo\":{\"@type\":\"ImageObject\",\"inLanguage\":\"en-US\",\"@id\":\"https:\\\/\\\/www.megafortris.fr\\\/en\\\/#\\\/schema\\\/logo\\\/image\\\/\",\"url\":\"https:\\\/\\\/www.megafortris.fr\\\/wp-content\\\/uploads\\\/2023\\\/10\\\/logo.png\",\"contentUrl\":\"https:\\\/\\\/www.megafortris.fr\\\/wp-content\\\/uploads\\\/2023\\\/10\\\/logo.png\",\"width\":510,\"height\":510,\"caption\":\"Mega Fortris France\"},\"image\":{\"@id\":\"https:\\\/\\\/www.megafortris.fr\\\/en\\\/#\\\/schema\\\/logo\\\/image\\\/\"}}]}<\/script>\n<!-- \/ Yoast SEO plugin. -->","yoast_head_json":{"title":"Promise Home - A Giveback to Society - Mega Fortris France","robots":{"index":"index","follow":"follow","max-snippet":"max-snippet:-1","max-image-preview":"max-image-preview:large","max-video-preview":"max-video-preview:-1"},"canonical":"https:\/\/www.megafortris.fr\/en\/about-us\/community-focus\/promise-home-a-giveback-to-society\/","og_locale":"en_US","og_type":"article","og_title":"Promise Home - A Giveback to Society - Mega Fortris France","og_description":"Mega Fortris Group understands the importance of reducing its environmental footprint, by active participation in human rights and environmental causes. Mega Fortris Group\u2019s \u201clocal community well-being initiative\u201d is aimed at improving the lives of less-fortunate communities in Malaysia. \u201cPromise Home\u201d stands as a cornerstone among our initiatives dedicated to enhancing the welfare of our local community, with a special emphasis on nurturing and empowering future generations. Situated in Kota Kemuning, Promise Home supports children from the surrounding community by offering them access to free education and initiatives aimed at improving their health conditions. Promise Home is currently taking care of children with ages ranging from 7 to 12 years old. These children are from 4 different villages around Slim River. Fortunately, the children in this home are enrolled in government schools and have attained excellent results. We took this opportunity to contribute by organising a couple of activities this year for this home. Food Donations Earlier this year we made a food donation to the home, providing the children with basic necessities such as rice, biscuits, eggs and other daily food items. With the generosity of everyone, we managed to donate a substantial amount of food to them. Lunch with Children of Promise Home In conjunction with Mother\u2019s Day, we organised a lunch get-together with the children. This lunch get-together allowed us to spend quality time in fellowship with\u00a0the\u00a0children.","og_url":"https:\/\/www.megafortris.fr\/en\/about-us\/community-focus\/promise-home-a-giveback-to-society\/","og_site_name":"Mega Fortris France","article_modified_time":"2024-12-23T08:57:32+00:00","twitter_card":"summary_large_image","twitter_misc":{"Est. reading time":"2 minutes"},"schema":{"@context":"https:\/\/schema.org","@graph":[{"@type":"WebPage","@id":"https:\/\/www.megafortris.fr\/en\/about-us\/community-focus\/promise-home-a-giveback-to-society\/","url":"https:\/\/www.megafortris.fr\/en\/about-us\/community-focus\/promise-home-a-giveback-to-society\/","name":"Promise Home - A Giveback to Society - Mega Fortris France","isPartOf":{"@id":"https:\/\/www.megafortris.fr\/en\/#website"},"datePublished":"2023-12-05T15:57:01+00:00","dateModified":"2024-12-23T08:57:32+00:00","breadcrumb":{"@id":"https:\/\/www.megafortris.fr\/en\/about-us\/community-focus\/promise-home-a-giveback-to-society\/#breadcrumb"},"inLanguage":"en-US","potentialAction":[{"@type":"ReadAction","target":["https:\/\/www.megafortris.fr\/en\/about-us\/community-focus\/promise-home-a-giveback-to-society\/"]}]},{"@type":"BreadcrumbList","@id":"https:\/\/www.megafortris.fr\/en\/about-us\/community-focus\/promise-home-a-giveback-to-society\/#breadcrumb","itemListElement":[{"@type":"ListItem","position":1,"name":"Home","item":"https:\/\/www.megafortris.fr\/en\/"},{"@type":"ListItem","position":2,"name":"About Us","item":"https:\/\/www.megafortris.fr\/en\/about-us\/"},{"@type":"ListItem","position":3,"name":"Community Focus","item":"https:\/\/www.megafortris.fr\/en\/a-propos-de-nous\/engagement-communautaire\/"},{"@type":"ListItem","position":4,"name":"Promise Home &#8211; A Giveback to Society"}]},{"@type":"WebSite","@id":"https:\/\/www.megafortris.fr\/en\/#website","url":"https:\/\/www.megafortris.fr\/en\/","name":"Mega Fortris France","description":"Pr\u00e9vention-Protection-S\u00e9r\u00e9nit\u00e9","publisher":{"@id":"https:\/\/www.megafortris.fr\/en\/#organization"},"potentialAction":[{"@type":"SearchAction","target":{"@type":"EntryPoint","urlTemplate":"https:\/\/www.megafortris.fr\/en\/?s={search_term_string}"},"query-input":{"@type":"PropertyValueSpecification","valueRequired":true,"valueName":"search_term_string"}}],"inLanguage":"en-US"},{"@type":"Organization","@id":"https:\/\/www.megafortris.fr\/en\/#organization","name":"Mega Fortris France","url":"https:\/\/www.megafortris.fr\/en\/","logo":{"@type":"ImageObject","inLanguage":"en-US","@id":"https:\/\/www.megafortris.fr\/en\/#\/schema\/logo\/image\/","url":"https:\/\/www.megafortris.fr\/wp-content\/uploads\/2023\/10\/logo.png","contentUrl":"https:\/\/www.megafortris.fr\/wp-content\/uploads\/2023\/10\/logo.png","width":510,"height":510,"caption":"Mega Fortris France"},"image":{"@id":"https:\/\/www.megafortris.fr\/en\/#\/schema\/logo\/image\/"}}]}},"_links":{"self":[{"href":"https:\/\/www.megafortris.fr\/en\/wp-json\/wp\/v2\/pages\/2196","targetHints":{"allow":["GET"]}}],"collection":[{"href":"https:\/\/www.megafortris.fr\/en\/wp-json\/wp\/v2\/pages"}],"about":[{"href":"https:\/\/www.megafortris.fr\/en\/wp-json\/wp\/v2\/types\/page"}],"author":[{"embeddable":true,"href":"https:\/\/www.megafortris.fr\/en\/wp-json\/wp\/v2\/users\/999"}],"replies":[{"embeddable":true,"href":"https:\/\/www.megafortris.fr\/en\/wp-json\/wp\/v2\/comments?post=2196"}],"version-history":[{"count":0,"href":"https:\/\/www.megafortris.fr\/en\/wp-json\/wp\/v2\/pages\/2196\/revisions"}],"up":[{"embeddable":true,"href":"https:\/\/www.megafortris.fr\/en\/wp-json\/wp\/v2\/pages\/2190"}],"wp:attachment":[{"href":"https:\/\/www.megafortris.fr\/en\/wp-json\/wp\/v2\/media?parent=2196"}],"curies":[{"name":"wp","href":"https:\/\/api.w.org\/{rel}","templated":true}]}}