{"id":2206,"date":"2023-12-05T15:58:35","date_gmt":"2023-12-05T15:58:35","guid":{"rendered":"https:\/\/mfcorpnew.flywheelstaging.com\/?page_id=2206"},"modified":"2024-12-23T09:00:23","modified_gmt":"2024-12-23T09:00:23","slug":"empowerment-of-rural-women-in-longhouse-at-limbang-sarawak","status":"publish","type":"page","link":"https:\/\/www.megafortris.fr\/en\/about-us\/community-focus\/empowerment-of-rural-women-in-longhouse-at-limbang-sarawak\/","title":{"rendered":"Empowerment of Rural Women in Longhouse at Limbang, Sarawak"},"content":{"rendered":"\t\t<div data-elementor-type=\"wp-page\" data-elementor-id=\"2206\" class=\"elementor elementor-2206\" wpc-filter-elementor-widget=\"1\" data-elementor-post-type=\"page\">\n\t\t\t\t\t\t<section class=\"has_eae_slider elementor-section elementor-top-section elementor-element elementor-element-be996c0 elementor-section-boxed elementor-section-height-default elementor-section-height-default wpr-particle-no wpr-jarallax-no wpr-parallax-no wpr-sticky-section-no wpr-equal-height-no\" data-eae-slider=\"19784\" data-id=\"be996c0\" data-element_type=\"section\" data-e-type=\"section\">\n\t\t\t\t\t\t<div class=\"elementor-container elementor-column-gap-no\">\n\t\t\t\t\t<div class=\"has_eae_slider elementor-column elementor-col-100 elementor-top-column elementor-element elementor-element-e23fe98\" data-eae-slider=\"79375\" data-id=\"e23fe98\" data-element_type=\"column\" data-e-type=\"column\">\n\t\t\t<div class=\"elementor-widget-wrap elementor-element-populated\">\n\t\t\t\t\t\t<div class=\"elementor-element elementor-element-203a30f elementor-widget elementor-widget-slider_revolution\" data-id=\"203a30f\" data-element_type=\"widget\" data-e-type=\"widget\" data-widget_type=\"slider_revolution.default\">\n\t\t\t\t<div class=\"elementor-widget-container\">\n\t\t\t\t\t\n\t\t<div class=\"wp-block-themepunch-revslider\">\n\t\t\t\t<p class=\"rs-p-wp-fix\"><\/p>\n\t\t\t\t<sr7-module data-alias=\"subbpages\" data-id=\"4\" id=\"SR7_4_1\" class=\"rs-ov-hidden\" data-version=\"6.7.53\">\n\t\t\t\t\t<sr7-adjuster><\/sr7-adjuster>\n\t\t\t\t\t<sr7-content>\n\t\t\t\t\t\t<sr7-slide id=\"SR7_4_1-2STR1\" data-key=\"2STR1\">\n\t\t\t\t\t\t\t<sr7-txt id=\"SR7_4_1-2STR1-1\" class=\"sr7-layer\">Empowerment of Rural Women in Longhouse at Limbang, Sarawak<\/sr7-txt>\n\t\t\t\t\t\t<\/sr7-slide>\n\t\t\t\t\t\t<sr7-slide id=\"SR7_4_1-24\" data-key=\"24\">\n\t\t\t\t\t\t<\/sr7-slide>\n\t\t\t\t\t<\/sr7-content>\n\t\t\t\t<\/sr7-module>\n\t\t\t\t<script>\n\t\t\t\t\twindow.SR7 ??={};SR7.PMH ??={}; SR7.PMH[\"SR7_4_1\"] = {cn:100,state:false,fn: function() { if (window._tpt!==undefined && window._tpt.prepareModuleHeight !== undefined) {  _tpt.prepareModuleHeight({id:\"SR7_4_1\",el:[150,150,150,150,150],type:'standard',shdw:'0',gh:[150,150,150,150,150],gw:[1386,1386,1386,778,480],vpt:['100px&#039;,&#039;100px&#039;,&#039;100px&#039;,&#039;100px&#039;,&#039;100px'],size:{fullWidth:true, fullHeight:false},mh:'0',onh:0,onw:0,bg:{color:'{\"orig\":\"transparent\",\"type\":\"solid\",\"string\":\"transparent\"}'}});   SR7.PMH[\"SR7_4_1\"].state=true;} else if(SR7.PMH[\"SR7_4_1\"].cn-->0)\tsetTimeout( SR7.PMH[\"SR7_4_1\"].fn,19);}};SR7.PMH[\"SR7_4_1\" ].fn();\n\t\t\t\t<\/script>\n<\/div>\n\n\t\t\t\t\t\t<\/div>\n\t\t\t\t<\/div>\n\t\t\t\t\t<\/div>\n\t\t<\/div>\n\t\t\t\t\t<\/div>\n\t\t<\/section>\n\t\t\t\t<section class=\"has_eae_slider elementor-section elementor-top-section elementor-element elementor-element-61b2cee elementor-section-boxed elementor-section-height-default elementor-section-height-default wpr-particle-no wpr-jarallax-no wpr-parallax-no wpr-sticky-section-no wpr-equal-height-no\" data-eae-slider=\"94528\" data-id=\"61b2cee\" data-element_type=\"section\" data-e-type=\"section\" data-settings=\"{&quot;background_background&quot;:&quot;classic&quot;}\">\n\t\t\t\t\t\t<div class=\"elementor-container elementor-column-gap-default\">\n\t\t\t\t\t<div class=\"has_eae_slider elementor-column elementor-col-100 elementor-top-column elementor-element elementor-element-ba96aac\" data-eae-slider=\"27868\" data-id=\"ba96aac\" data-element_type=\"column\" data-e-type=\"column\">\n\t\t\t<div class=\"elementor-widget-wrap elementor-element-populated\">\n\t\t\t\t\t\t<section class=\"has_eae_slider elementor-section elementor-inner-section elementor-element elementor-element-c2447ca elementor-section-content-middle elementor-section-boxed elementor-section-height-default elementor-section-height-default wpr-particle-no wpr-jarallax-no wpr-parallax-no wpr-sticky-section-no wpr-equal-height-no\" data-eae-slider=\"24087\" data-id=\"c2447ca\" data-element_type=\"section\" data-e-type=\"section\">\n\t\t\t\t\t\t<div class=\"elementor-container elementor-column-gap-default\">\n\t\t\t\t\t<div class=\"has_eae_slider elementor-column elementor-col-50 elementor-inner-column elementor-element elementor-element-82b82c5 elementor-invisible\" data-eae-slider=\"69264\" data-id=\"82b82c5\" data-element_type=\"column\" data-e-type=\"column\" data-settings=\"{&quot;animation&quot;:&quot;fadeInLeft&quot;}\">\n\t\t\t<div class=\"elementor-widget-wrap elementor-element-populated\">\n\t\t\t\t\t\t<div class=\"elementor-element elementor-element-224467a elementor-widget elementor-widget-text-editor\" data-id=\"224467a\" data-element_type=\"widget\" data-e-type=\"widget\" data-widget_type=\"text-editor.default\">\n\t\t\t\t<div class=\"elementor-widget-container\">\n\t\t\t\t\t\t\t\t\t<p>The Women Empowerment Project in Sarawak is a long-term CSR initiative supported by Mega Fortris to boost the well-being of Iban women in a native rural area of Sarawak, under the banner of Mega Fortris Jari Indai Cares. The Mendamit Longhouse, which accommodates 43 families and 35 children under the age of 12, is the focus of this empowerment program.<\/p><p>Mega Fortris Jari Indai Cares\u2019 mission is to create sustainable income for families and children. The women in the longhouse are skilful in creating hand-made woven tote bags with native Borneo designs \u2013 a unique handicraft product from Malaysia. Mega Fortris Jari Indai Cares ensures that the products produced by the Mendamit Longhouse womenfolk will be marketed through Mega Fortris global subsidiaries. This initiative would further enhance their livelihood by enabling a sustainable income for the\u00a0women\u00a0weavers.<\/p>\t\t\t\t\t\t\t\t<\/div>\n\t\t\t\t<\/div>\n\t\t\t\t\t<\/div>\n\t\t<\/div>\n\t\t\t\t<div class=\"has_eae_slider elementor-column elementor-col-50 elementor-inner-column elementor-element elementor-element-aabc30c elementor-invisible\" data-eae-slider=\"81716\" data-id=\"aabc30c\" data-element_type=\"column\" data-e-type=\"column\" data-settings=\"{&quot;animation&quot;:&quot;fadeInRight&quot;}\">\n\t\t\t<div class=\"elementor-widget-wrap elementor-element-populated\">\n\t\t\t\t\t\t<div class=\"elementor-element elementor-element-5d73b8f elementor-widget elementor-widget-heading\" data-id=\"5d73b8f\" data-element_type=\"widget\" data-e-type=\"widget\" data-widget_type=\"heading.default\">\n\t\t\t\t<div class=\"elementor-widget-container\">\n\t\t\t\t\t<h2 class=\"elementor-heading-title elementor-size-default\">MF Jari Indai Cares<\/h2>\t\t\t\t<\/div>\n\t\t\t\t<\/div>\n\t\t\t\t<div class=\"elementor-element elementor-element-67a15e9 elementor-widget elementor-widget-video\" data-id=\"67a15e9\" data-element_type=\"widget\" data-e-type=\"widget\" data-settings=\"{&quot;youtube_url&quot;:&quot;https:\\\/\\\/youtu.be\\\/N7sFH_jNJ5w&quot;,&quot;video_type&quot;:&quot;youtube&quot;,&quot;controls&quot;:&quot;yes&quot;}\" data-widget_type=\"video.default\">\n\t\t\t\t<div class=\"elementor-widget-container\">\n\t\t\t\t\t\t\t<div class=\"elementor-wrapper elementor-open-inline\">\n\t\t\t<div class=\"elementor-video\"><\/div>\t\t<\/div>\n\t\t\t\t\t\t<\/div>\n\t\t\t\t<\/div>\n\t\t\t\t\t<\/div>\n\t\t<\/div>\n\t\t\t\t\t<\/div>\n\t\t<\/section>\n\t\t\t\t\t<\/div>\n\t\t<\/div>\n\t\t\t\t\t<\/div>\n\t\t<\/section>\n\t\t\t\t<\/div>\n\t\t","protected":false},"excerpt":{"rendered":"<p>The Women Empowerment Project in Sarawak is a long-term CSR initiative supported by Mega Fortris to boost the well-being of Iban women in a native rural area of Sarawak, under the banner of Mega Fortris Jari Indai Cares. The Mendamit Longhouse, which accommodates 43 families and 35 children under the age of 12, is the focus of this empowerment program. Mega Fortris Jari Indai Cares\u2019 mission is to create sustainable income for families and children. The women in the longhouse are skilful in creating hand-made woven tote bags with native Borneo designs \u2013 a unique handicraft product from Malaysia. Mega Fortris Jari Indai Cares ensures that the products produced by the Mendamit Longhouse womenfolk will be marketed through Mega Fortris global subsidiaries. This initiative would further enhance their livelihood by enabling a sustainable income for the\u00a0women\u00a0weavers. MF Jari Indai Cares<\/p>\n","protected":false},"author":999,"featured_media":0,"parent":2190,"menu_order":0,"comment_status":"closed","ping_status":"closed","template":"","meta":{"_acf_changed":false,"inline_featured_image":false,"footnotes":""},"class_list":["post-2206","page","type-page","status-publish","hentry"],"acf":[],"yoast_head":"<!-- This site is optimized with the Yoast SEO plugin v27.5 - https:\/\/yoast.com\/product\/yoast-seo-wordpress\/ -->\n<title>Empowerment of Rural Women in Longhouse at Limbang, Sarawak - Mega Fortris France<\/title>\n<meta name=\"robots\" content=\"index, follow, max-snippet:-1, max-image-preview:large, max-video-preview:-1\" \/>\n<link rel=\"canonical\" href=\"https:\/\/www.megafortris.fr\/en\/about-us\/community-focus\/empowerment-of-rural-women-in-longhouse-at-limbang-sarawak\/\" \/>\n<meta property=\"og:locale\" content=\"en_US\" \/>\n<meta property=\"og:type\" content=\"article\" \/>\n<meta property=\"og:title\" content=\"Empowerment of Rural Women in Longhouse at Limbang, Sarawak - Mega Fortris France\" \/>\n<meta property=\"og:description\" content=\"The Women Empowerment Project in Sarawak is a long-term CSR initiative supported by Mega Fortris to boost the well-being of Iban women in a native rural area of Sarawak, under the banner of Mega Fortris Jari Indai Cares. The Mendamit Longhouse, which accommodates 43 families and 35 children under the age of 12, is the focus of this empowerment program. Mega Fortris Jari Indai Cares\u2019 mission is to create sustainable income for families and children. The women in the longhouse are skilful in creating hand-made woven tote bags with native Borneo designs \u2013 a unique handicraft product from Malaysia. Mega Fortris Jari Indai Cares ensures that the products produced by the Mendamit Longhouse womenfolk will be marketed through Mega Fortris global subsidiaries. This initiative would further enhance their livelihood by enabling a sustainable income for the\u00a0women\u00a0weavers. MF Jari Indai Cares\" \/>\n<meta property=\"og:url\" content=\"https:\/\/www.megafortris.fr\/en\/about-us\/community-focus\/empowerment-of-rural-women-in-longhouse-at-limbang-sarawak\/\" \/>\n<meta property=\"og:site_name\" content=\"Mega Fortris France\" \/>\n<meta property=\"article:modified_time\" content=\"2024-12-23T09:00:23+00:00\" \/>\n<meta name=\"twitter:card\" content=\"summary_large_image\" \/>\n<meta name=\"twitter:label1\" content=\"Est. reading time\" \/>\n\t<meta name=\"twitter:data1\" content=\"1 minute\" \/>\n<script type=\"application\/ld+json\" class=\"yoast-schema-graph\">{\"@context\":\"https:\\\/\\\/schema.org\",\"@graph\":[{\"@type\":\"WebPage\",\"@id\":\"https:\\\/\\\/www.megafortris.fr\\\/en\\\/about-us\\\/community-focus\\\/empowerment-of-rural-women-in-longhouse-at-limbang-sarawak\\\/\",\"url\":\"https:\\\/\\\/www.megafortris.fr\\\/en\\\/about-us\\\/community-focus\\\/empowerment-of-rural-women-in-longhouse-at-limbang-sarawak\\\/\",\"name\":\"Empowerment of Rural Women in Longhouse at Limbang, Sarawak - Mega Fortris France\",\"isPartOf\":{\"@id\":\"https:\\\/\\\/www.megafortris.fr\\\/en\\\/#website\"},\"datePublished\":\"2023-12-05T15:58:35+00:00\",\"dateModified\":\"2024-12-23T09:00:23+00:00\",\"breadcrumb\":{\"@id\":\"https:\\\/\\\/www.megafortris.fr\\\/en\\\/about-us\\\/community-focus\\\/empowerment-of-rural-women-in-longhouse-at-limbang-sarawak\\\/#breadcrumb\"},\"inLanguage\":\"en-US\",\"potentialAction\":[{\"@type\":\"ReadAction\",\"target\":[\"https:\\\/\\\/www.megafortris.fr\\\/en\\\/about-us\\\/community-focus\\\/empowerment-of-rural-women-in-longhouse-at-limbang-sarawak\\\/\"]}]},{\"@type\":\"BreadcrumbList\",\"@id\":\"https:\\\/\\\/www.megafortris.fr\\\/en\\\/about-us\\\/community-focus\\\/empowerment-of-rural-women-in-longhouse-at-limbang-sarawak\\\/#breadcrumb\",\"itemListElement\":[{\"@type\":\"ListItem\",\"position\":1,\"name\":\"Home\",\"item\":\"https:\\\/\\\/www.megafortris.fr\\\/en\\\/\"},{\"@type\":\"ListItem\",\"position\":2,\"name\":\"About Us\",\"item\":\"https:\\\/\\\/www.megafortris.fr\\\/en\\\/about-us\\\/\"},{\"@type\":\"ListItem\",\"position\":3,\"name\":\"Community Focus\",\"item\":\"https:\\\/\\\/www.megafortris.fr\\\/en\\\/a-propos-de-nous\\\/engagement-communautaire\\\/\"},{\"@type\":\"ListItem\",\"position\":4,\"name\":\"Empowerment of Rural Women in Longhouse at Limbang, Sarawak\"}]},{\"@type\":\"WebSite\",\"@id\":\"https:\\\/\\\/www.megafortris.fr\\\/en\\\/#website\",\"url\":\"https:\\\/\\\/www.megafortris.fr\\\/en\\\/\",\"name\":\"Mega Fortris France\",\"description\":\"Pr\u00e9vention-Protection-S\u00e9r\u00e9nit\u00e9\",\"publisher\":{\"@id\":\"https:\\\/\\\/www.megafortris.fr\\\/en\\\/#organization\"},\"potentialAction\":[{\"@type\":\"SearchAction\",\"target\":{\"@type\":\"EntryPoint\",\"urlTemplate\":\"https:\\\/\\\/www.megafortris.fr\\\/en\\\/?s={search_term_string}\"},\"query-input\":{\"@type\":\"PropertyValueSpecification\",\"valueRequired\":true,\"valueName\":\"search_term_string\"}}],\"inLanguage\":\"en-US\"},{\"@type\":\"Organization\",\"@id\":\"https:\\\/\\\/www.megafortris.fr\\\/en\\\/#organization\",\"name\":\"Mega Fortris France\",\"url\":\"https:\\\/\\\/www.megafortris.fr\\\/en\\\/\",\"logo\":{\"@type\":\"ImageObject\",\"inLanguage\":\"en-US\",\"@id\":\"https:\\\/\\\/www.megafortris.fr\\\/en\\\/#\\\/schema\\\/logo\\\/image\\\/\",\"url\":\"https:\\\/\\\/www.megafortris.fr\\\/wp-content\\\/uploads\\\/2023\\\/10\\\/logo.png\",\"contentUrl\":\"https:\\\/\\\/www.megafortris.fr\\\/wp-content\\\/uploads\\\/2023\\\/10\\\/logo.png\",\"width\":510,\"height\":510,\"caption\":\"Mega Fortris France\"},\"image\":{\"@id\":\"https:\\\/\\\/www.megafortris.fr\\\/en\\\/#\\\/schema\\\/logo\\\/image\\\/\"}}]}<\/script>\n<!-- \/ Yoast SEO plugin. -->","yoast_head_json":{"title":"Empowerment of Rural Women in Longhouse at Limbang, Sarawak - Mega Fortris France","robots":{"index":"index","follow":"follow","max-snippet":"max-snippet:-1","max-image-preview":"max-image-preview:large","max-video-preview":"max-video-preview:-1"},"canonical":"https:\/\/www.megafortris.fr\/en\/about-us\/community-focus\/empowerment-of-rural-women-in-longhouse-at-limbang-sarawak\/","og_locale":"en_US","og_type":"article","og_title":"Empowerment of Rural Women in Longhouse at Limbang, Sarawak - Mega Fortris France","og_description":"The Women Empowerment Project in Sarawak is a long-term CSR initiative supported by Mega Fortris to boost the well-being of Iban women in a native rural area of Sarawak, under the banner of Mega Fortris Jari Indai Cares. The Mendamit Longhouse, which accommodates 43 families and 35 children under the age of 12, is the focus of this empowerment program. Mega Fortris Jari Indai Cares\u2019 mission is to create sustainable income for families and children. The women in the longhouse are skilful in creating hand-made woven tote bags with native Borneo designs \u2013 a unique handicraft product from Malaysia. Mega Fortris Jari Indai Cares ensures that the products produced by the Mendamit Longhouse womenfolk will be marketed through Mega Fortris global subsidiaries. This initiative would further enhance their livelihood by enabling a sustainable income for the\u00a0women\u00a0weavers. MF Jari Indai Cares","og_url":"https:\/\/www.megafortris.fr\/en\/about-us\/community-focus\/empowerment-of-rural-women-in-longhouse-at-limbang-sarawak\/","og_site_name":"Mega Fortris France","article_modified_time":"2024-12-23T09:00:23+00:00","twitter_card":"summary_large_image","twitter_misc":{"Est. reading time":"1 minute"},"schema":{"@context":"https:\/\/schema.org","@graph":[{"@type":"WebPage","@id":"https:\/\/www.megafortris.fr\/en\/about-us\/community-focus\/empowerment-of-rural-women-in-longhouse-at-limbang-sarawak\/","url":"https:\/\/www.megafortris.fr\/en\/about-us\/community-focus\/empowerment-of-rural-women-in-longhouse-at-limbang-sarawak\/","name":"Empowerment of Rural Women in Longhouse at Limbang, Sarawak - Mega Fortris France","isPartOf":{"@id":"https:\/\/www.megafortris.fr\/en\/#website"},"datePublished":"2023-12-05T15:58:35+00:00","dateModified":"2024-12-23T09:00:23+00:00","breadcrumb":{"@id":"https:\/\/www.megafortris.fr\/en\/about-us\/community-focus\/empowerment-of-rural-women-in-longhouse-at-limbang-sarawak\/#breadcrumb"},"inLanguage":"en-US","potentialAction":[{"@type":"ReadAction","target":["https:\/\/www.megafortris.fr\/en\/about-us\/community-focus\/empowerment-of-rural-women-in-longhouse-at-limbang-sarawak\/"]}]},{"@type":"BreadcrumbList","@id":"https:\/\/www.megafortris.fr\/en\/about-us\/community-focus\/empowerment-of-rural-women-in-longhouse-at-limbang-sarawak\/#breadcrumb","itemListElement":[{"@type":"ListItem","position":1,"name":"Home","item":"https:\/\/www.megafortris.fr\/en\/"},{"@type":"ListItem","position":2,"name":"About Us","item":"https:\/\/www.megafortris.fr\/en\/about-us\/"},{"@type":"ListItem","position":3,"name":"Community Focus","item":"https:\/\/www.megafortris.fr\/en\/a-propos-de-nous\/engagement-communautaire\/"},{"@type":"ListItem","position":4,"name":"Empowerment of Rural Women in Longhouse at Limbang, Sarawak"}]},{"@type":"WebSite","@id":"https:\/\/www.megafortris.fr\/en\/#website","url":"https:\/\/www.megafortris.fr\/en\/","name":"Mega Fortris France","description":"Pr\u00e9vention-Protection-S\u00e9r\u00e9nit\u00e9","publisher":{"@id":"https:\/\/www.megafortris.fr\/en\/#organization"},"potentialAction":[{"@type":"SearchAction","target":{"@type":"EntryPoint","urlTemplate":"https:\/\/www.megafortris.fr\/en\/?s={search_term_string}"},"query-input":{"@type":"PropertyValueSpecification","valueRequired":true,"valueName":"search_term_string"}}],"inLanguage":"en-US"},{"@type":"Organization","@id":"https:\/\/www.megafortris.fr\/en\/#organization","name":"Mega Fortris France","url":"https:\/\/www.megafortris.fr\/en\/","logo":{"@type":"ImageObject","inLanguage":"en-US","@id":"https:\/\/www.megafortris.fr\/en\/#\/schema\/logo\/image\/","url":"https:\/\/www.megafortris.fr\/wp-content\/uploads\/2023\/10\/logo.png","contentUrl":"https:\/\/www.megafortris.fr\/wp-content\/uploads\/2023\/10\/logo.png","width":510,"height":510,"caption":"Mega Fortris France"},"image":{"@id":"https:\/\/www.megafortris.fr\/en\/#\/schema\/logo\/image\/"}}]}},"_links":{"self":[{"href":"https:\/\/www.megafortris.fr\/en\/wp-json\/wp\/v2\/pages\/2206","targetHints":{"allow":["GET"]}}],"collection":[{"href":"https:\/\/www.megafortris.fr\/en\/wp-json\/wp\/v2\/pages"}],"about":[{"href":"https:\/\/www.megafortris.fr\/en\/wp-json\/wp\/v2\/types\/page"}],"author":[{"embeddable":true,"href":"https:\/\/www.megafortris.fr\/en\/wp-json\/wp\/v2\/users\/999"}],"replies":[{"embeddable":true,"href":"https:\/\/www.megafortris.fr\/en\/wp-json\/wp\/v2\/comments?post=2206"}],"version-history":[{"count":0,"href":"https:\/\/www.megafortris.fr\/en\/wp-json\/wp\/v2\/pages\/2206\/revisions"}],"up":[{"embeddable":true,"href":"https:\/\/www.megafortris.fr\/en\/wp-json\/wp\/v2\/pages\/2190"}],"wp:attachment":[{"href":"https:\/\/www.megafortris.fr\/en\/wp-json\/wp\/v2\/media?parent=2206"}],"curies":[{"name":"wp","href":"https:\/\/api.w.org\/{rel}","templated":true}]}}