{"id":10427,"date":"2025-01-08T03:23:42","date_gmt":"2025-01-08T03:23:42","guid":{"rendered":"https:\/\/www.megafortris.fr\/?post_type=product&#038;p=10427"},"modified":"2025-12-29T22:01:04","modified_gmt":"2025-12-29T21:01:04","slug":"fort-tight-seal-fts","status":"publish","type":"product","link":"https:\/\/www.megafortris.fr\/en\/product\/fort-tight-seal-fts\/","title":{"rendered":"Fort Tight Seal (FTS)"},"content":{"rendered":"<p>1. The Fort Tight Seal is moulded with Polypropylene (PP) material with one piece moulding process, and equip with geater security and clear evidence of tampering.<br \/>\n2. One-way locking mechanism is embedded for fast and easy application.<br \/>\n3. Irreversible identifiers such as name, logo, barcode, serial number and QR code are laser-marked on the flap.<br \/>\n4. Tear-off (TO) available for easy removal.<br \/>\n5. These seals include the BioSphere bio-additive.<br \/>\n6. Label tag on the side allows for additional tagging and better security.<\/p>\n","protected":false},"excerpt":{"rendered":"<p>Small and sophisticated design for comprehensive security and authentication. Fort Tight Seal is easy to use, compact and perfect for small-sized sealing requirements. It is designed with a slim structure to mainly suit its smaller locking latches application. This delicately designed seal is suitable for security and authentication purposes with saving space in mind. These seals include the BioSphere bio-additive.<\/p>\n<p>To provide eco-conscious solutions on a wide array of applications, all Mega Fortris\u2019 security seal product lines with plastic content will include the BioSphere bio-additive from 13th May 2024.<\/p>\n","protected":false},"featured_media":10445,"template":"","meta":{"_acf_changed":false,"inline_featured_image":false},"product_brand":[],"product_cat":[201,34,35,37],"product_tag":[206,234],"product-type":[313,341],"class_list":{"0":"post-10427","1":"product","2":"type-product","3":"status-publish","4":"has-post-thumbnail","6":"product_cat-banking","7":"product_cat-logistics","8":"product_cat-oil-and-gas","9":"product_cat-retail","10":"product_tag-indicative-seals","11":"product_tag-pull-tight-seals","12":"product-type-indicative-seals","13":"product-type-pull-tight-seals","15":"first","16":"instock","17":"shipping-taxable","18":"purchasable","19":"product-type-variable"},"acf":[],"yoast_head":"<!-- This site is optimized with the Yoast SEO plugin v27.5 - https:\/\/yoast.com\/product\/yoast-seo-wordpress\/ -->\n<title>Fort Tight Seal (FTS) - Mega Fortris France<\/title>\n<meta name=\"robots\" content=\"index, follow, max-snippet:-1, max-image-preview:large, max-video-preview:-1\" \/>\n<link rel=\"canonical\" href=\"https:\/\/www.megafortris.fr\/en\/product\/fort-tight-seal-fts\/\" \/>\n<meta property=\"og:locale\" content=\"en_US\" \/>\n<meta property=\"og:type\" content=\"article\" \/>\n<meta property=\"og:title\" content=\"Fort Tight Seal (FTS) - Mega Fortris France\" \/>\n<meta property=\"og:description\" content=\"Small and sophisticated design for comprehensive security and authentication. Fort Tight Seal is easy to use, compact and perfect for small-sized sealing requirements. It is designed with a slim structure to mainly suit its smaller locking latches application. This delicately designed seal is suitable for security and authentication purposes with saving space in mind. These seals include the BioSphere bio-additive.  To provide eco-conscious solutions on a wide array of applications, all Mega Fortris\u2019 security seal product lines with plastic content will include the BioSphere bio-additive from 13th May 2024.\" \/>\n<meta property=\"og:url\" content=\"https:\/\/www.megafortris.fr\/en\/product\/fort-tight-seal-fts\/\" \/>\n<meta property=\"og:site_name\" content=\"Mega Fortris France\" \/>\n<meta property=\"article:modified_time\" content=\"2025-12-29T21:01:04+00:00\" \/>\n<meta property=\"og:image\" content=\"https:\/\/www.megafortris.fr\/wp-content\/uploads\/2025\/01\/THUMBNAIL-FTS-3.jpg\" \/>\n\t<meta property=\"og:image:width\" content=\"2000\" \/>\n\t<meta property=\"og:image:height\" content=\"2000\" \/>\n\t<meta property=\"og:image:type\" content=\"image\/jpeg\" \/>\n<meta name=\"twitter:card\" content=\"summary_large_image\" \/>\n<meta name=\"twitter:label1\" content=\"Est. reading time\" \/>\n\t<meta name=\"twitter:data1\" content=\"1 minute\" \/>\n<script type=\"application\/ld+json\" class=\"yoast-schema-graph\">{\"@context\":\"https:\\\/\\\/schema.org\",\"@graph\":[{\"@type\":\"WebPage\",\"@id\":\"https:\\\/\\\/www.megafortris.fr\\\/en\\\/product\\\/fort-tight-seal-fts\\\/\",\"url\":\"https:\\\/\\\/www.megafortris.fr\\\/en\\\/product\\\/fort-tight-seal-fts\\\/\",\"name\":\"Fort Tight Seal (FTS) - Mega Fortris France\",\"isPartOf\":{\"@id\":\"https:\\\/\\\/www.megafortris.fr\\\/en\\\/#website\"},\"primaryImageOfPage\":{\"@id\":\"https:\\\/\\\/www.megafortris.fr\\\/en\\\/product\\\/fort-tight-seal-fts\\\/#primaryimage\"},\"image\":{\"@id\":\"https:\\\/\\\/www.megafortris.fr\\\/en\\\/product\\\/fort-tight-seal-fts\\\/#primaryimage\"},\"thumbnailUrl\":\"https:\\\/\\\/www.megafortris.fr\\\/wp-content\\\/uploads\\\/2025\\\/01\\\/THUMBNAIL-FTS-3.jpg\",\"datePublished\":\"2025-01-08T03:23:42+00:00\",\"dateModified\":\"2025-12-29T21:01:04+00:00\",\"breadcrumb\":{\"@id\":\"https:\\\/\\\/www.megafortris.fr\\\/en\\\/product\\\/fort-tight-seal-fts\\\/#breadcrumb\"},\"inLanguage\":\"en-US\",\"potentialAction\":[{\"@type\":\"ReadAction\",\"target\":[\"https:\\\/\\\/www.megafortris.fr\\\/en\\\/product\\\/fort-tight-seal-fts\\\/\"]}]},{\"@type\":\"ImageObject\",\"inLanguage\":\"en-US\",\"@id\":\"https:\\\/\\\/www.megafortris.fr\\\/en\\\/product\\\/fort-tight-seal-fts\\\/#primaryimage\",\"url\":\"https:\\\/\\\/www.megafortris.fr\\\/wp-content\\\/uploads\\\/2025\\\/01\\\/THUMBNAIL-FTS-3.jpg\",\"contentUrl\":\"https:\\\/\\\/www.megafortris.fr\\\/wp-content\\\/uploads\\\/2025\\\/01\\\/THUMBNAIL-FTS-3.jpg\",\"width\":2000,\"height\":2000,\"caption\":\"Scell\u00e9 Fort Tight avec languette Tear-off\"},{\"@type\":\"BreadcrumbList\",\"@id\":\"https:\\\/\\\/www.megafortris.fr\\\/en\\\/product\\\/fort-tight-seal-fts\\\/#breadcrumb\",\"itemListElement\":[{\"@type\":\"ListItem\",\"position\":1,\"name\":\"Home\",\"item\":\"https:\\\/\\\/www.megafortris.fr\\\/en\\\/\"},{\"@type\":\"ListItem\",\"position\":2,\"name\":\"Products\",\"item\":\"https:\\\/\\\/www.megafortris.fr\\\/en\\\/shop\\\/\"},{\"@type\":\"ListItem\",\"position\":3,\"name\":\"Fort Tight Seal (FTS)\"}]},{\"@type\":\"WebSite\",\"@id\":\"https:\\\/\\\/www.megafortris.fr\\\/en\\\/#website\",\"url\":\"https:\\\/\\\/www.megafortris.fr\\\/en\\\/\",\"name\":\"Mega Fortris France\",\"description\":\"Pr\u00e9vention-Protection-S\u00e9r\u00e9nit\u00e9\",\"publisher\":{\"@id\":\"https:\\\/\\\/www.megafortris.fr\\\/en\\\/#organization\"},\"potentialAction\":[{\"@type\":\"SearchAction\",\"target\":{\"@type\":\"EntryPoint\",\"urlTemplate\":\"https:\\\/\\\/www.megafortris.fr\\\/en\\\/?s={search_term_string}\"},\"query-input\":{\"@type\":\"PropertyValueSpecification\",\"valueRequired\":true,\"valueName\":\"search_term_string\"}}],\"inLanguage\":\"en-US\"},{\"@type\":\"Organization\",\"@id\":\"https:\\\/\\\/www.megafortris.fr\\\/en\\\/#organization\",\"name\":\"Mega Fortris France\",\"url\":\"https:\\\/\\\/www.megafortris.fr\\\/en\\\/\",\"logo\":{\"@type\":\"ImageObject\",\"inLanguage\":\"en-US\",\"@id\":\"https:\\\/\\\/www.megafortris.fr\\\/en\\\/#\\\/schema\\\/logo\\\/image\\\/\",\"url\":\"https:\\\/\\\/www.megafortris.fr\\\/wp-content\\\/uploads\\\/2023\\\/10\\\/logo.png\",\"contentUrl\":\"https:\\\/\\\/www.megafortris.fr\\\/wp-content\\\/uploads\\\/2023\\\/10\\\/logo.png\",\"width\":510,\"height\":510,\"caption\":\"Mega Fortris France\"},\"image\":{\"@id\":\"https:\\\/\\\/www.megafortris.fr\\\/en\\\/#\\\/schema\\\/logo\\\/image\\\/\"}}]}<\/script>\n<!-- \/ Yoast SEO plugin. -->","yoast_head_json":{"title":"Fort Tight Seal (FTS) - Mega Fortris France","robots":{"index":"index","follow":"follow","max-snippet":"max-snippet:-1","max-image-preview":"max-image-preview:large","max-video-preview":"max-video-preview:-1"},"canonical":"https:\/\/www.megafortris.fr\/en\/product\/fort-tight-seal-fts\/","og_locale":"en_US","og_type":"article","og_title":"Fort Tight Seal (FTS) - Mega Fortris France","og_description":"Small and sophisticated design for comprehensive security and authentication. Fort Tight Seal is easy to use, compact and perfect for small-sized sealing requirements. It is designed with a slim structure to mainly suit its smaller locking latches application. This delicately designed seal is suitable for security and authentication purposes with saving space in mind. These seals include the BioSphere bio-additive.  To provide eco-conscious solutions on a wide array of applications, all Mega Fortris\u2019 security seal product lines with plastic content will include the BioSphere bio-additive from 13th May 2024.","og_url":"https:\/\/www.megafortris.fr\/en\/product\/fort-tight-seal-fts\/","og_site_name":"Mega Fortris France","article_modified_time":"2025-12-29T21:01:04+00:00","og_image":[{"width":2000,"height":2000,"url":"https:\/\/www.megafortris.fr\/wp-content\/uploads\/2025\/01\/THUMBNAIL-FTS-3.jpg","type":"image\/jpeg"}],"twitter_card":"summary_large_image","twitter_misc":{"Est. reading time":"1 minute"},"schema":{"@context":"https:\/\/schema.org","@graph":[{"@type":"WebPage","@id":"https:\/\/www.megafortris.fr\/en\/product\/fort-tight-seal-fts\/","url":"https:\/\/www.megafortris.fr\/en\/product\/fort-tight-seal-fts\/","name":"Fort Tight Seal (FTS) - Mega Fortris France","isPartOf":{"@id":"https:\/\/www.megafortris.fr\/en\/#website"},"primaryImageOfPage":{"@id":"https:\/\/www.megafortris.fr\/en\/product\/fort-tight-seal-fts\/#primaryimage"},"image":{"@id":"https:\/\/www.megafortris.fr\/en\/product\/fort-tight-seal-fts\/#primaryimage"},"thumbnailUrl":"https:\/\/www.megafortris.fr\/wp-content\/uploads\/2025\/01\/THUMBNAIL-FTS-3.jpg","datePublished":"2025-01-08T03:23:42+00:00","dateModified":"2025-12-29T21:01:04+00:00","breadcrumb":{"@id":"https:\/\/www.megafortris.fr\/en\/product\/fort-tight-seal-fts\/#breadcrumb"},"inLanguage":"en-US","potentialAction":[{"@type":"ReadAction","target":["https:\/\/www.megafortris.fr\/en\/product\/fort-tight-seal-fts\/"]}]},{"@type":"ImageObject","inLanguage":"en-US","@id":"https:\/\/www.megafortris.fr\/en\/product\/fort-tight-seal-fts\/#primaryimage","url":"https:\/\/www.megafortris.fr\/wp-content\/uploads\/2025\/01\/THUMBNAIL-FTS-3.jpg","contentUrl":"https:\/\/www.megafortris.fr\/wp-content\/uploads\/2025\/01\/THUMBNAIL-FTS-3.jpg","width":2000,"height":2000,"caption":"Scell\u00e9 Fort Tight avec languette Tear-off"},{"@type":"BreadcrumbList","@id":"https:\/\/www.megafortris.fr\/en\/product\/fort-tight-seal-fts\/#breadcrumb","itemListElement":[{"@type":"ListItem","position":1,"name":"Home","item":"https:\/\/www.megafortris.fr\/en\/"},{"@type":"ListItem","position":2,"name":"Products","item":"https:\/\/www.megafortris.fr\/en\/shop\/"},{"@type":"ListItem","position":3,"name":"Fort Tight Seal (FTS)"}]},{"@type":"WebSite","@id":"https:\/\/www.megafortris.fr\/en\/#website","url":"https:\/\/www.megafortris.fr\/en\/","name":"Mega Fortris France","description":"Pr\u00e9vention-Protection-S\u00e9r\u00e9nit\u00e9","publisher":{"@id":"https:\/\/www.megafortris.fr\/en\/#organization"},"potentialAction":[{"@type":"SearchAction","target":{"@type":"EntryPoint","urlTemplate":"https:\/\/www.megafortris.fr\/en\/?s={search_term_string}"},"query-input":{"@type":"PropertyValueSpecification","valueRequired":true,"valueName":"search_term_string"}}],"inLanguage":"en-US"},{"@type":"Organization","@id":"https:\/\/www.megafortris.fr\/en\/#organization","name":"Mega Fortris France","url":"https:\/\/www.megafortris.fr\/en\/","logo":{"@type":"ImageObject","inLanguage":"en-US","@id":"https:\/\/www.megafortris.fr\/en\/#\/schema\/logo\/image\/","url":"https:\/\/www.megafortris.fr\/wp-content\/uploads\/2023\/10\/logo.png","contentUrl":"https:\/\/www.megafortris.fr\/wp-content\/uploads\/2023\/10\/logo.png","width":510,"height":510,"caption":"Mega Fortris France"},"image":{"@id":"https:\/\/www.megafortris.fr\/en\/#\/schema\/logo\/image\/"}}]}},"df_price":"","df_sale_price":"","df_regular_price":"","df_image_link":"https:\/\/www.megafortris.fr\/wp-content\/uploads\/2025\/01\/THUMBNAIL-FTS-3-300x300.jpg","_links":{"self":[{"href":"https:\/\/www.megafortris.fr\/en\/wp-json\/wp\/v2\/product\/10427","targetHints":{"allow":["GET"]}}],"collection":[{"href":"https:\/\/www.megafortris.fr\/en\/wp-json\/wp\/v2\/product"}],"about":[{"href":"https:\/\/www.megafortris.fr\/en\/wp-json\/wp\/v2\/types\/product"}],"wp:featuredmedia":[{"embeddable":true,"href":"https:\/\/www.megafortris.fr\/en\/wp-json\/wp\/v2\/media\/10445"}],"wp:attachment":[{"href":"https:\/\/www.megafortris.fr\/en\/wp-json\/wp\/v2\/media?parent=10427"}],"wp:term":[{"taxonomy":"product_brand","embeddable":true,"href":"https:\/\/www.megafortris.fr\/en\/wp-json\/wp\/v2\/product_brand?post=10427"},{"taxonomy":"product_cat","embeddable":true,"href":"https:\/\/www.megafortris.fr\/en\/wp-json\/wp\/v2\/product_cat?post=10427"},{"taxonomy":"product_tag","embeddable":true,"href":"https:\/\/www.megafortris.fr\/en\/wp-json\/wp\/v2\/product_tag?post=10427"},{"taxonomy":"product-type","embeddable":true,"href":"https:\/\/www.megafortris.fr\/en\/wp-json\/wp\/v2\/product-type?post=10427"}],"curies":[{"name":"wp","href":"https:\/\/api.w.org\/{rel}","templated":true}]}}