{"id":2740,"date":"2023-12-11T12:07:53","date_gmt":"2023-12-11T12:07:53","guid":{"rendered":"https:\/\/mfcorpnew.flywheelstaging.com\/?post_type=product&#038;p=2740"},"modified":"2026-03-17T18:08:20","modified_gmt":"2026-03-17T17:08:20","slug":"mini-cable-breakaway-150-mcb-150","status":"publish","type":"product","link":"https:\/\/www.megafortris.fr\/en\/product\/mini-cable-breakaway-150-mcb-150\/","title":{"rendered":"Mini Cable Breakaway 150 (MCB 150)"},"content":{"rendered":"<p>1. The Mini Cable Breakaway 150 is designed to guarantee cost-effectiveness and security.<br \/>\n2. The external locking mechanism of this seal consists of a shear bolt that breaks away when the cable is tightly secured in the body.<br \/>\n3. The non-preformed galvanised steel wire unravels upon cutting, hence showing clear tamper evidence.<br \/>\n4. The rib exterior is designed to protect laser marking during rough handling with anodisation of solid colour for colour coding.<br \/>\n5. Irreversible identifiers such as name, logo, barcode, serial number and QR code are laser-marked on the aluminium body.<\/p>\n","protected":false},"excerpt":{"rendered":"<p>The Mini Cable Breakaway 150 has a special shear bolt locking mechanism that its shaft will break when it is tightened to secure the asset. It is highly affordable yet not compromising security. The design is simple and light for any security application.<\/p>\n","protected":false},"featured_media":9148,"template":"","meta":{"_acf_changed":false,"inline_featured_image":false},"product_brand":[],"product_cat":[34,35,37],"product_tag":[203,206],"product-type":[312],"class_list":{"0":"post-2740","1":"product","2":"type-product","3":"status-publish","4":"has-post-thumbnail","6":"product_cat-logistics","7":"product_cat-oil-and-gas","8":"product_cat-retail","9":"product_tag-cable-seal","10":"product_tag-indicative-seals","11":"product-type-security-seals","13":"first","14":"instock","15":"shipping-taxable","16":"purchasable","17":"product-type-variable"},"acf":[],"yoast_head":"<!-- This site is optimized with the Yoast SEO plugin v27.4 - https:\/\/yoast.com\/product\/yoast-seo-wordpress\/ -->\n<title>Mini Cable Breakaway 150 (MCB 150) - Mega Fortris France<\/title>\n<meta name=\"robots\" content=\"index, follow, max-snippet:-1, max-image-preview:large, max-video-preview:-1\" \/>\n<link rel=\"canonical\" href=\"https:\/\/www.megafortris.fr\/en\/product\/mini-cable-breakaway-150-mcb-150\/\" \/>\n<meta property=\"og:locale\" content=\"en_US\" \/>\n<meta property=\"og:type\" content=\"article\" \/>\n<meta property=\"og:title\" content=\"Mini Cable Breakaway 150 (MCB 150) - Mega Fortris France\" \/>\n<meta property=\"og:description\" content=\"The Mini Cable Breakaway 150 has a special shear bolt locking mechanism that its shaft will break when it is tightened to secure the asset. It is highly affordable yet not compromising security. The design is simple and light for any security application.\" \/>\n<meta property=\"og:url\" content=\"https:\/\/www.megafortris.fr\/en\/product\/mini-cable-breakaway-150-mcb-150\/\" \/>\n<meta property=\"og:site_name\" content=\"Mega Fortris France\" \/>\n<meta property=\"article:modified_time\" content=\"2026-03-17T17:08:20+00:00\" \/>\n<meta property=\"og:image\" content=\"https:\/\/www.megafortris.fr\/wp-content\/uploads\/2023\/12\/MCB150-Black-2.jpg\" \/>\n\t<meta property=\"og:image:width\" content=\"2000\" \/>\n\t<meta property=\"og:image:height\" content=\"2000\" \/>\n\t<meta property=\"og:image:type\" content=\"image\/jpeg\" \/>\n<meta name=\"twitter:card\" content=\"summary_large_image\" \/>\n<meta name=\"twitter:label1\" content=\"Est. reading time\" \/>\n\t<meta name=\"twitter:data1\" content=\"1 minute\" \/>\n<script type=\"application\/ld+json\" class=\"yoast-schema-graph\">{\"@context\":\"https:\\\/\\\/schema.org\",\"@graph\":[{\"@type\":\"WebPage\",\"@id\":\"https:\\\/\\\/www.megafortris.fr\\\/en\\\/product\\\/mini-cable-breakaway-150-mcb-150\\\/\",\"url\":\"https:\\\/\\\/www.megafortris.fr\\\/en\\\/product\\\/mini-cable-breakaway-150-mcb-150\\\/\",\"name\":\"Mini Cable Breakaway 150 (MCB 150) - Mega Fortris France\",\"isPartOf\":{\"@id\":\"https:\\\/\\\/www.megafortris.fr\\\/en\\\/#website\"},\"primaryImageOfPage\":{\"@id\":\"https:\\\/\\\/www.megafortris.fr\\\/en\\\/product\\\/mini-cable-breakaway-150-mcb-150\\\/#primaryimage\"},\"image\":{\"@id\":\"https:\\\/\\\/www.megafortris.fr\\\/en\\\/product\\\/mini-cable-breakaway-150-mcb-150\\\/#primaryimage\"},\"thumbnailUrl\":\"https:\\\/\\\/www.megafortris.fr\\\/wp-content\\\/uploads\\\/2023\\\/12\\\/MCB150-Black-2.jpg\",\"datePublished\":\"2023-12-11T12:07:53+00:00\",\"dateModified\":\"2026-03-17T17:08:20+00:00\",\"breadcrumb\":{\"@id\":\"https:\\\/\\\/www.megafortris.fr\\\/en\\\/product\\\/mini-cable-breakaway-150-mcb-150\\\/#breadcrumb\"},\"inLanguage\":\"en-US\",\"potentialAction\":[{\"@type\":\"ReadAction\",\"target\":[\"https:\\\/\\\/www.megafortris.fr\\\/en\\\/product\\\/mini-cable-breakaway-150-mcb-150\\\/\"]}]},{\"@type\":\"ImageObject\",\"inLanguage\":\"en-US\",\"@id\":\"https:\\\/\\\/www.megafortris.fr\\\/en\\\/product\\\/mini-cable-breakaway-150-mcb-150\\\/#primaryimage\",\"url\":\"https:\\\/\\\/www.megafortris.fr\\\/wp-content\\\/uploads\\\/2023\\\/12\\\/MCB150-Black-2.jpg\",\"contentUrl\":\"https:\\\/\\\/www.megafortris.fr\\\/wp-content\\\/uploads\\\/2023\\\/12\\\/MCB150-Black-2.jpg\",\"width\":2000,\"height\":2000,\"caption\":\"Mini Cable Breakaway Seal, Security Seals, Cable Seals, Container Seals, Lorry Seals, Truck Seals, Breakaway Seals\"},{\"@type\":\"BreadcrumbList\",\"@id\":\"https:\\\/\\\/www.megafortris.fr\\\/en\\\/product\\\/mini-cable-breakaway-150-mcb-150\\\/#breadcrumb\",\"itemListElement\":[{\"@type\":\"ListItem\",\"position\":1,\"name\":\"Home\",\"item\":\"https:\\\/\\\/www.megafortris.fr\\\/en\\\/\"},{\"@type\":\"ListItem\",\"position\":2,\"name\":\"Products\",\"item\":\"https:\\\/\\\/www.megafortris.fr\\\/en\\\/shop\\\/\"},{\"@type\":\"ListItem\",\"position\":3,\"name\":\"Mini Cable Breakaway 150 (MCB 150)\"}]},{\"@type\":\"WebSite\",\"@id\":\"https:\\\/\\\/www.megafortris.fr\\\/en\\\/#website\",\"url\":\"https:\\\/\\\/www.megafortris.fr\\\/en\\\/\",\"name\":\"Mega Fortris France\",\"description\":\"Pr\u00e9vention-Protection-S\u00e9r\u00e9nit\u00e9\",\"publisher\":{\"@id\":\"https:\\\/\\\/www.megafortris.fr\\\/en\\\/#organization\"},\"potentialAction\":[{\"@type\":\"SearchAction\",\"target\":{\"@type\":\"EntryPoint\",\"urlTemplate\":\"https:\\\/\\\/www.megafortris.fr\\\/en\\\/?s={search_term_string}\"},\"query-input\":{\"@type\":\"PropertyValueSpecification\",\"valueRequired\":true,\"valueName\":\"search_term_string\"}}],\"inLanguage\":\"en-US\"},{\"@type\":\"Organization\",\"@id\":\"https:\\\/\\\/www.megafortris.fr\\\/en\\\/#organization\",\"name\":\"Mega Fortris France\",\"url\":\"https:\\\/\\\/www.megafortris.fr\\\/en\\\/\",\"logo\":{\"@type\":\"ImageObject\",\"inLanguage\":\"en-US\",\"@id\":\"https:\\\/\\\/www.megafortris.fr\\\/en\\\/#\\\/schema\\\/logo\\\/image\\\/\",\"url\":\"https:\\\/\\\/www.megafortris.fr\\\/wp-content\\\/uploads\\\/2023\\\/10\\\/logo.png\",\"contentUrl\":\"https:\\\/\\\/www.megafortris.fr\\\/wp-content\\\/uploads\\\/2023\\\/10\\\/logo.png\",\"width\":510,\"height\":510,\"caption\":\"Mega Fortris France\"},\"image\":{\"@id\":\"https:\\\/\\\/www.megafortris.fr\\\/en\\\/#\\\/schema\\\/logo\\\/image\\\/\"}}]}<\/script>\n<!-- \/ Yoast SEO plugin. -->","yoast_head_json":{"title":"Mini Cable Breakaway 150 (MCB 150) - Mega Fortris France","robots":{"index":"index","follow":"follow","max-snippet":"max-snippet:-1","max-image-preview":"max-image-preview:large","max-video-preview":"max-video-preview:-1"},"canonical":"https:\/\/www.megafortris.fr\/en\/product\/mini-cable-breakaway-150-mcb-150\/","og_locale":"en_US","og_type":"article","og_title":"Mini Cable Breakaway 150 (MCB 150) - Mega Fortris France","og_description":"The Mini Cable Breakaway 150 has a special shear bolt locking mechanism that its shaft will break when it is tightened to secure the asset. It is highly affordable yet not compromising security. The design is simple and light for any security application.","og_url":"https:\/\/www.megafortris.fr\/en\/product\/mini-cable-breakaway-150-mcb-150\/","og_site_name":"Mega Fortris France","article_modified_time":"2026-03-17T17:08:20+00:00","og_image":[{"width":2000,"height":2000,"url":"https:\/\/www.megafortris.fr\/wp-content\/uploads\/2023\/12\/MCB150-Black-2.jpg","type":"image\/jpeg"}],"twitter_card":"summary_large_image","twitter_misc":{"Est. reading time":"1 minute"},"schema":{"@context":"https:\/\/schema.org","@graph":[{"@type":"WebPage","@id":"https:\/\/www.megafortris.fr\/en\/product\/mini-cable-breakaway-150-mcb-150\/","url":"https:\/\/www.megafortris.fr\/en\/product\/mini-cable-breakaway-150-mcb-150\/","name":"Mini Cable Breakaway 150 (MCB 150) - Mega Fortris France","isPartOf":{"@id":"https:\/\/www.megafortris.fr\/en\/#website"},"primaryImageOfPage":{"@id":"https:\/\/www.megafortris.fr\/en\/product\/mini-cable-breakaway-150-mcb-150\/#primaryimage"},"image":{"@id":"https:\/\/www.megafortris.fr\/en\/product\/mini-cable-breakaway-150-mcb-150\/#primaryimage"},"thumbnailUrl":"https:\/\/www.megafortris.fr\/wp-content\/uploads\/2023\/12\/MCB150-Black-2.jpg","datePublished":"2023-12-11T12:07:53+00:00","dateModified":"2026-03-17T17:08:20+00:00","breadcrumb":{"@id":"https:\/\/www.megafortris.fr\/en\/product\/mini-cable-breakaway-150-mcb-150\/#breadcrumb"},"inLanguage":"en-US","potentialAction":[{"@type":"ReadAction","target":["https:\/\/www.megafortris.fr\/en\/product\/mini-cable-breakaway-150-mcb-150\/"]}]},{"@type":"ImageObject","inLanguage":"en-US","@id":"https:\/\/www.megafortris.fr\/en\/product\/mini-cable-breakaway-150-mcb-150\/#primaryimage","url":"https:\/\/www.megafortris.fr\/wp-content\/uploads\/2023\/12\/MCB150-Black-2.jpg","contentUrl":"https:\/\/www.megafortris.fr\/wp-content\/uploads\/2023\/12\/MCB150-Black-2.jpg","width":2000,"height":2000,"caption":"Mini Cable Breakaway Seal, Security Seals, Cable Seals, Container Seals, Lorry Seals, Truck Seals, Breakaway Seals"},{"@type":"BreadcrumbList","@id":"https:\/\/www.megafortris.fr\/en\/product\/mini-cable-breakaway-150-mcb-150\/#breadcrumb","itemListElement":[{"@type":"ListItem","position":1,"name":"Home","item":"https:\/\/www.megafortris.fr\/en\/"},{"@type":"ListItem","position":2,"name":"Products","item":"https:\/\/www.megafortris.fr\/en\/shop\/"},{"@type":"ListItem","position":3,"name":"Mini Cable Breakaway 150 (MCB 150)"}]},{"@type":"WebSite","@id":"https:\/\/www.megafortris.fr\/en\/#website","url":"https:\/\/www.megafortris.fr\/en\/","name":"Mega Fortris France","description":"Pr\u00e9vention-Protection-S\u00e9r\u00e9nit\u00e9","publisher":{"@id":"https:\/\/www.megafortris.fr\/en\/#organization"},"potentialAction":[{"@type":"SearchAction","target":{"@type":"EntryPoint","urlTemplate":"https:\/\/www.megafortris.fr\/en\/?s={search_term_string}"},"query-input":{"@type":"PropertyValueSpecification","valueRequired":true,"valueName":"search_term_string"}}],"inLanguage":"en-US"},{"@type":"Organization","@id":"https:\/\/www.megafortris.fr\/en\/#organization","name":"Mega Fortris France","url":"https:\/\/www.megafortris.fr\/en\/","logo":{"@type":"ImageObject","inLanguage":"en-US","@id":"https:\/\/www.megafortris.fr\/en\/#\/schema\/logo\/image\/","url":"https:\/\/www.megafortris.fr\/wp-content\/uploads\/2023\/10\/logo.png","contentUrl":"https:\/\/www.megafortris.fr\/wp-content\/uploads\/2023\/10\/logo.png","width":510,"height":510,"caption":"Mega Fortris France"},"image":{"@id":"https:\/\/www.megafortris.fr\/en\/#\/schema\/logo\/image\/"}}]}},"df_price":"","df_sale_price":"","df_regular_price":"","df_image_link":"https:\/\/www.megafortris.fr\/wp-content\/uploads\/2023\/12\/MCB150-Black-2-300x300.jpg","_links":{"self":[{"href":"https:\/\/www.megafortris.fr\/en\/wp-json\/wp\/v2\/product\/2740","targetHints":{"allow":["GET"]}}],"collection":[{"href":"https:\/\/www.megafortris.fr\/en\/wp-json\/wp\/v2\/product"}],"about":[{"href":"https:\/\/www.megafortris.fr\/en\/wp-json\/wp\/v2\/types\/product"}],"wp:featuredmedia":[{"embeddable":true,"href":"https:\/\/www.megafortris.fr\/en\/wp-json\/wp\/v2\/media\/9148"}],"wp:attachment":[{"href":"https:\/\/www.megafortris.fr\/en\/wp-json\/wp\/v2\/media?parent=2740"}],"wp:term":[{"taxonomy":"product_brand","embeddable":true,"href":"https:\/\/www.megafortris.fr\/en\/wp-json\/wp\/v2\/product_brand?post=2740"},{"taxonomy":"product_cat","embeddable":true,"href":"https:\/\/www.megafortris.fr\/en\/wp-json\/wp\/v2\/product_cat?post=2740"},{"taxonomy":"product_tag","embeddable":true,"href":"https:\/\/www.megafortris.fr\/en\/wp-json\/wp\/v2\/product_tag?post=2740"},{"taxonomy":"product-type","embeddable":true,"href":"https:\/\/www.megafortris.fr\/en\/wp-json\/wp\/v2\/product-type?post=2740"}],"curies":[{"name":"wp","href":"https:\/\/api.w.org\/{rel}","templated":true}]}}