{"id":2811,"date":"2023-12-11T12:08:08","date_gmt":"2023-12-11T12:08:08","guid":{"rendered":"https:\/\/mfcorpnew.flywheelstaging.com\/?post_type=product&#038;p=2811"},"modified":"2026-03-17T17:00:14","modified_gmt":"2026-03-17T16:00:14","slug":"domino-sp-9-dmsp-9-220","status":"publish","type":"product","link":"https:\/\/www.megafortris.fr\/en\/product\/domino-sp-9-dmsp-9-220\/","title":{"rendered":"Domino SP 9 (DMSP 9-220)"},"content":{"rendered":"<p>1. The Domino SP seal is moulded with Polypropylene (PP) material ultrasonically welded over a tin-plated metal strap.<br \/>\n2. One-way locking mechanism is embedded for fast and easy application.<br \/>\n3. Irreversible identifiers such as name, logo, barcode, serial number and QR code are laser-marked on the flap.<br \/>\n4. These seals include the BioSphere bio-additives.<br \/>\n5. Different strap lengths are available to cater to different applications<\/p>\n","protected":false},"excerpt":{"rendered":"<p>Domino SP is a fixed length metal strap seal in Mega Fortris indicative seal range. The metal strap is flexible with a large flap for identifiers marking. The seal is designed to settle close to the application surface, preventing damage during rough handling. It is versatile for securing and authentication tagging purposes. These seals include the BioSphere bio-additives.<\/p>\n<p>To provide eco-conscious solutions on a wide array of applications, all Mega Fortris\u2019 security seal product lines with plastic content will include the BioSphere bio-additives from 13 May 2024.<\/p>\n","protected":false},"featured_media":8180,"template":"","meta":{"_acf_changed":false,"inline_featured_image":false},"product_brand":[],"product_cat":[34,35,37,38],"product_tag":[211,206],"product-type":[338,313,340],"class_list":{"0":"post-2811","1":"product","2":"type-product","3":"status-publish","4":"has-post-thumbnail","6":"product_cat-logistics","7":"product_cat-oil-and-gas","8":"product_cat-retail","9":"product_cat-utilities","10":"product_tag-fixed-length-seals","11":"product_tag-indicative-seals","12":"product-type-fixed-length-seals","13":"product-type-indicative-seals","14":"product-type-metal-seals","16":"first","17":"instock","18":"shipping-taxable","19":"purchasable","20":"product-type-variable"},"acf":[],"yoast_head":"<!-- This site is optimized with the Yoast SEO plugin v27.4 - https:\/\/yoast.com\/product\/yoast-seo-wordpress\/ -->\n<title>Domino SP 9 (DMSP 9-220) - Mega Fortris France<\/title>\n<meta name=\"robots\" content=\"index, follow, max-snippet:-1, max-image-preview:large, max-video-preview:-1\" \/>\n<link rel=\"canonical\" href=\"https:\/\/www.megafortris.fr\/en\/product\/domino-sp-9-dmsp-9-220\/\" \/>\n<meta property=\"og:locale\" content=\"en_US\" \/>\n<meta property=\"og:type\" content=\"article\" \/>\n<meta property=\"og:title\" content=\"Domino SP 9 (DMSP 9-220) - Mega Fortris France\" \/>\n<meta property=\"og:description\" content=\"Domino SP is a fixed length metal strap seal in Mega Fortris indicative seal range. The metal strap is flexible with a large flap for identifiers marking. The seal is designed to settle close to the application surface, preventing damage during rough handling. It is versatile for securing and authentication tagging purposes. These seals include the BioSphere bio-additives.  To provide eco-conscious solutions on a wide array of applications, all Mega Fortris\u2019 security seal product lines with plastic content will include the BioSphere bio-additives from 13 May 2024.\" \/>\n<meta property=\"og:url\" content=\"https:\/\/www.megafortris.fr\/en\/product\/domino-sp-9-dmsp-9-220\/\" \/>\n<meta property=\"og:site_name\" content=\"Mega Fortris France\" \/>\n<meta property=\"article:modified_time\" content=\"2026-03-17T16:00:14+00:00\" \/>\n<meta property=\"og:image\" content=\"https:\/\/www.megafortris.fr\/wp-content\/uploads\/2023\/12\/THUMBNAIL-DMSP-9X22-Loop.jpg\" \/>\n\t<meta property=\"og:image:width\" content=\"2000\" \/>\n\t<meta property=\"og:image:height\" content=\"2000\" \/>\n\t<meta property=\"og:image:type\" content=\"image\/jpeg\" \/>\n<meta name=\"twitter:card\" content=\"summary_large_image\" \/>\n<meta name=\"twitter:label1\" content=\"Est. reading time\" \/>\n\t<meta name=\"twitter:data1\" content=\"1 minute\" \/>\n<script type=\"application\/ld+json\" class=\"yoast-schema-graph\">{\"@context\":\"https:\\\/\\\/schema.org\",\"@graph\":[{\"@type\":\"WebPage\",\"@id\":\"https:\\\/\\\/www.megafortris.fr\\\/en\\\/product\\\/domino-sp-9-dmsp-9-220\\\/\",\"url\":\"https:\\\/\\\/www.megafortris.fr\\\/en\\\/product\\\/domino-sp-9-dmsp-9-220\\\/\",\"name\":\"Domino SP 9 (DMSP 9-220) - Mega Fortris France\",\"isPartOf\":{\"@id\":\"https:\\\/\\\/www.megafortris.fr\\\/en\\\/#website\"},\"primaryImageOfPage\":{\"@id\":\"https:\\\/\\\/www.megafortris.fr\\\/en\\\/product\\\/domino-sp-9-dmsp-9-220\\\/#primaryimage\"},\"image\":{\"@id\":\"https:\\\/\\\/www.megafortris.fr\\\/en\\\/product\\\/domino-sp-9-dmsp-9-220\\\/#primaryimage\"},\"thumbnailUrl\":\"https:\\\/\\\/www.megafortris.fr\\\/wp-content\\\/uploads\\\/2023\\\/12\\\/THUMBNAIL-DMSP-9X22-Loop.jpg\",\"datePublished\":\"2023-12-11T12:08:08+00:00\",\"dateModified\":\"2026-03-17T16:00:14+00:00\",\"breadcrumb\":{\"@id\":\"https:\\\/\\\/www.megafortris.fr\\\/en\\\/product\\\/domino-sp-9-dmsp-9-220\\\/#breadcrumb\"},\"inLanguage\":\"en-US\",\"potentialAction\":[{\"@type\":\"ReadAction\",\"target\":[\"https:\\\/\\\/www.megafortris.fr\\\/en\\\/product\\\/domino-sp-9-dmsp-9-220\\\/\"]}]},{\"@type\":\"ImageObject\",\"inLanguage\":\"en-US\",\"@id\":\"https:\\\/\\\/www.megafortris.fr\\\/en\\\/product\\\/domino-sp-9-dmsp-9-220\\\/#primaryimage\",\"url\":\"https:\\\/\\\/www.megafortris.fr\\\/wp-content\\\/uploads\\\/2023\\\/12\\\/THUMBNAIL-DMSP-9X22-Loop.jpg\",\"contentUrl\":\"https:\\\/\\\/www.megafortris.fr\\\/wp-content\\\/uploads\\\/2023\\\/12\\\/THUMBNAIL-DMSP-9X22-Loop.jpg\",\"width\":2000,\"height\":2000,\"caption\":\"scell\u00e9 feuillard Domino SP 9 metal\"},{\"@type\":\"BreadcrumbList\",\"@id\":\"https:\\\/\\\/www.megafortris.fr\\\/en\\\/product\\\/domino-sp-9-dmsp-9-220\\\/#breadcrumb\",\"itemListElement\":[{\"@type\":\"ListItem\",\"position\":1,\"name\":\"Home\",\"item\":\"https:\\\/\\\/www.megafortris.fr\\\/en\\\/\"},{\"@type\":\"ListItem\",\"position\":2,\"name\":\"Products\",\"item\":\"https:\\\/\\\/www.megafortris.fr\\\/en\\\/shop\\\/\"},{\"@type\":\"ListItem\",\"position\":3,\"name\":\"Domino SP 9 (DMSP 9-220)\"}]},{\"@type\":\"WebSite\",\"@id\":\"https:\\\/\\\/www.megafortris.fr\\\/en\\\/#website\",\"url\":\"https:\\\/\\\/www.megafortris.fr\\\/en\\\/\",\"name\":\"Mega Fortris France\",\"description\":\"Pr\u00e9vention-Protection-S\u00e9r\u00e9nit\u00e9\",\"publisher\":{\"@id\":\"https:\\\/\\\/www.megafortris.fr\\\/en\\\/#organization\"},\"potentialAction\":[{\"@type\":\"SearchAction\",\"target\":{\"@type\":\"EntryPoint\",\"urlTemplate\":\"https:\\\/\\\/www.megafortris.fr\\\/en\\\/?s={search_term_string}\"},\"query-input\":{\"@type\":\"PropertyValueSpecification\",\"valueRequired\":true,\"valueName\":\"search_term_string\"}}],\"inLanguage\":\"en-US\"},{\"@type\":\"Organization\",\"@id\":\"https:\\\/\\\/www.megafortris.fr\\\/en\\\/#organization\",\"name\":\"Mega Fortris France\",\"url\":\"https:\\\/\\\/www.megafortris.fr\\\/en\\\/\",\"logo\":{\"@type\":\"ImageObject\",\"inLanguage\":\"en-US\",\"@id\":\"https:\\\/\\\/www.megafortris.fr\\\/en\\\/#\\\/schema\\\/logo\\\/image\\\/\",\"url\":\"https:\\\/\\\/www.megafortris.fr\\\/wp-content\\\/uploads\\\/2023\\\/10\\\/logo.png\",\"contentUrl\":\"https:\\\/\\\/www.megafortris.fr\\\/wp-content\\\/uploads\\\/2023\\\/10\\\/logo.png\",\"width\":510,\"height\":510,\"caption\":\"Mega Fortris France\"},\"image\":{\"@id\":\"https:\\\/\\\/www.megafortris.fr\\\/en\\\/#\\\/schema\\\/logo\\\/image\\\/\"}}]}<\/script>\n<!-- \/ Yoast SEO plugin. -->","yoast_head_json":{"title":"Domino SP 9 (DMSP 9-220) - Mega Fortris France","robots":{"index":"index","follow":"follow","max-snippet":"max-snippet:-1","max-image-preview":"max-image-preview:large","max-video-preview":"max-video-preview:-1"},"canonical":"https:\/\/www.megafortris.fr\/en\/product\/domino-sp-9-dmsp-9-220\/","og_locale":"en_US","og_type":"article","og_title":"Domino SP 9 (DMSP 9-220) - Mega Fortris France","og_description":"Domino SP is a fixed length metal strap seal in Mega Fortris indicative seal range. The metal strap is flexible with a large flap for identifiers marking. The seal is designed to settle close to the application surface, preventing damage during rough handling. It is versatile for securing and authentication tagging purposes. These seals include the BioSphere bio-additives.  To provide eco-conscious solutions on a wide array of applications, all Mega Fortris\u2019 security seal product lines with plastic content will include the BioSphere bio-additives from 13 May 2024.","og_url":"https:\/\/www.megafortris.fr\/en\/product\/domino-sp-9-dmsp-9-220\/","og_site_name":"Mega Fortris France","article_modified_time":"2026-03-17T16:00:14+00:00","og_image":[{"width":2000,"height":2000,"url":"https:\/\/www.megafortris.fr\/wp-content\/uploads\/2023\/12\/THUMBNAIL-DMSP-9X22-Loop.jpg","type":"image\/jpeg"}],"twitter_card":"summary_large_image","twitter_misc":{"Est. reading time":"1 minute"},"schema":{"@context":"https:\/\/schema.org","@graph":[{"@type":"WebPage","@id":"https:\/\/www.megafortris.fr\/en\/product\/domino-sp-9-dmsp-9-220\/","url":"https:\/\/www.megafortris.fr\/en\/product\/domino-sp-9-dmsp-9-220\/","name":"Domino SP 9 (DMSP 9-220) - Mega Fortris France","isPartOf":{"@id":"https:\/\/www.megafortris.fr\/en\/#website"},"primaryImageOfPage":{"@id":"https:\/\/www.megafortris.fr\/en\/product\/domino-sp-9-dmsp-9-220\/#primaryimage"},"image":{"@id":"https:\/\/www.megafortris.fr\/en\/product\/domino-sp-9-dmsp-9-220\/#primaryimage"},"thumbnailUrl":"https:\/\/www.megafortris.fr\/wp-content\/uploads\/2023\/12\/THUMBNAIL-DMSP-9X22-Loop.jpg","datePublished":"2023-12-11T12:08:08+00:00","dateModified":"2026-03-17T16:00:14+00:00","breadcrumb":{"@id":"https:\/\/www.megafortris.fr\/en\/product\/domino-sp-9-dmsp-9-220\/#breadcrumb"},"inLanguage":"en-US","potentialAction":[{"@type":"ReadAction","target":["https:\/\/www.megafortris.fr\/en\/product\/domino-sp-9-dmsp-9-220\/"]}]},{"@type":"ImageObject","inLanguage":"en-US","@id":"https:\/\/www.megafortris.fr\/en\/product\/domino-sp-9-dmsp-9-220\/#primaryimage","url":"https:\/\/www.megafortris.fr\/wp-content\/uploads\/2023\/12\/THUMBNAIL-DMSP-9X22-Loop.jpg","contentUrl":"https:\/\/www.megafortris.fr\/wp-content\/uploads\/2023\/12\/THUMBNAIL-DMSP-9X22-Loop.jpg","width":2000,"height":2000,"caption":"scell\u00e9 feuillard Domino SP 9 metal"},{"@type":"BreadcrumbList","@id":"https:\/\/www.megafortris.fr\/en\/product\/domino-sp-9-dmsp-9-220\/#breadcrumb","itemListElement":[{"@type":"ListItem","position":1,"name":"Home","item":"https:\/\/www.megafortris.fr\/en\/"},{"@type":"ListItem","position":2,"name":"Products","item":"https:\/\/www.megafortris.fr\/en\/shop\/"},{"@type":"ListItem","position":3,"name":"Domino SP 9 (DMSP 9-220)"}]},{"@type":"WebSite","@id":"https:\/\/www.megafortris.fr\/en\/#website","url":"https:\/\/www.megafortris.fr\/en\/","name":"Mega Fortris France","description":"Pr\u00e9vention-Protection-S\u00e9r\u00e9nit\u00e9","publisher":{"@id":"https:\/\/www.megafortris.fr\/en\/#organization"},"potentialAction":[{"@type":"SearchAction","target":{"@type":"EntryPoint","urlTemplate":"https:\/\/www.megafortris.fr\/en\/?s={search_term_string}"},"query-input":{"@type":"PropertyValueSpecification","valueRequired":true,"valueName":"search_term_string"}}],"inLanguage":"en-US"},{"@type":"Organization","@id":"https:\/\/www.megafortris.fr\/en\/#organization","name":"Mega Fortris France","url":"https:\/\/www.megafortris.fr\/en\/","logo":{"@type":"ImageObject","inLanguage":"en-US","@id":"https:\/\/www.megafortris.fr\/en\/#\/schema\/logo\/image\/","url":"https:\/\/www.megafortris.fr\/wp-content\/uploads\/2023\/10\/logo.png","contentUrl":"https:\/\/www.megafortris.fr\/wp-content\/uploads\/2023\/10\/logo.png","width":510,"height":510,"caption":"Mega Fortris France"},"image":{"@id":"https:\/\/www.megafortris.fr\/en\/#\/schema\/logo\/image\/"}}]}},"df_price":"","df_sale_price":"","df_regular_price":"","df_image_link":"https:\/\/www.megafortris.fr\/wp-content\/uploads\/2023\/12\/THUMBNAIL-DMSP-9X22-Loop-300x300.jpg","_links":{"self":[{"href":"https:\/\/www.megafortris.fr\/en\/wp-json\/wp\/v2\/product\/2811","targetHints":{"allow":["GET"]}}],"collection":[{"href":"https:\/\/www.megafortris.fr\/en\/wp-json\/wp\/v2\/product"}],"about":[{"href":"https:\/\/www.megafortris.fr\/en\/wp-json\/wp\/v2\/types\/product"}],"wp:featuredmedia":[{"embeddable":true,"href":"https:\/\/www.megafortris.fr\/en\/wp-json\/wp\/v2\/media\/8180"}],"wp:attachment":[{"href":"https:\/\/www.megafortris.fr\/en\/wp-json\/wp\/v2\/media?parent=2811"}],"wp:term":[{"taxonomy":"product_brand","embeddable":true,"href":"https:\/\/www.megafortris.fr\/en\/wp-json\/wp\/v2\/product_brand?post=2811"},{"taxonomy":"product_cat","embeddable":true,"href":"https:\/\/www.megafortris.fr\/en\/wp-json\/wp\/v2\/product_cat?post=2811"},{"taxonomy":"product_tag","embeddable":true,"href":"https:\/\/www.megafortris.fr\/en\/wp-json\/wp\/v2\/product_tag?post=2811"},{"taxonomy":"product-type","embeddable":true,"href":"https:\/\/www.megafortris.fr\/en\/wp-json\/wp\/v2\/product-type?post=2811"}],"curies":[{"name":"wp","href":"https:\/\/api.w.org\/{rel}","templated":true}]}}