{"id":2866,"date":"2023-12-11T12:08:21","date_gmt":"2023-12-11T12:08:21","guid":{"rendered":"https:\/\/mfcorpnew.flywheelstaging.com\/?post_type=product&#038;p=2866"},"modified":"2026-03-17T17:32:36","modified_gmt":"2026-03-17T16:32:36","slug":"fort-double-lock-seal-fdl","status":"publish","type":"product","link":"https:\/\/www.megafortris.fr\/en\/product\/fort-double-lock-seal-fdl\/","title":{"rendered":"Fort Double Lock Seal (FDL)"},"content":{"rendered":"<p>1. The Fort Double Lock is moulded with high-impact PP material with a grip at the end for quick detection of breaking point and easy removal with clear evidence of tampering.<br \/>\n2. One-way double locking mechanisms are embedded for easy application and prevent tampering.<br \/>\n3. The large flap allows ample space for irreversible identifiers such as name, logo, barcode, serial number and QR code to be laser-marked on it.<br \/>\n4. These seals include the BioSphere bio-additives<\/p>\n","protected":false},"excerpt":{"rendered":"<p>Fort Double Lock features a flat round locking head for quick and easy application without compromising its securing features. The seal has a large marking area on the flap for detailed identifiers and easy reading. The smooth surface and ribbed section help with gripping and enhance operational efficiency. These seals include the BioSphere bio-additives.<\/p>\n<p>To provide eco-conscious solutions on a wide array of applications, all Mega Fortris\u2019 security seal product lines with plastic content will include the BioSphere bio-additives from 13 May 2024.<\/p>\n","protected":false},"featured_media":8272,"template":"","meta":{"_acf_changed":false,"inline_featured_image":false},"product_brand":[],"product_cat":[29,34,35,37],"product_tag":[211,206],"product-type":[338,313],"class_list":{"0":"post-2866","1":"product","2":"type-product","3":"status-publish","4":"has-post-thumbnail","6":"product_cat-fb","7":"product_cat-logistics","8":"product_cat-oil-and-gas","9":"product_cat-retail","10":"product_tag-fixed-length-seals","11":"product_tag-indicative-seals","12":"product-type-fixed-length-seals","13":"product-type-indicative-seals","15":"first","16":"instock","17":"shipping-taxable","18":"purchasable","19":"product-type-variable"},"acf":[],"yoast_head":"<!-- This site is optimized with the Yoast SEO plugin v27.4 - https:\/\/yoast.com\/product\/yoast-seo-wordpress\/ -->\n<title>Fort Double Lock Seal (FDL) - Mega Fortris France<\/title>\n<meta name=\"robots\" content=\"index, follow, max-snippet:-1, max-image-preview:large, max-video-preview:-1\" \/>\n<link rel=\"canonical\" href=\"https:\/\/www.megafortris.fr\/en\/product\/fort-double-lock-seal-fdl\/\" \/>\n<meta property=\"og:locale\" content=\"en_US\" \/>\n<meta property=\"og:type\" content=\"article\" \/>\n<meta property=\"og:title\" content=\"Fort Double Lock Seal (FDL) - Mega Fortris France\" \/>\n<meta property=\"og:description\" content=\"Fort Double Lock features a flat round locking head for quick and easy application without compromising its securing features. The seal has a large marking area on the flap for detailed identifiers and easy reading. The smooth surface and ribbed section help with gripping and enhance operational efficiency. These seals include the BioSphere bio-additives.  To provide eco-conscious solutions on a wide array of applications, all Mega Fortris\u2019 security seal product lines with plastic content will include the BioSphere bio-additives from 13 May 2024.\" \/>\n<meta property=\"og:url\" content=\"https:\/\/www.megafortris.fr\/en\/product\/fort-double-lock-seal-fdl\/\" \/>\n<meta property=\"og:site_name\" content=\"Mega Fortris France\" \/>\n<meta property=\"article:modified_time\" content=\"2026-03-17T16:32:36+00:00\" \/>\n<meta property=\"og:image\" content=\"https:\/\/www.megafortris.fr\/wp-content\/uploads\/2023\/12\/Fort-Double-Lock-Seal-FDL.jpg\" \/>\n\t<meta property=\"og:image:width\" content=\"2000\" \/>\n\t<meta property=\"og:image:height\" content=\"2000\" \/>\n\t<meta property=\"og:image:type\" content=\"image\/jpeg\" \/>\n<meta name=\"twitter:card\" content=\"summary_large_image\" \/>\n<meta name=\"twitter:label1\" content=\"Est. reading time\" \/>\n\t<meta name=\"twitter:data1\" content=\"1 minute\" \/>\n<script type=\"application\/ld+json\" class=\"yoast-schema-graph\">{\"@context\":\"https:\\\/\\\/schema.org\",\"@graph\":[{\"@type\":\"WebPage\",\"@id\":\"https:\\\/\\\/www.megafortris.fr\\\/en\\\/product\\\/fort-double-lock-seal-fdl\\\/\",\"url\":\"https:\\\/\\\/www.megafortris.fr\\\/en\\\/product\\\/fort-double-lock-seal-fdl\\\/\",\"name\":\"Fort Double Lock Seal (FDL) - Mega Fortris France\",\"isPartOf\":{\"@id\":\"https:\\\/\\\/www.megafortris.fr\\\/en\\\/#website\"},\"primaryImageOfPage\":{\"@id\":\"https:\\\/\\\/www.megafortris.fr\\\/en\\\/product\\\/fort-double-lock-seal-fdl\\\/#primaryimage\"},\"image\":{\"@id\":\"https:\\\/\\\/www.megafortris.fr\\\/en\\\/product\\\/fort-double-lock-seal-fdl\\\/#primaryimage\"},\"thumbnailUrl\":\"https:\\\/\\\/www.megafortris.fr\\\/wp-content\\\/uploads\\\/2023\\\/12\\\/Fort-Double-Lock-Seal-FDL.jpg\",\"datePublished\":\"2023-12-11T12:08:21+00:00\",\"dateModified\":\"2026-03-17T16:32:36+00:00\",\"breadcrumb\":{\"@id\":\"https:\\\/\\\/www.megafortris.fr\\\/en\\\/product\\\/fort-double-lock-seal-fdl\\\/#breadcrumb\"},\"inLanguage\":\"en-US\",\"potentialAction\":[{\"@type\":\"ReadAction\",\"target\":[\"https:\\\/\\\/www.megafortris.fr\\\/en\\\/product\\\/fort-double-lock-seal-fdl\\\/\"]}]},{\"@type\":\"ImageObject\",\"inLanguage\":\"en-US\",\"@id\":\"https:\\\/\\\/www.megafortris.fr\\\/en\\\/product\\\/fort-double-lock-seal-fdl\\\/#primaryimage\",\"url\":\"https:\\\/\\\/www.megafortris.fr\\\/wp-content\\\/uploads\\\/2023\\\/12\\\/Fort-Double-Lock-Seal-FDL.jpg\",\"contentUrl\":\"https:\\\/\\\/www.megafortris.fr\\\/wp-content\\\/uploads\\\/2023\\\/12\\\/Fort-Double-Lock-Seal-FDL.jpg\",\"width\":2000,\"height\":2000,\"caption\":\"scell\u00e9 Fort Double Lock\"},{\"@type\":\"BreadcrumbList\",\"@id\":\"https:\\\/\\\/www.megafortris.fr\\\/en\\\/product\\\/fort-double-lock-seal-fdl\\\/#breadcrumb\",\"itemListElement\":[{\"@type\":\"ListItem\",\"position\":1,\"name\":\"Home\",\"item\":\"https:\\\/\\\/www.megafortris.fr\\\/en\\\/\"},{\"@type\":\"ListItem\",\"position\":2,\"name\":\"Products\",\"item\":\"https:\\\/\\\/www.megafortris.fr\\\/en\\\/shop\\\/\"},{\"@type\":\"ListItem\",\"position\":3,\"name\":\"Fort Double Lock Seal (FDL)\"}]},{\"@type\":\"WebSite\",\"@id\":\"https:\\\/\\\/www.megafortris.fr\\\/en\\\/#website\",\"url\":\"https:\\\/\\\/www.megafortris.fr\\\/en\\\/\",\"name\":\"Mega Fortris France\",\"description\":\"Pr\u00e9vention-Protection-S\u00e9r\u00e9nit\u00e9\",\"publisher\":{\"@id\":\"https:\\\/\\\/www.megafortris.fr\\\/en\\\/#organization\"},\"potentialAction\":[{\"@type\":\"SearchAction\",\"target\":{\"@type\":\"EntryPoint\",\"urlTemplate\":\"https:\\\/\\\/www.megafortris.fr\\\/en\\\/?s={search_term_string}\"},\"query-input\":{\"@type\":\"PropertyValueSpecification\",\"valueRequired\":true,\"valueName\":\"search_term_string\"}}],\"inLanguage\":\"en-US\"},{\"@type\":\"Organization\",\"@id\":\"https:\\\/\\\/www.megafortris.fr\\\/en\\\/#organization\",\"name\":\"Mega Fortris France\",\"url\":\"https:\\\/\\\/www.megafortris.fr\\\/en\\\/\",\"logo\":{\"@type\":\"ImageObject\",\"inLanguage\":\"en-US\",\"@id\":\"https:\\\/\\\/www.megafortris.fr\\\/en\\\/#\\\/schema\\\/logo\\\/image\\\/\",\"url\":\"https:\\\/\\\/www.megafortris.fr\\\/wp-content\\\/uploads\\\/2023\\\/10\\\/logo.png\",\"contentUrl\":\"https:\\\/\\\/www.megafortris.fr\\\/wp-content\\\/uploads\\\/2023\\\/10\\\/logo.png\",\"width\":510,\"height\":510,\"caption\":\"Mega Fortris France\"},\"image\":{\"@id\":\"https:\\\/\\\/www.megafortris.fr\\\/en\\\/#\\\/schema\\\/logo\\\/image\\\/\"}}]}<\/script>\n<!-- \/ Yoast SEO plugin. -->","yoast_head_json":{"title":"Fort Double Lock Seal (FDL) - Mega Fortris France","robots":{"index":"index","follow":"follow","max-snippet":"max-snippet:-1","max-image-preview":"max-image-preview:large","max-video-preview":"max-video-preview:-1"},"canonical":"https:\/\/www.megafortris.fr\/en\/product\/fort-double-lock-seal-fdl\/","og_locale":"en_US","og_type":"article","og_title":"Fort Double Lock Seal (FDL) - Mega Fortris France","og_description":"Fort Double Lock features a flat round locking head for quick and easy application without compromising its securing features. The seal has a large marking area on the flap for detailed identifiers and easy reading. The smooth surface and ribbed section help with gripping and enhance operational efficiency. These seals include the BioSphere bio-additives.  To provide eco-conscious solutions on a wide array of applications, all Mega Fortris\u2019 security seal product lines with plastic content will include the BioSphere bio-additives from 13 May 2024.","og_url":"https:\/\/www.megafortris.fr\/en\/product\/fort-double-lock-seal-fdl\/","og_site_name":"Mega Fortris France","article_modified_time":"2026-03-17T16:32:36+00:00","og_image":[{"width":2000,"height":2000,"url":"https:\/\/www.megafortris.fr\/wp-content\/uploads\/2023\/12\/Fort-Double-Lock-Seal-FDL.jpg","type":"image\/jpeg"}],"twitter_card":"summary_large_image","twitter_misc":{"Est. reading time":"1 minute"},"schema":{"@context":"https:\/\/schema.org","@graph":[{"@type":"WebPage","@id":"https:\/\/www.megafortris.fr\/en\/product\/fort-double-lock-seal-fdl\/","url":"https:\/\/www.megafortris.fr\/en\/product\/fort-double-lock-seal-fdl\/","name":"Fort Double Lock Seal (FDL) - Mega Fortris France","isPartOf":{"@id":"https:\/\/www.megafortris.fr\/en\/#website"},"primaryImageOfPage":{"@id":"https:\/\/www.megafortris.fr\/en\/product\/fort-double-lock-seal-fdl\/#primaryimage"},"image":{"@id":"https:\/\/www.megafortris.fr\/en\/product\/fort-double-lock-seal-fdl\/#primaryimage"},"thumbnailUrl":"https:\/\/www.megafortris.fr\/wp-content\/uploads\/2023\/12\/Fort-Double-Lock-Seal-FDL.jpg","datePublished":"2023-12-11T12:08:21+00:00","dateModified":"2026-03-17T16:32:36+00:00","breadcrumb":{"@id":"https:\/\/www.megafortris.fr\/en\/product\/fort-double-lock-seal-fdl\/#breadcrumb"},"inLanguage":"en-US","potentialAction":[{"@type":"ReadAction","target":["https:\/\/www.megafortris.fr\/en\/product\/fort-double-lock-seal-fdl\/"]}]},{"@type":"ImageObject","inLanguage":"en-US","@id":"https:\/\/www.megafortris.fr\/en\/product\/fort-double-lock-seal-fdl\/#primaryimage","url":"https:\/\/www.megafortris.fr\/wp-content\/uploads\/2023\/12\/Fort-Double-Lock-Seal-FDL.jpg","contentUrl":"https:\/\/www.megafortris.fr\/wp-content\/uploads\/2023\/12\/Fort-Double-Lock-Seal-FDL.jpg","width":2000,"height":2000,"caption":"scell\u00e9 Fort Double Lock"},{"@type":"BreadcrumbList","@id":"https:\/\/www.megafortris.fr\/en\/product\/fort-double-lock-seal-fdl\/#breadcrumb","itemListElement":[{"@type":"ListItem","position":1,"name":"Home","item":"https:\/\/www.megafortris.fr\/en\/"},{"@type":"ListItem","position":2,"name":"Products","item":"https:\/\/www.megafortris.fr\/en\/shop\/"},{"@type":"ListItem","position":3,"name":"Fort Double Lock Seal (FDL)"}]},{"@type":"WebSite","@id":"https:\/\/www.megafortris.fr\/en\/#website","url":"https:\/\/www.megafortris.fr\/en\/","name":"Mega Fortris France","description":"Pr\u00e9vention-Protection-S\u00e9r\u00e9nit\u00e9","publisher":{"@id":"https:\/\/www.megafortris.fr\/en\/#organization"},"potentialAction":[{"@type":"SearchAction","target":{"@type":"EntryPoint","urlTemplate":"https:\/\/www.megafortris.fr\/en\/?s={search_term_string}"},"query-input":{"@type":"PropertyValueSpecification","valueRequired":true,"valueName":"search_term_string"}}],"inLanguage":"en-US"},{"@type":"Organization","@id":"https:\/\/www.megafortris.fr\/en\/#organization","name":"Mega Fortris France","url":"https:\/\/www.megafortris.fr\/en\/","logo":{"@type":"ImageObject","inLanguage":"en-US","@id":"https:\/\/www.megafortris.fr\/en\/#\/schema\/logo\/image\/","url":"https:\/\/www.megafortris.fr\/wp-content\/uploads\/2023\/10\/logo.png","contentUrl":"https:\/\/www.megafortris.fr\/wp-content\/uploads\/2023\/10\/logo.png","width":510,"height":510,"caption":"Mega Fortris France"},"image":{"@id":"https:\/\/www.megafortris.fr\/en\/#\/schema\/logo\/image\/"}}]}},"df_price":"","df_sale_price":"","df_regular_price":"","df_image_link":"https:\/\/www.megafortris.fr\/wp-content\/uploads\/2023\/12\/Fort-Double-Lock-Seal-FDL-300x300.jpg","_links":{"self":[{"href":"https:\/\/www.megafortris.fr\/en\/wp-json\/wp\/v2\/product\/2866","targetHints":{"allow":["GET"]}}],"collection":[{"href":"https:\/\/www.megafortris.fr\/en\/wp-json\/wp\/v2\/product"}],"about":[{"href":"https:\/\/www.megafortris.fr\/en\/wp-json\/wp\/v2\/types\/product"}],"wp:featuredmedia":[{"embeddable":true,"href":"https:\/\/www.megafortris.fr\/en\/wp-json\/wp\/v2\/media\/8272"}],"wp:attachment":[{"href":"https:\/\/www.megafortris.fr\/en\/wp-json\/wp\/v2\/media?parent=2866"}],"wp:term":[{"taxonomy":"product_brand","embeddable":true,"href":"https:\/\/www.megafortris.fr\/en\/wp-json\/wp\/v2\/product_brand?post=2866"},{"taxonomy":"product_cat","embeddable":true,"href":"https:\/\/www.megafortris.fr\/en\/wp-json\/wp\/v2\/product_cat?post=2866"},{"taxonomy":"product_tag","embeddable":true,"href":"https:\/\/www.megafortris.fr\/en\/wp-json\/wp\/v2\/product_tag?post=2866"},{"taxonomy":"product-type","embeddable":true,"href":"https:\/\/www.megafortris.fr\/en\/wp-json\/wp\/v2\/product-type?post=2866"}],"curies":[{"name":"wp","href":"https:\/\/api.w.org\/{rel}","templated":true}]}}