{"id":4728,"date":"2023-12-13T14:35:14","date_gmt":"2023-12-13T14:35:14","guid":{"rendered":"https:\/\/mfcorpnew.flywheelstaging.com\/?post_type=product&#038;p=4728"},"modified":"2025-12-29T22:23:38","modified_gmt":"2025-12-29T21:23:38","slug":"icao-steb-large","status":"publish","type":"product","link":"https:\/\/www.megafortris.fr\/en\/product\/icao-steb-large\/","title":{"rendered":"ICAO STEB Large"},"content":{"rendered":"<p>1. Tamper-Evident Bags (TE Bags) are constructed with high-impact recyclable plastic materials for durability and intricacy for rough handling and clear signs of tampering.<\/p>\n<p>2. The bags feature self-adhesive strips that come with clear sealing directives and printings on the edges to prevent deliberate damages on the bags.<\/p>\n<p>3. Irreversible identifiers such as name, logo, barcode, serial number and QR code are printed on the body with a matching receipt for further identification purposes.<\/p>\n<p>4. A matte white panel on the bags allows for handwritten identifiers and details with normal ballpoint pens or permanent marker pens.<\/p>\n<p>5. An innovative breathable TE Bag is available for collection and storage of biological samples as it prevents certain factors that contribute to the growth of microorganisms.<\/p>\n<p>6. Security Tapes are resistant to heat, cold, saliva, and solvents.<\/p>\n<p>7. The new invisible UV ink security feature serves as an anti-counterfeit for our security tamper-evident bags. It is a feature available in addition to our current security features.<\/p>\n<h2>Product Measurement<\/h2>\n\n<table id=\"tablepress-9\" class=\"tablepress tablepress-id-9\">\n<thead>\n<tr class=\"row-1\">\n\t<th class=\"column-1\"><strong>External Size (Including Handle)<\/strong><\/th><th class=\"column-2\"><strong>Thickness<\/strong><\/th>\n<\/tr>\n<\/thead>\n<tbody>\n<tr class=\"row-2\">\n\t<td class=\"column-1\">Large: 400mmW x 580mmL (15.75\"W x 22.83\"L)<\/td><td class=\"column-2\">70um<\/td>\n<\/tr>\n<\/tbody>\n<\/table>\n<!-- #tablepress-9 from cache -->\n","protected":false},"excerpt":{"rendered":"<p>Tamper-evident bags in Mega Fortris are available in a wide range of selection for different requirements. The user-friendly bags are made of recyclable plastic material and are structured to withstand rough handling while being delicate enough to trigger tell-tale tampering signs. Customisations of sizes and specifications are achievable for various applications; subject to volume.<\/p>\n","protected":false},"featured_media":8336,"template":"","meta":{"_acf_changed":false,"inline_featured_image":false},"product_brand":[],"product_cat":[27,37],"product_tag":[293],"product-type":[315],"class_list":{"0":"post-4728","1":"product","2":"type-product","3":"status-publish","4":"has-post-thumbnail","6":"product_cat-airline","7":"product_cat-retail","8":"product_tag-tamper-evident-security-bags","9":"product-type-tamper-evident-security-bags","11":"first","12":"instock","13":"shipping-taxable","14":"purchasable","15":"product-type-variable"},"acf":[],"yoast_head":"<!-- This site is optimized with the Yoast SEO plugin v27.5 - https:\/\/yoast.com\/product\/yoast-seo-wordpress\/ -->\n<title>ICAO STEB Large - Mega Fortris France<\/title>\n<meta name=\"robots\" content=\"index, follow, max-snippet:-1, max-image-preview:large, max-video-preview:-1\" \/>\n<link rel=\"canonical\" href=\"https:\/\/www.megafortris.fr\/en\/product\/icao-steb-large\/\" \/>\n<meta property=\"og:locale\" content=\"en_US\" \/>\n<meta property=\"og:type\" content=\"article\" \/>\n<meta property=\"og:title\" content=\"ICAO STEB Large - Mega Fortris France\" \/>\n<meta property=\"og:description\" content=\"Tamper-evident bags in Mega Fortris are available in a wide range of selection for different requirements. The user-friendly bags are made of recyclable plastic material and are structured to withstand rough handling while being delicate enough to trigger tell-tale tampering signs. Customisations of sizes and specifications are achievable for various applications; subject to volume.\" \/>\n<meta property=\"og:url\" content=\"https:\/\/www.megafortris.fr\/en\/product\/icao-steb-large\/\" \/>\n<meta property=\"og:site_name\" content=\"Mega Fortris France\" \/>\n<meta property=\"article:modified_time\" content=\"2025-12-29T21:23:38+00:00\" \/>\n<meta property=\"og:image\" content=\"https:\/\/www.megafortris.fr\/wp-content\/uploads\/2023\/12\/THUMBNAIL-ICAO-Generic-Bag-Front-1.jpg\" \/>\n\t<meta property=\"og:image:width\" content=\"2000\" \/>\n\t<meta property=\"og:image:height\" content=\"2000\" \/>\n\t<meta property=\"og:image:type\" content=\"image\/jpeg\" \/>\n<meta name=\"twitter:card\" content=\"summary_large_image\" \/>\n<meta name=\"twitter:label1\" content=\"Est. reading time\" \/>\n\t<meta name=\"twitter:data1\" content=\"1 minute\" \/>\n<script type=\"application\/ld+json\" class=\"yoast-schema-graph\">{\"@context\":\"https:\\\/\\\/schema.org\",\"@graph\":[{\"@type\":\"WebPage\",\"@id\":\"https:\\\/\\\/www.megafortris.fr\\\/en\\\/product\\\/icao-steb-large\\\/\",\"url\":\"https:\\\/\\\/www.megafortris.fr\\\/en\\\/product\\\/icao-steb-large\\\/\",\"name\":\"ICAO STEB Large - Mega Fortris France\",\"isPartOf\":{\"@id\":\"https:\\\/\\\/www.megafortris.fr\\\/en\\\/#website\"},\"primaryImageOfPage\":{\"@id\":\"https:\\\/\\\/www.megafortris.fr\\\/en\\\/product\\\/icao-steb-large\\\/#primaryimage\"},\"image\":{\"@id\":\"https:\\\/\\\/www.megafortris.fr\\\/en\\\/product\\\/icao-steb-large\\\/#primaryimage\"},\"thumbnailUrl\":\"https:\\\/\\\/www.megafortris.fr\\\/wp-content\\\/uploads\\\/2023\\\/12\\\/THUMBNAIL-ICAO-Generic-Bag-Front-1.jpg\",\"datePublished\":\"2023-12-13T14:35:14+00:00\",\"dateModified\":\"2025-12-29T21:23:38+00:00\",\"breadcrumb\":{\"@id\":\"https:\\\/\\\/www.megafortris.fr\\\/en\\\/product\\\/icao-steb-large\\\/#breadcrumb\"},\"inLanguage\":\"en-US\",\"potentialAction\":[{\"@type\":\"ReadAction\",\"target\":[\"https:\\\/\\\/www.megafortris.fr\\\/en\\\/product\\\/icao-steb-large\\\/\"]}]},{\"@type\":\"ImageObject\",\"inLanguage\":\"en-US\",\"@id\":\"https:\\\/\\\/www.megafortris.fr\\\/en\\\/product\\\/icao-steb-large\\\/#primaryimage\",\"url\":\"https:\\\/\\\/www.megafortris.fr\\\/wp-content\\\/uploads\\\/2023\\\/12\\\/THUMBNAIL-ICAO-Generic-Bag-Front-1.jpg\",\"contentUrl\":\"https:\\\/\\\/www.megafortris.fr\\\/wp-content\\\/uploads\\\/2023\\\/12\\\/THUMBNAIL-ICAO-Generic-Bag-Front-1.jpg\",\"width\":2000,\"height\":2000},{\"@type\":\"BreadcrumbList\",\"@id\":\"https:\\\/\\\/www.megafortris.fr\\\/en\\\/product\\\/icao-steb-large\\\/#breadcrumb\",\"itemListElement\":[{\"@type\":\"ListItem\",\"position\":1,\"name\":\"Home\",\"item\":\"https:\\\/\\\/www.megafortris.fr\\\/en\\\/\"},{\"@type\":\"ListItem\",\"position\":2,\"name\":\"Products\",\"item\":\"https:\\\/\\\/www.megafortris.fr\\\/en\\\/shop\\\/\"},{\"@type\":\"ListItem\",\"position\":3,\"name\":\"ICAO STEB Large\"}]},{\"@type\":\"WebSite\",\"@id\":\"https:\\\/\\\/www.megafortris.fr\\\/en\\\/#website\",\"url\":\"https:\\\/\\\/www.megafortris.fr\\\/en\\\/\",\"name\":\"Mega Fortris France\",\"description\":\"Pr\u00e9vention-Protection-S\u00e9r\u00e9nit\u00e9\",\"publisher\":{\"@id\":\"https:\\\/\\\/www.megafortris.fr\\\/en\\\/#organization\"},\"potentialAction\":[{\"@type\":\"SearchAction\",\"target\":{\"@type\":\"EntryPoint\",\"urlTemplate\":\"https:\\\/\\\/www.megafortris.fr\\\/en\\\/?s={search_term_string}\"},\"query-input\":{\"@type\":\"PropertyValueSpecification\",\"valueRequired\":true,\"valueName\":\"search_term_string\"}}],\"inLanguage\":\"en-US\"},{\"@type\":\"Organization\",\"@id\":\"https:\\\/\\\/www.megafortris.fr\\\/en\\\/#organization\",\"name\":\"Mega Fortris France\",\"url\":\"https:\\\/\\\/www.megafortris.fr\\\/en\\\/\",\"logo\":{\"@type\":\"ImageObject\",\"inLanguage\":\"en-US\",\"@id\":\"https:\\\/\\\/www.megafortris.fr\\\/en\\\/#\\\/schema\\\/logo\\\/image\\\/\",\"url\":\"https:\\\/\\\/www.megafortris.fr\\\/wp-content\\\/uploads\\\/2023\\\/10\\\/logo.png\",\"contentUrl\":\"https:\\\/\\\/www.megafortris.fr\\\/wp-content\\\/uploads\\\/2023\\\/10\\\/logo.png\",\"width\":510,\"height\":510,\"caption\":\"Mega Fortris France\"},\"image\":{\"@id\":\"https:\\\/\\\/www.megafortris.fr\\\/en\\\/#\\\/schema\\\/logo\\\/image\\\/\"}}]}<\/script>\n<!-- \/ Yoast SEO plugin. -->","yoast_head_json":{"title":"ICAO STEB Large - Mega Fortris France","robots":{"index":"index","follow":"follow","max-snippet":"max-snippet:-1","max-image-preview":"max-image-preview:large","max-video-preview":"max-video-preview:-1"},"canonical":"https:\/\/www.megafortris.fr\/en\/product\/icao-steb-large\/","og_locale":"en_US","og_type":"article","og_title":"ICAO STEB Large - Mega Fortris France","og_description":"Tamper-evident bags in Mega Fortris are available in a wide range of selection for different requirements. The user-friendly bags are made of recyclable plastic material and are structured to withstand rough handling while being delicate enough to trigger tell-tale tampering signs. Customisations of sizes and specifications are achievable for various applications; subject to volume.","og_url":"https:\/\/www.megafortris.fr\/en\/product\/icao-steb-large\/","og_site_name":"Mega Fortris France","article_modified_time":"2025-12-29T21:23:38+00:00","og_image":[{"width":2000,"height":2000,"url":"https:\/\/www.megafortris.fr\/wp-content\/uploads\/2023\/12\/THUMBNAIL-ICAO-Generic-Bag-Front-1.jpg","type":"image\/jpeg"}],"twitter_card":"summary_large_image","twitter_misc":{"Est. reading time":"1 minute"},"schema":{"@context":"https:\/\/schema.org","@graph":[{"@type":"WebPage","@id":"https:\/\/www.megafortris.fr\/en\/product\/icao-steb-large\/","url":"https:\/\/www.megafortris.fr\/en\/product\/icao-steb-large\/","name":"ICAO STEB Large - Mega Fortris France","isPartOf":{"@id":"https:\/\/www.megafortris.fr\/en\/#website"},"primaryImageOfPage":{"@id":"https:\/\/www.megafortris.fr\/en\/product\/icao-steb-large\/#primaryimage"},"image":{"@id":"https:\/\/www.megafortris.fr\/en\/product\/icao-steb-large\/#primaryimage"},"thumbnailUrl":"https:\/\/www.megafortris.fr\/wp-content\/uploads\/2023\/12\/THUMBNAIL-ICAO-Generic-Bag-Front-1.jpg","datePublished":"2023-12-13T14:35:14+00:00","dateModified":"2025-12-29T21:23:38+00:00","breadcrumb":{"@id":"https:\/\/www.megafortris.fr\/en\/product\/icao-steb-large\/#breadcrumb"},"inLanguage":"en-US","potentialAction":[{"@type":"ReadAction","target":["https:\/\/www.megafortris.fr\/en\/product\/icao-steb-large\/"]}]},{"@type":"ImageObject","inLanguage":"en-US","@id":"https:\/\/www.megafortris.fr\/en\/product\/icao-steb-large\/#primaryimage","url":"https:\/\/www.megafortris.fr\/wp-content\/uploads\/2023\/12\/THUMBNAIL-ICAO-Generic-Bag-Front-1.jpg","contentUrl":"https:\/\/www.megafortris.fr\/wp-content\/uploads\/2023\/12\/THUMBNAIL-ICAO-Generic-Bag-Front-1.jpg","width":2000,"height":2000},{"@type":"BreadcrumbList","@id":"https:\/\/www.megafortris.fr\/en\/product\/icao-steb-large\/#breadcrumb","itemListElement":[{"@type":"ListItem","position":1,"name":"Home","item":"https:\/\/www.megafortris.fr\/en\/"},{"@type":"ListItem","position":2,"name":"Products","item":"https:\/\/www.megafortris.fr\/en\/shop\/"},{"@type":"ListItem","position":3,"name":"ICAO STEB Large"}]},{"@type":"WebSite","@id":"https:\/\/www.megafortris.fr\/en\/#website","url":"https:\/\/www.megafortris.fr\/en\/","name":"Mega Fortris France","description":"Pr\u00e9vention-Protection-S\u00e9r\u00e9nit\u00e9","publisher":{"@id":"https:\/\/www.megafortris.fr\/en\/#organization"},"potentialAction":[{"@type":"SearchAction","target":{"@type":"EntryPoint","urlTemplate":"https:\/\/www.megafortris.fr\/en\/?s={search_term_string}"},"query-input":{"@type":"PropertyValueSpecification","valueRequired":true,"valueName":"search_term_string"}}],"inLanguage":"en-US"},{"@type":"Organization","@id":"https:\/\/www.megafortris.fr\/en\/#organization","name":"Mega Fortris France","url":"https:\/\/www.megafortris.fr\/en\/","logo":{"@type":"ImageObject","inLanguage":"en-US","@id":"https:\/\/www.megafortris.fr\/en\/#\/schema\/logo\/image\/","url":"https:\/\/www.megafortris.fr\/wp-content\/uploads\/2023\/10\/logo.png","contentUrl":"https:\/\/www.megafortris.fr\/wp-content\/uploads\/2023\/10\/logo.png","width":510,"height":510,"caption":"Mega Fortris France"},"image":{"@id":"https:\/\/www.megafortris.fr\/en\/#\/schema\/logo\/image\/"}}]}},"df_price":"","df_sale_price":"","df_regular_price":"","df_image_link":"https:\/\/www.megafortris.fr\/wp-content\/uploads\/2023\/12\/THUMBNAIL-ICAO-Generic-Bag-Front-1-300x300.jpg","_links":{"self":[{"href":"https:\/\/www.megafortris.fr\/en\/wp-json\/wp\/v2\/product\/4728","targetHints":{"allow":["GET"]}}],"collection":[{"href":"https:\/\/www.megafortris.fr\/en\/wp-json\/wp\/v2\/product"}],"about":[{"href":"https:\/\/www.megafortris.fr\/en\/wp-json\/wp\/v2\/types\/product"}],"wp:featuredmedia":[{"embeddable":true,"href":"https:\/\/www.megafortris.fr\/en\/wp-json\/wp\/v2\/media\/8336"}],"wp:attachment":[{"href":"https:\/\/www.megafortris.fr\/en\/wp-json\/wp\/v2\/media?parent=4728"}],"wp:term":[{"taxonomy":"product_brand","embeddable":true,"href":"https:\/\/www.megafortris.fr\/en\/wp-json\/wp\/v2\/product_brand?post=4728"},{"taxonomy":"product_cat","embeddable":true,"href":"https:\/\/www.megafortris.fr\/en\/wp-json\/wp\/v2\/product_cat?post=4728"},{"taxonomy":"product_tag","embeddable":true,"href":"https:\/\/www.megafortris.fr\/en\/wp-json\/wp\/v2\/product_tag?post=4728"},{"taxonomy":"product-type","embeddable":true,"href":"https:\/\/www.megafortris.fr\/en\/wp-json\/wp\/v2\/product-type?post=4728"}],"curies":[{"name":"wp","href":"https:\/\/api.w.org\/{rel}","templated":true}]}}