{"id":4755,"date":"2023-12-13T14:35:21","date_gmt":"2023-12-13T14:35:21","guid":{"rendered":"https:\/\/mfcorpnew.flywheelstaging.com\/?post_type=product&#038;p=4755"},"modified":"2026-03-17T15:09:02","modified_gmt":"2026-03-17T14:09:02","slug":"gold-bullion-box-gb-box","status":"publish","type":"product","link":"https:\/\/www.megafortris.fr\/en\/product\/gold-bullion-box-gb-box\/","title":{"rendered":"Gold Bullion Box (GB Box)"},"content":{"rendered":"<p>Gold Bullion Box is moulded with high-impact plastic materials to show clear tampering signs and withstand rough handling for multiple usage.<br \/>\n2. The slide-on lid is easy to apply and can be further secured either with cable or plastic indicative seals.<br \/>\n3. The lid is designed with a space-saving nesting feature.<br \/>\n4. The reinforced metal handles are embedded into the high-impact plastic and are foldable when nesting.<br \/>\n5. Irreversible identifiers such as name, logo, barcode, serial number and QR code can be laser marked on the lid and the side.<br \/>\n6. These seals include the BioSphere bio-additives.<\/p>\n","protected":false},"excerpt":{"rendered":"<p>Gold Bullion Box is manufactured with high-impact plastic material and reinforced metal handles for rigid and durable properties. It has a tamper-resistant slide-on security lid with one sealing latch. Cable and plastic indicative seals are perfect to secure the Gold Bullion Box. The box is feasible and versatile for all kinds of asset. These seals include the BioSphere bio-additives<\/p>\n<p>To provide eco-conscious solutions on a wide array of applications, all Mega Fortris\u2019 security seal product lines with plastic content will include the BioSpheres bio-additive from 13 May 2024.<\/p>\n","protected":false},"featured_media":8330,"template":"","meta":{"_acf_changed":false,"inline_featured_image":false},"product_brand":[],"product_cat":[27,201,31,34,36],"product_tag":[244],"product-type":[316],"class_list":{"0":"post-4755","1":"product","2":"type-product","3":"status-publish","4":"has-post-thumbnail","6":"product_cat-airline","7":"product_cat-banking","8":"product_cat-government","9":"product_cat-logistics","10":"product_cat-pharmaceutical","11":"product_tag-security-boxes","12":"product-type-security-boxes","14":"first","15":"instock","16":"shipping-taxable","17":"purchasable","18":"product-type-variable"},"acf":[],"yoast_head":"<!-- This site is optimized with the Yoast SEO plugin v27.3 - https:\/\/yoast.com\/product\/yoast-seo-wordpress\/ -->\n<title>Gold Bullion Box (GB Box) - Mega Fortris France<\/title>\n<meta name=\"robots\" content=\"index, follow, max-snippet:-1, max-image-preview:large, max-video-preview:-1\" \/>\n<link rel=\"canonical\" href=\"https:\/\/www.megafortris.fr\/en\/product\/gold-bullion-box-gb-box\/\" \/>\n<meta property=\"og:locale\" content=\"en_US\" \/>\n<meta property=\"og:type\" content=\"article\" \/>\n<meta property=\"og:title\" content=\"Gold Bullion Box (GB Box) - Mega Fortris France\" \/>\n<meta property=\"og:description\" content=\"Gold Bullion Box is manufactured with high-impact plastic material and reinforced metal handles for rigid and durable properties. It has a tamper-resistant slide-on security lid with one sealing latch. Cable and plastic indicative seals are perfect to secure the Gold Bullion Box. The box is feasible and versatile for all kinds of asset. These seals include the BioSphere bio-additives  To provide eco-conscious solutions on a wide array of applications, all Mega Fortris\u2019 security seal product lines with plastic content will include the BioSpheres bio-additive from 13 May 2024.\" \/>\n<meta property=\"og:url\" content=\"https:\/\/www.megafortris.fr\/en\/product\/gold-bullion-box-gb-box\/\" \/>\n<meta property=\"og:site_name\" content=\"Mega Fortris France\" \/>\n<meta property=\"article:modified_time\" content=\"2026-03-17T14:09:02+00:00\" \/>\n<meta property=\"og:image\" content=\"https:\/\/www.megafortris.fr\/wp-content\/uploads\/2023\/12\/THUMBNAIL-GB-BOX-Locked-Isometric-view_.jpg\" \/>\n\t<meta property=\"og:image:width\" content=\"2000\" \/>\n\t<meta property=\"og:image:height\" content=\"2000\" \/>\n\t<meta property=\"og:image:type\" content=\"image\/jpeg\" \/>\n<meta name=\"twitter:card\" content=\"summary_large_image\" \/>\n<meta name=\"twitter:label1\" content=\"Est. reading time\" \/>\n\t<meta name=\"twitter:data1\" content=\"1 minute\" \/>\n<script type=\"application\/ld+json\" class=\"yoast-schema-graph\">{\"@context\":\"https:\\\/\\\/schema.org\",\"@graph\":[{\"@type\":\"WebPage\",\"@id\":\"https:\\\/\\\/www.megafortris.fr\\\/en\\\/product\\\/gold-bullion-box-gb-box\\\/\",\"url\":\"https:\\\/\\\/www.megafortris.fr\\\/en\\\/product\\\/gold-bullion-box-gb-box\\\/\",\"name\":\"Gold Bullion Box (GB Box) - Mega Fortris France\",\"isPartOf\":{\"@id\":\"https:\\\/\\\/www.megafortris.fr\\\/en\\\/#website\"},\"primaryImageOfPage\":{\"@id\":\"https:\\\/\\\/www.megafortris.fr\\\/en\\\/product\\\/gold-bullion-box-gb-box\\\/#primaryimage\"},\"image\":{\"@id\":\"https:\\\/\\\/www.megafortris.fr\\\/en\\\/product\\\/gold-bullion-box-gb-box\\\/#primaryimage\"},\"thumbnailUrl\":\"https:\\\/\\\/www.megafortris.fr\\\/wp-content\\\/uploads\\\/2023\\\/12\\\/THUMBNAIL-GB-BOX-Locked-Isometric-view_.jpg\",\"datePublished\":\"2023-12-13T14:35:21+00:00\",\"dateModified\":\"2026-03-17T14:09:02+00:00\",\"breadcrumb\":{\"@id\":\"https:\\\/\\\/www.megafortris.fr\\\/en\\\/product\\\/gold-bullion-box-gb-box\\\/#breadcrumb\"},\"inLanguage\":\"en-US\",\"potentialAction\":[{\"@type\":\"ReadAction\",\"target\":[\"https:\\\/\\\/www.megafortris.fr\\\/en\\\/product\\\/gold-bullion-box-gb-box\\\/\"]}]},{\"@type\":\"ImageObject\",\"inLanguage\":\"en-US\",\"@id\":\"https:\\\/\\\/www.megafortris.fr\\\/en\\\/product\\\/gold-bullion-box-gb-box\\\/#primaryimage\",\"url\":\"https:\\\/\\\/www.megafortris.fr\\\/wp-content\\\/uploads\\\/2023\\\/12\\\/THUMBNAIL-GB-BOX-Locked-Isometric-view_.jpg\",\"contentUrl\":\"https:\\\/\\\/www.megafortris.fr\\\/wp-content\\\/uploads\\\/2023\\\/12\\\/THUMBNAIL-GB-BOX-Locked-Isometric-view_.jpg\",\"width\":2000,\"height\":2000,\"caption\":\"Bo\u00eete pour lingots d'or \u2013 bo\u00eete s\u00e9curis\u00e9e pour lingots\"},{\"@type\":\"BreadcrumbList\",\"@id\":\"https:\\\/\\\/www.megafortris.fr\\\/en\\\/product\\\/gold-bullion-box-gb-box\\\/#breadcrumb\",\"itemListElement\":[{\"@type\":\"ListItem\",\"position\":1,\"name\":\"Home\",\"item\":\"https:\\\/\\\/www.megafortris.fr\\\/en\\\/\"},{\"@type\":\"ListItem\",\"position\":2,\"name\":\"Products\",\"item\":\"https:\\\/\\\/www.megafortris.fr\\\/en\\\/shop\\\/\"},{\"@type\":\"ListItem\",\"position\":3,\"name\":\"Gold Bullion Box (GB Box)\"}]},{\"@type\":\"WebSite\",\"@id\":\"https:\\\/\\\/www.megafortris.fr\\\/en\\\/#website\",\"url\":\"https:\\\/\\\/www.megafortris.fr\\\/en\\\/\",\"name\":\"Mega Fortris France\",\"description\":\"Pr\u00e9vention-Protection-S\u00e9r\u00e9nit\u00e9\",\"publisher\":{\"@id\":\"https:\\\/\\\/www.megafortris.fr\\\/en\\\/#organization\"},\"potentialAction\":[{\"@type\":\"SearchAction\",\"target\":{\"@type\":\"EntryPoint\",\"urlTemplate\":\"https:\\\/\\\/www.megafortris.fr\\\/en\\\/?s={search_term_string}\"},\"query-input\":{\"@type\":\"PropertyValueSpecification\",\"valueRequired\":true,\"valueName\":\"search_term_string\"}}],\"inLanguage\":\"en-US\"},{\"@type\":\"Organization\",\"@id\":\"https:\\\/\\\/www.megafortris.fr\\\/en\\\/#organization\",\"name\":\"Mega Fortris France\",\"url\":\"https:\\\/\\\/www.megafortris.fr\\\/en\\\/\",\"logo\":{\"@type\":\"ImageObject\",\"inLanguage\":\"en-US\",\"@id\":\"https:\\\/\\\/www.megafortris.fr\\\/en\\\/#\\\/schema\\\/logo\\\/image\\\/\",\"url\":\"https:\\\/\\\/www.megafortris.fr\\\/wp-content\\\/uploads\\\/2023\\\/10\\\/logo.png\",\"contentUrl\":\"https:\\\/\\\/www.megafortris.fr\\\/wp-content\\\/uploads\\\/2023\\\/10\\\/logo.png\",\"width\":510,\"height\":510,\"caption\":\"Mega Fortris France\"},\"image\":{\"@id\":\"https:\\\/\\\/www.megafortris.fr\\\/en\\\/#\\\/schema\\\/logo\\\/image\\\/\"}}]}<\/script>\n<!-- \/ Yoast SEO plugin. -->","yoast_head_json":{"title":"Gold Bullion Box (GB Box) - Mega Fortris France","robots":{"index":"index","follow":"follow","max-snippet":"max-snippet:-1","max-image-preview":"max-image-preview:large","max-video-preview":"max-video-preview:-1"},"canonical":"https:\/\/www.megafortris.fr\/en\/product\/gold-bullion-box-gb-box\/","og_locale":"en_US","og_type":"article","og_title":"Gold Bullion Box (GB Box) - Mega Fortris France","og_description":"Gold Bullion Box is manufactured with high-impact plastic material and reinforced metal handles for rigid and durable properties. It has a tamper-resistant slide-on security lid with one sealing latch. Cable and plastic indicative seals are perfect to secure the Gold Bullion Box. The box is feasible and versatile for all kinds of asset. These seals include the BioSphere bio-additives  To provide eco-conscious solutions on a wide array of applications, all Mega Fortris\u2019 security seal product lines with plastic content will include the BioSpheres bio-additive from 13 May 2024.","og_url":"https:\/\/www.megafortris.fr\/en\/product\/gold-bullion-box-gb-box\/","og_site_name":"Mega Fortris France","article_modified_time":"2026-03-17T14:09:02+00:00","og_image":[{"width":2000,"height":2000,"url":"https:\/\/www.megafortris.fr\/wp-content\/uploads\/2023\/12\/THUMBNAIL-GB-BOX-Locked-Isometric-view_.jpg","type":"image\/jpeg"}],"twitter_card":"summary_large_image","twitter_misc":{"Est. reading time":"1 minute"},"schema":{"@context":"https:\/\/schema.org","@graph":[{"@type":"WebPage","@id":"https:\/\/www.megafortris.fr\/en\/product\/gold-bullion-box-gb-box\/","url":"https:\/\/www.megafortris.fr\/en\/product\/gold-bullion-box-gb-box\/","name":"Gold Bullion Box (GB Box) - Mega Fortris France","isPartOf":{"@id":"https:\/\/www.megafortris.fr\/en\/#website"},"primaryImageOfPage":{"@id":"https:\/\/www.megafortris.fr\/en\/product\/gold-bullion-box-gb-box\/#primaryimage"},"image":{"@id":"https:\/\/www.megafortris.fr\/en\/product\/gold-bullion-box-gb-box\/#primaryimage"},"thumbnailUrl":"https:\/\/www.megafortris.fr\/wp-content\/uploads\/2023\/12\/THUMBNAIL-GB-BOX-Locked-Isometric-view_.jpg","datePublished":"2023-12-13T14:35:21+00:00","dateModified":"2026-03-17T14:09:02+00:00","breadcrumb":{"@id":"https:\/\/www.megafortris.fr\/en\/product\/gold-bullion-box-gb-box\/#breadcrumb"},"inLanguage":"en-US","potentialAction":[{"@type":"ReadAction","target":["https:\/\/www.megafortris.fr\/en\/product\/gold-bullion-box-gb-box\/"]}]},{"@type":"ImageObject","inLanguage":"en-US","@id":"https:\/\/www.megafortris.fr\/en\/product\/gold-bullion-box-gb-box\/#primaryimage","url":"https:\/\/www.megafortris.fr\/wp-content\/uploads\/2023\/12\/THUMBNAIL-GB-BOX-Locked-Isometric-view_.jpg","contentUrl":"https:\/\/www.megafortris.fr\/wp-content\/uploads\/2023\/12\/THUMBNAIL-GB-BOX-Locked-Isometric-view_.jpg","width":2000,"height":2000,"caption":"Bo\u00eete pour lingots d'or \u2013 bo\u00eete s\u00e9curis\u00e9e pour lingots"},{"@type":"BreadcrumbList","@id":"https:\/\/www.megafortris.fr\/en\/product\/gold-bullion-box-gb-box\/#breadcrumb","itemListElement":[{"@type":"ListItem","position":1,"name":"Home","item":"https:\/\/www.megafortris.fr\/en\/"},{"@type":"ListItem","position":2,"name":"Products","item":"https:\/\/www.megafortris.fr\/en\/shop\/"},{"@type":"ListItem","position":3,"name":"Gold Bullion Box (GB Box)"}]},{"@type":"WebSite","@id":"https:\/\/www.megafortris.fr\/en\/#website","url":"https:\/\/www.megafortris.fr\/en\/","name":"Mega Fortris France","description":"Pr\u00e9vention-Protection-S\u00e9r\u00e9nit\u00e9","publisher":{"@id":"https:\/\/www.megafortris.fr\/en\/#organization"},"potentialAction":[{"@type":"SearchAction","target":{"@type":"EntryPoint","urlTemplate":"https:\/\/www.megafortris.fr\/en\/?s={search_term_string}"},"query-input":{"@type":"PropertyValueSpecification","valueRequired":true,"valueName":"search_term_string"}}],"inLanguage":"en-US"},{"@type":"Organization","@id":"https:\/\/www.megafortris.fr\/en\/#organization","name":"Mega Fortris France","url":"https:\/\/www.megafortris.fr\/en\/","logo":{"@type":"ImageObject","inLanguage":"en-US","@id":"https:\/\/www.megafortris.fr\/en\/#\/schema\/logo\/image\/","url":"https:\/\/www.megafortris.fr\/wp-content\/uploads\/2023\/10\/logo.png","contentUrl":"https:\/\/www.megafortris.fr\/wp-content\/uploads\/2023\/10\/logo.png","width":510,"height":510,"caption":"Mega Fortris France"},"image":{"@id":"https:\/\/www.megafortris.fr\/en\/#\/schema\/logo\/image\/"}}]}},"df_price":"","df_sale_price":"","df_regular_price":"","df_image_link":"https:\/\/www.megafortris.fr\/wp-content\/uploads\/2023\/12\/THUMBNAIL-GB-BOX-Locked-Isometric-view_-300x300.jpg","_links":{"self":[{"href":"https:\/\/www.megafortris.fr\/en\/wp-json\/wp\/v2\/product\/4755","targetHints":{"allow":["GET"]}}],"collection":[{"href":"https:\/\/www.megafortris.fr\/en\/wp-json\/wp\/v2\/product"}],"about":[{"href":"https:\/\/www.megafortris.fr\/en\/wp-json\/wp\/v2\/types\/product"}],"wp:featuredmedia":[{"embeddable":true,"href":"https:\/\/www.megafortris.fr\/en\/wp-json\/wp\/v2\/media\/8330"}],"wp:attachment":[{"href":"https:\/\/www.megafortris.fr\/en\/wp-json\/wp\/v2\/media?parent=4755"}],"wp:term":[{"taxonomy":"product_brand","embeddable":true,"href":"https:\/\/www.megafortris.fr\/en\/wp-json\/wp\/v2\/product_brand?post=4755"},{"taxonomy":"product_cat","embeddable":true,"href":"https:\/\/www.megafortris.fr\/en\/wp-json\/wp\/v2\/product_cat?post=4755"},{"taxonomy":"product_tag","embeddable":true,"href":"https:\/\/www.megafortris.fr\/en\/wp-json\/wp\/v2\/product_tag?post=4755"},{"taxonomy":"product-type","embeddable":true,"href":"https:\/\/www.megafortris.fr\/en\/wp-json\/wp\/v2\/product-type?post=4755"}],"curies":[{"name":"wp","href":"https:\/\/api.w.org\/{rel}","templated":true}]}}