{"id":7265,"date":"2024-05-17T11:22:38","date_gmt":"2024-05-17T10:22:38","guid":{"rendered":"https:\/\/mfcorpnew.flywheelstaging.com\/?post_type=product&#038;p=7265"},"modified":"2026-03-17T14:37:57","modified_gmt":"2026-03-17T13:37:57","slug":"fast-seal-tear-off","status":"publish","type":"product","link":"https:\/\/www.megafortris.fr\/en\/product\/fast-seal-tear-off\/","title":{"rendered":"Fast Seal (Tear-Off)"},"content":{"rendered":"<p>1. The Fast Seal is moulded with Polypropylene (PP) or high-impact Nylon (NY) material with the metal lock ultrasonically encapsulated for greater security and clear evidence of tampering.<br \/>\n2. One-way locking mechanism is embedded for fast and easy application.<br \/>\n3. Irreversible identifiers such as name, logo, barcode, serial number and QR code are laser-marked on the flap.<br \/>\n4. These seals include the BioSphere bio-additives.<br \/>\n5. Different strap lengths are available to cater to different applications.<br \/>\n6. Tear-off (TO) variation available in 5\u201d and 8\u201d for easy removal<br \/>\n7. These seals include the BioSphere bio-additive<\/p>\n","protected":false},"excerpt":{"rendered":"<p>Fast Seal is the icon in the indicative family. It offers various options for strap length to complement the different applications. Its slim round strap makes it suitable for small hole latches. This is the most versatile choice for security and authentication purposes. These seals include the BioSphere bio-additives<\/p>\n<p>To provide eco-conscious solutions on a wide array of applications, all Mega Fortris\u2019 security seal product lines with plastic content will include the BioSphere bio-additives from 13 May 2024.<\/p>\n","protected":false},"featured_media":7314,"template":"","meta":{"_acf_changed":false,"inline_featured_image":false},"product_brand":[],"product_cat":[201,34,37,38],"product_tag":[206,234],"product-type":[313,341],"class_list":{"0":"post-7265","1":"product","2":"type-product","3":"status-publish","4":"has-post-thumbnail","6":"product_cat-banking","7":"product_cat-logistics","8":"product_cat-retail","9":"product_cat-utilities","10":"product_tag-indicative-seals","11":"product_tag-pull-tight-seals","12":"product-type-indicative-seals","13":"product-type-pull-tight-seals","15":"first","16":"instock","17":"shipping-taxable","18":"purchasable","19":"product-type-variable"},"acf":[],"yoast_head":"<!-- This site is optimized with the Yoast SEO plugin v27.4 - https:\/\/yoast.com\/product\/yoast-seo-wordpress\/ -->\n<title>Fast Seal (Tear-Off) - Mega Fortris France<\/title>\n<meta name=\"robots\" content=\"index, follow, max-snippet:-1, max-image-preview:large, max-video-preview:-1\" \/>\n<link rel=\"canonical\" href=\"https:\/\/www.megafortris.fr\/en\/product\/fast-seal-tear-off\/\" \/>\n<meta property=\"og:locale\" content=\"en_US\" \/>\n<meta property=\"og:type\" content=\"article\" \/>\n<meta property=\"og:title\" content=\"Fast Seal (Tear-Off) - Mega Fortris France\" \/>\n<meta property=\"og:description\" content=\"Fast Seal is the icon in the indicative family. It offers various options for strap length to complement the different applications. Its slim round strap makes it suitable for small hole latches. This is the most versatile choice for security and authentication purposes. These seals include the BioSphere bio-additives  To provide eco-conscious solutions on a wide array of applications, all Mega Fortris\u2019 security seal product lines with plastic content will include the BioSphere bio-additives from 13 May 2024.\" \/>\n<meta property=\"og:url\" content=\"https:\/\/www.megafortris.fr\/en\/product\/fast-seal-tear-off\/\" \/>\n<meta property=\"og:site_name\" content=\"Mega Fortris France\" \/>\n<meta property=\"article:modified_time\" content=\"2026-03-17T13:37:57+00:00\" \/>\n<meta property=\"og:image\" content=\"https:\/\/www.megafortris.fr\/wp-content\/uploads\/2024\/05\/THUMBNAIL-FS5TO-Loop-3.jpg\" \/>\n\t<meta property=\"og:image:width\" content=\"2000\" \/>\n\t<meta property=\"og:image:height\" content=\"2000\" \/>\n\t<meta property=\"og:image:type\" content=\"image\/jpeg\" \/>\n<meta name=\"twitter:card\" content=\"summary_large_image\" \/>\n<meta name=\"twitter:label1\" content=\"Est. reading time\" \/>\n\t<meta name=\"twitter:data1\" content=\"1 minute\" \/>\n<script type=\"application\/ld+json\" class=\"yoast-schema-graph\">{\"@context\":\"https:\\\/\\\/schema.org\",\"@graph\":[{\"@type\":\"WebPage\",\"@id\":\"https:\\\/\\\/www.megafortris.fr\\\/en\\\/product\\\/fast-seal-tear-off\\\/\",\"url\":\"https:\\\/\\\/www.megafortris.fr\\\/en\\\/product\\\/fast-seal-tear-off\\\/\",\"name\":\"Fast Seal (Tear-Off) - Mega Fortris France\",\"isPartOf\":{\"@id\":\"https:\\\/\\\/www.megafortris.fr\\\/en\\\/#website\"},\"primaryImageOfPage\":{\"@id\":\"https:\\\/\\\/www.megafortris.fr\\\/en\\\/product\\\/fast-seal-tear-off\\\/#primaryimage\"},\"image\":{\"@id\":\"https:\\\/\\\/www.megafortris.fr\\\/en\\\/product\\\/fast-seal-tear-off\\\/#primaryimage\"},\"thumbnailUrl\":\"https:\\\/\\\/www.megafortris.fr\\\/wp-content\\\/uploads\\\/2024\\\/05\\\/THUMBNAIL-FS5TO-Loop-3.jpg\",\"datePublished\":\"2024-05-17T10:22:38+00:00\",\"dateModified\":\"2026-03-17T13:37:57+00:00\",\"breadcrumb\":{\"@id\":\"https:\\\/\\\/www.megafortris.fr\\\/en\\\/product\\\/fast-seal-tear-off\\\/#breadcrumb\"},\"inLanguage\":\"en-US\",\"potentialAction\":[{\"@type\":\"ReadAction\",\"target\":[\"https:\\\/\\\/www.megafortris.fr\\\/en\\\/product\\\/fast-seal-tear-off\\\/\"]}]},{\"@type\":\"ImageObject\",\"inLanguage\":\"en-US\",\"@id\":\"https:\\\/\\\/www.megafortris.fr\\\/en\\\/product\\\/fast-seal-tear-off\\\/#primaryimage\",\"url\":\"https:\\\/\\\/www.megafortris.fr\\\/wp-content\\\/uploads\\\/2024\\\/05\\\/THUMBNAIL-FS5TO-Loop-3.jpg\",\"contentUrl\":\"https:\\\/\\\/www.megafortris.fr\\\/wp-content\\\/uploads\\\/2024\\\/05\\\/THUMBNAIL-FS5TO-Loop-3.jpg\",\"width\":2000,\"height\":2000,\"caption\":\"Fast Seal, Indicative Seals, Pull Tight Seals, Tagging, Retail, Logistics, Banking\"},{\"@type\":\"BreadcrumbList\",\"@id\":\"https:\\\/\\\/www.megafortris.fr\\\/en\\\/product\\\/fast-seal-tear-off\\\/#breadcrumb\",\"itemListElement\":[{\"@type\":\"ListItem\",\"position\":1,\"name\":\"Home\",\"item\":\"https:\\\/\\\/www.megafortris.fr\\\/en\\\/\"},{\"@type\":\"ListItem\",\"position\":2,\"name\":\"Products\",\"item\":\"https:\\\/\\\/www.megafortris.fr\\\/en\\\/shop\\\/\"},{\"@type\":\"ListItem\",\"position\":3,\"name\":\"Fast Seal (Tear-Off)\"}]},{\"@type\":\"WebSite\",\"@id\":\"https:\\\/\\\/www.megafortris.fr\\\/en\\\/#website\",\"url\":\"https:\\\/\\\/www.megafortris.fr\\\/en\\\/\",\"name\":\"Mega Fortris France\",\"description\":\"Pr\u00e9vention-Protection-S\u00e9r\u00e9nit\u00e9\",\"publisher\":{\"@id\":\"https:\\\/\\\/www.megafortris.fr\\\/en\\\/#organization\"},\"potentialAction\":[{\"@type\":\"SearchAction\",\"target\":{\"@type\":\"EntryPoint\",\"urlTemplate\":\"https:\\\/\\\/www.megafortris.fr\\\/en\\\/?s={search_term_string}\"},\"query-input\":{\"@type\":\"PropertyValueSpecification\",\"valueRequired\":true,\"valueName\":\"search_term_string\"}}],\"inLanguage\":\"en-US\"},{\"@type\":\"Organization\",\"@id\":\"https:\\\/\\\/www.megafortris.fr\\\/en\\\/#organization\",\"name\":\"Mega Fortris France\",\"url\":\"https:\\\/\\\/www.megafortris.fr\\\/en\\\/\",\"logo\":{\"@type\":\"ImageObject\",\"inLanguage\":\"en-US\",\"@id\":\"https:\\\/\\\/www.megafortris.fr\\\/en\\\/#\\\/schema\\\/logo\\\/image\\\/\",\"url\":\"https:\\\/\\\/www.megafortris.fr\\\/wp-content\\\/uploads\\\/2023\\\/10\\\/logo.png\",\"contentUrl\":\"https:\\\/\\\/www.megafortris.fr\\\/wp-content\\\/uploads\\\/2023\\\/10\\\/logo.png\",\"width\":510,\"height\":510,\"caption\":\"Mega Fortris France\"},\"image\":{\"@id\":\"https:\\\/\\\/www.megafortris.fr\\\/en\\\/#\\\/schema\\\/logo\\\/image\\\/\"}}]}<\/script>\n<!-- \/ Yoast SEO plugin. -->","yoast_head_json":{"title":"Fast Seal (Tear-Off) - Mega Fortris France","robots":{"index":"index","follow":"follow","max-snippet":"max-snippet:-1","max-image-preview":"max-image-preview:large","max-video-preview":"max-video-preview:-1"},"canonical":"https:\/\/www.megafortris.fr\/en\/product\/fast-seal-tear-off\/","og_locale":"en_US","og_type":"article","og_title":"Fast Seal (Tear-Off) - Mega Fortris France","og_description":"Fast Seal is the icon in the indicative family. It offers various options for strap length to complement the different applications. Its slim round strap makes it suitable for small hole latches. This is the most versatile choice for security and authentication purposes. These seals include the BioSphere bio-additives  To provide eco-conscious solutions on a wide array of applications, all Mega Fortris\u2019 security seal product lines with plastic content will include the BioSphere bio-additives from 13 May 2024.","og_url":"https:\/\/www.megafortris.fr\/en\/product\/fast-seal-tear-off\/","og_site_name":"Mega Fortris France","article_modified_time":"2026-03-17T13:37:57+00:00","og_image":[{"width":2000,"height":2000,"url":"https:\/\/www.megafortris.fr\/wp-content\/uploads\/2024\/05\/THUMBNAIL-FS5TO-Loop-3.jpg","type":"image\/jpeg"}],"twitter_card":"summary_large_image","twitter_misc":{"Est. reading time":"1 minute"},"schema":{"@context":"https:\/\/schema.org","@graph":[{"@type":"WebPage","@id":"https:\/\/www.megafortris.fr\/en\/product\/fast-seal-tear-off\/","url":"https:\/\/www.megafortris.fr\/en\/product\/fast-seal-tear-off\/","name":"Fast Seal (Tear-Off) - Mega Fortris France","isPartOf":{"@id":"https:\/\/www.megafortris.fr\/en\/#website"},"primaryImageOfPage":{"@id":"https:\/\/www.megafortris.fr\/en\/product\/fast-seal-tear-off\/#primaryimage"},"image":{"@id":"https:\/\/www.megafortris.fr\/en\/product\/fast-seal-tear-off\/#primaryimage"},"thumbnailUrl":"https:\/\/www.megafortris.fr\/wp-content\/uploads\/2024\/05\/THUMBNAIL-FS5TO-Loop-3.jpg","datePublished":"2024-05-17T10:22:38+00:00","dateModified":"2026-03-17T13:37:57+00:00","breadcrumb":{"@id":"https:\/\/www.megafortris.fr\/en\/product\/fast-seal-tear-off\/#breadcrumb"},"inLanguage":"en-US","potentialAction":[{"@type":"ReadAction","target":["https:\/\/www.megafortris.fr\/en\/product\/fast-seal-tear-off\/"]}]},{"@type":"ImageObject","inLanguage":"en-US","@id":"https:\/\/www.megafortris.fr\/en\/product\/fast-seal-tear-off\/#primaryimage","url":"https:\/\/www.megafortris.fr\/wp-content\/uploads\/2024\/05\/THUMBNAIL-FS5TO-Loop-3.jpg","contentUrl":"https:\/\/www.megafortris.fr\/wp-content\/uploads\/2024\/05\/THUMBNAIL-FS5TO-Loop-3.jpg","width":2000,"height":2000,"caption":"Fast Seal, Indicative Seals, Pull Tight Seals, Tagging, Retail, Logistics, Banking"},{"@type":"BreadcrumbList","@id":"https:\/\/www.megafortris.fr\/en\/product\/fast-seal-tear-off\/#breadcrumb","itemListElement":[{"@type":"ListItem","position":1,"name":"Home","item":"https:\/\/www.megafortris.fr\/en\/"},{"@type":"ListItem","position":2,"name":"Products","item":"https:\/\/www.megafortris.fr\/en\/shop\/"},{"@type":"ListItem","position":3,"name":"Fast Seal (Tear-Off)"}]},{"@type":"WebSite","@id":"https:\/\/www.megafortris.fr\/en\/#website","url":"https:\/\/www.megafortris.fr\/en\/","name":"Mega Fortris France","description":"Pr\u00e9vention-Protection-S\u00e9r\u00e9nit\u00e9","publisher":{"@id":"https:\/\/www.megafortris.fr\/en\/#organization"},"potentialAction":[{"@type":"SearchAction","target":{"@type":"EntryPoint","urlTemplate":"https:\/\/www.megafortris.fr\/en\/?s={search_term_string}"},"query-input":{"@type":"PropertyValueSpecification","valueRequired":true,"valueName":"search_term_string"}}],"inLanguage":"en-US"},{"@type":"Organization","@id":"https:\/\/www.megafortris.fr\/en\/#organization","name":"Mega Fortris France","url":"https:\/\/www.megafortris.fr\/en\/","logo":{"@type":"ImageObject","inLanguage":"en-US","@id":"https:\/\/www.megafortris.fr\/en\/#\/schema\/logo\/image\/","url":"https:\/\/www.megafortris.fr\/wp-content\/uploads\/2023\/10\/logo.png","contentUrl":"https:\/\/www.megafortris.fr\/wp-content\/uploads\/2023\/10\/logo.png","width":510,"height":510,"caption":"Mega Fortris France"},"image":{"@id":"https:\/\/www.megafortris.fr\/en\/#\/schema\/logo\/image\/"}}]}},"df_price":"","df_sale_price":"","df_regular_price":"","df_image_link":"https:\/\/www.megafortris.fr\/wp-content\/uploads\/2024\/05\/THUMBNAIL-FS5TO-Loop-3-300x300.jpg","_links":{"self":[{"href":"https:\/\/www.megafortris.fr\/en\/wp-json\/wp\/v2\/product\/7265","targetHints":{"allow":["GET"]}}],"collection":[{"href":"https:\/\/www.megafortris.fr\/en\/wp-json\/wp\/v2\/product"}],"about":[{"href":"https:\/\/www.megafortris.fr\/en\/wp-json\/wp\/v2\/types\/product"}],"wp:featuredmedia":[{"embeddable":true,"href":"https:\/\/www.megafortris.fr\/en\/wp-json\/wp\/v2\/media\/7314"}],"wp:attachment":[{"href":"https:\/\/www.megafortris.fr\/en\/wp-json\/wp\/v2\/media?parent=7265"}],"wp:term":[{"taxonomy":"product_brand","embeddable":true,"href":"https:\/\/www.megafortris.fr\/en\/wp-json\/wp\/v2\/product_brand?post=7265"},{"taxonomy":"product_cat","embeddable":true,"href":"https:\/\/www.megafortris.fr\/en\/wp-json\/wp\/v2\/product_cat?post=7265"},{"taxonomy":"product_tag","embeddable":true,"href":"https:\/\/www.megafortris.fr\/en\/wp-json\/wp\/v2\/product_tag?post=7265"},{"taxonomy":"product-type","embeddable":true,"href":"https:\/\/www.megafortris.fr\/en\/wp-json\/wp\/v2\/product-type?post=7265"}],"curies":[{"name":"wp","href":"https:\/\/api.w.org\/{rel}","templated":true}]}}