{"id":7408,"date":"2024-05-17T14:12:53","date_gmt":"2024-05-17T13:12:53","guid":{"rendered":"https:\/\/mfcorpnew.flywheelstaging.com\/?post_type=product&#038;p=7408"},"modified":"2025-12-29T20:45:36","modified_gmt":"2025-12-29T19:45:36","slug":"fast-seal-3-5-non-tear-off","status":"publish","type":"product","link":"https:\/\/www.megafortris.fr\/en\/product\/fast-seal-3-5-non-tear-off\/","title":{"rendered":"Fast Seal 3.5 (Non Tear-Off)"},"content":{"rendered":"<p>1. The Fast Seal 3.5 is moulded with Polypropylene (PP) or high-impact NY material with the metal lock ultrasonically encapsulated to complement the long thick strap.<br \/>\n2. One-way locking mechanism is embedded for fast and easy application.<br \/>\n3. Spikes are placed behind the seal to provide better grip on the application surface.<br \/>\n4. The larger flap allows ample space for identifier marking. Irreversible identifiers such as name, logo, barcode, serial number and QR code are laser-marked on the flap.<br \/>\n5. These seals include the BioSphere bio-additives.<br \/>\n6. Different strap lengths are available to cater to different applications.<br \/>\n7. Tear-off (TO) variation available for Fast Seal 18 inches for easy removal.<\/p>\n","protected":false},"excerpt":{"rendered":"<p>Fast Seal 3.5 is an advanced design in the Fast Seal family with a thicker round strap and large marking flap. The strong and durable design enables it to withstand sharp edges and provides higher pull strength endurance. Spikes on the back of the seal provide a firm grip of the application material. These seals include the BioSphere bio-additives<\/p>\n<p>To provide eco-conscious solutions on a wide array of applications, all Mega Fortris\u2019 security seal product lines with plastic content will include the BioSphere bio-additives from 13 May 2024.<\/p>\n","protected":false},"featured_media":7409,"template":"","meta":{"_acf_changed":false,"inline_featured_image":false},"product_brand":[],"product_cat":[201,34,37,38],"product_tag":[206,234],"product-type":[313,341],"class_list":{"0":"post-7408","1":"product","2":"type-product","3":"status-publish","4":"has-post-thumbnail","6":"product_cat-banking","7":"product_cat-logistics","8":"product_cat-retail","9":"product_cat-utilities","10":"product_tag-indicative-seals","11":"product_tag-pull-tight-seals","12":"product-type-indicative-seals","13":"product-type-pull-tight-seals","15":"first","16":"instock","17":"shipping-taxable","18":"purchasable","19":"product-type-variable"},"acf":[],"yoast_head":"<!-- This site is optimized with the Yoast SEO plugin v27.4 - https:\/\/yoast.com\/product\/yoast-seo-wordpress\/ -->\n<title>Fast Seal 3.5 (Non Tear-Off) - Mega Fortris France<\/title>\n<meta name=\"robots\" content=\"index, follow, max-snippet:-1, max-image-preview:large, max-video-preview:-1\" \/>\n<link rel=\"canonical\" href=\"https:\/\/www.megafortris.fr\/en\/product\/fast-seal-3-5-non-tear-off\/\" \/>\n<meta property=\"og:locale\" content=\"en_US\" \/>\n<meta property=\"og:type\" content=\"article\" \/>\n<meta property=\"og:title\" content=\"Fast Seal 3.5 (Non Tear-Off) - Mega Fortris France\" \/>\n<meta property=\"og:description\" content=\"Fast Seal 3.5 is an advanced design in the Fast Seal family with a thicker round strap and large marking flap. The strong and durable design enables it to withstand sharp edges and provides higher pull strength endurance. Spikes on the back of the seal provide a firm grip of the application material. These seals include the BioSphere bio-additives  To provide eco-conscious solutions on a wide array of applications, all Mega Fortris\u2019 security seal product lines with plastic content will include the BioSphere bio-additives from 13 May 2024.\" \/>\n<meta property=\"og:url\" content=\"https:\/\/www.megafortris.fr\/en\/product\/fast-seal-3-5-non-tear-off\/\" \/>\n<meta property=\"og:site_name\" content=\"Mega Fortris France\" \/>\n<meta property=\"article:modified_time\" content=\"2025-12-29T19:45:36+00:00\" \/>\n<meta property=\"og:image\" content=\"https:\/\/www.megafortris.fr\/wp-content\/uploads\/2024\/05\/THUMBNAIL-FS3.512-Loop_.jpg\" \/>\n\t<meta property=\"og:image:width\" content=\"2000\" \/>\n\t<meta property=\"og:image:height\" content=\"2000\" \/>\n\t<meta property=\"og:image:type\" content=\"image\/jpeg\" \/>\n<meta name=\"twitter:card\" content=\"summary_large_image\" \/>\n<meta name=\"twitter:label1\" content=\"Est. reading time\" \/>\n\t<meta name=\"twitter:data1\" content=\"1 minute\" \/>\n<script type=\"application\/ld+json\" class=\"yoast-schema-graph\">{\"@context\":\"https:\\\/\\\/schema.org\",\"@graph\":[{\"@type\":\"WebPage\",\"@id\":\"https:\\\/\\\/www.megafortris.fr\\\/en\\\/product\\\/fast-seal-3-5-non-tear-off\\\/\",\"url\":\"https:\\\/\\\/www.megafortris.fr\\\/en\\\/product\\\/fast-seal-3-5-non-tear-off\\\/\",\"name\":\"Fast Seal 3.5 (Non Tear-Off) - Mega Fortris France\",\"isPartOf\":{\"@id\":\"https:\\\/\\\/www.megafortris.fr\\\/en\\\/#website\"},\"primaryImageOfPage\":{\"@id\":\"https:\\\/\\\/www.megafortris.fr\\\/en\\\/product\\\/fast-seal-3-5-non-tear-off\\\/#primaryimage\"},\"image\":{\"@id\":\"https:\\\/\\\/www.megafortris.fr\\\/en\\\/product\\\/fast-seal-3-5-non-tear-off\\\/#primaryimage\"},\"thumbnailUrl\":\"https:\\\/\\\/www.megafortris.fr\\\/wp-content\\\/uploads\\\/2024\\\/05\\\/THUMBNAIL-FS3.512-Loop_.jpg\",\"datePublished\":\"2024-05-17T13:12:53+00:00\",\"dateModified\":\"2025-12-29T19:45:36+00:00\",\"breadcrumb\":{\"@id\":\"https:\\\/\\\/www.megafortris.fr\\\/en\\\/product\\\/fast-seal-3-5-non-tear-off\\\/#breadcrumb\"},\"inLanguage\":\"en-US\",\"potentialAction\":[{\"@type\":\"ReadAction\",\"target\":[\"https:\\\/\\\/www.megafortris.fr\\\/en\\\/product\\\/fast-seal-3-5-non-tear-off\\\/\"]}]},{\"@type\":\"ImageObject\",\"inLanguage\":\"en-US\",\"@id\":\"https:\\\/\\\/www.megafortris.fr\\\/en\\\/product\\\/fast-seal-3-5-non-tear-off\\\/#primaryimage\",\"url\":\"https:\\\/\\\/www.megafortris.fr\\\/wp-content\\\/uploads\\\/2024\\\/05\\\/THUMBNAIL-FS3.512-Loop_.jpg\",\"contentUrl\":\"https:\\\/\\\/www.megafortris.fr\\\/wp-content\\\/uploads\\\/2024\\\/05\\\/THUMBNAIL-FS3.512-Loop_.jpg\",\"width\":2000,\"height\":2000,\"caption\":\"Fast Seal, Indicative Seals, Pull Tight Seals, Tagging, Retail, Logistics, Banking, Postal Services,\"},{\"@type\":\"BreadcrumbList\",\"@id\":\"https:\\\/\\\/www.megafortris.fr\\\/en\\\/product\\\/fast-seal-3-5-non-tear-off\\\/#breadcrumb\",\"itemListElement\":[{\"@type\":\"ListItem\",\"position\":1,\"name\":\"Home\",\"item\":\"https:\\\/\\\/www.megafortris.fr\\\/en\\\/\"},{\"@type\":\"ListItem\",\"position\":2,\"name\":\"Products\",\"item\":\"https:\\\/\\\/www.megafortris.fr\\\/en\\\/shop\\\/\"},{\"@type\":\"ListItem\",\"position\":3,\"name\":\"Fast Seal 3.5 (Non Tear-Off)\"}]},{\"@type\":\"WebSite\",\"@id\":\"https:\\\/\\\/www.megafortris.fr\\\/en\\\/#website\",\"url\":\"https:\\\/\\\/www.megafortris.fr\\\/en\\\/\",\"name\":\"Mega Fortris France\",\"description\":\"Pr\u00e9vention-Protection-S\u00e9r\u00e9nit\u00e9\",\"publisher\":{\"@id\":\"https:\\\/\\\/www.megafortris.fr\\\/en\\\/#organization\"},\"potentialAction\":[{\"@type\":\"SearchAction\",\"target\":{\"@type\":\"EntryPoint\",\"urlTemplate\":\"https:\\\/\\\/www.megafortris.fr\\\/en\\\/?s={search_term_string}\"},\"query-input\":{\"@type\":\"PropertyValueSpecification\",\"valueRequired\":true,\"valueName\":\"search_term_string\"}}],\"inLanguage\":\"en-US\"},{\"@type\":\"Organization\",\"@id\":\"https:\\\/\\\/www.megafortris.fr\\\/en\\\/#organization\",\"name\":\"Mega Fortris France\",\"url\":\"https:\\\/\\\/www.megafortris.fr\\\/en\\\/\",\"logo\":{\"@type\":\"ImageObject\",\"inLanguage\":\"en-US\",\"@id\":\"https:\\\/\\\/www.megafortris.fr\\\/en\\\/#\\\/schema\\\/logo\\\/image\\\/\",\"url\":\"https:\\\/\\\/www.megafortris.fr\\\/wp-content\\\/uploads\\\/2023\\\/10\\\/logo.png\",\"contentUrl\":\"https:\\\/\\\/www.megafortris.fr\\\/wp-content\\\/uploads\\\/2023\\\/10\\\/logo.png\",\"width\":510,\"height\":510,\"caption\":\"Mega Fortris France\"},\"image\":{\"@id\":\"https:\\\/\\\/www.megafortris.fr\\\/en\\\/#\\\/schema\\\/logo\\\/image\\\/\"}}]}<\/script>\n<!-- \/ Yoast SEO plugin. -->","yoast_head_json":{"title":"Fast Seal 3.5 (Non Tear-Off) - Mega Fortris France","robots":{"index":"index","follow":"follow","max-snippet":"max-snippet:-1","max-image-preview":"max-image-preview:large","max-video-preview":"max-video-preview:-1"},"canonical":"https:\/\/www.megafortris.fr\/en\/product\/fast-seal-3-5-non-tear-off\/","og_locale":"en_US","og_type":"article","og_title":"Fast Seal 3.5 (Non Tear-Off) - Mega Fortris France","og_description":"Fast Seal 3.5 is an advanced design in the Fast Seal family with a thicker round strap and large marking flap. The strong and durable design enables it to withstand sharp edges and provides higher pull strength endurance. Spikes on the back of the seal provide a firm grip of the application material. These seals include the BioSphere bio-additives  To provide eco-conscious solutions on a wide array of applications, all Mega Fortris\u2019 security seal product lines with plastic content will include the BioSphere bio-additives from 13 May 2024.","og_url":"https:\/\/www.megafortris.fr\/en\/product\/fast-seal-3-5-non-tear-off\/","og_site_name":"Mega Fortris France","article_modified_time":"2025-12-29T19:45:36+00:00","og_image":[{"width":2000,"height":2000,"url":"https:\/\/www.megafortris.fr\/wp-content\/uploads\/2024\/05\/THUMBNAIL-FS3.512-Loop_.jpg","type":"image\/jpeg"}],"twitter_card":"summary_large_image","twitter_misc":{"Est. reading time":"1 minute"},"schema":{"@context":"https:\/\/schema.org","@graph":[{"@type":"WebPage","@id":"https:\/\/www.megafortris.fr\/en\/product\/fast-seal-3-5-non-tear-off\/","url":"https:\/\/www.megafortris.fr\/en\/product\/fast-seal-3-5-non-tear-off\/","name":"Fast Seal 3.5 (Non Tear-Off) - Mega Fortris France","isPartOf":{"@id":"https:\/\/www.megafortris.fr\/en\/#website"},"primaryImageOfPage":{"@id":"https:\/\/www.megafortris.fr\/en\/product\/fast-seal-3-5-non-tear-off\/#primaryimage"},"image":{"@id":"https:\/\/www.megafortris.fr\/en\/product\/fast-seal-3-5-non-tear-off\/#primaryimage"},"thumbnailUrl":"https:\/\/www.megafortris.fr\/wp-content\/uploads\/2024\/05\/THUMBNAIL-FS3.512-Loop_.jpg","datePublished":"2024-05-17T13:12:53+00:00","dateModified":"2025-12-29T19:45:36+00:00","breadcrumb":{"@id":"https:\/\/www.megafortris.fr\/en\/product\/fast-seal-3-5-non-tear-off\/#breadcrumb"},"inLanguage":"en-US","potentialAction":[{"@type":"ReadAction","target":["https:\/\/www.megafortris.fr\/en\/product\/fast-seal-3-5-non-tear-off\/"]}]},{"@type":"ImageObject","inLanguage":"en-US","@id":"https:\/\/www.megafortris.fr\/en\/product\/fast-seal-3-5-non-tear-off\/#primaryimage","url":"https:\/\/www.megafortris.fr\/wp-content\/uploads\/2024\/05\/THUMBNAIL-FS3.512-Loop_.jpg","contentUrl":"https:\/\/www.megafortris.fr\/wp-content\/uploads\/2024\/05\/THUMBNAIL-FS3.512-Loop_.jpg","width":2000,"height":2000,"caption":"Fast Seal, Indicative Seals, Pull Tight Seals, Tagging, Retail, Logistics, Banking, Postal Services,"},{"@type":"BreadcrumbList","@id":"https:\/\/www.megafortris.fr\/en\/product\/fast-seal-3-5-non-tear-off\/#breadcrumb","itemListElement":[{"@type":"ListItem","position":1,"name":"Home","item":"https:\/\/www.megafortris.fr\/en\/"},{"@type":"ListItem","position":2,"name":"Products","item":"https:\/\/www.megafortris.fr\/en\/shop\/"},{"@type":"ListItem","position":3,"name":"Fast Seal 3.5 (Non Tear-Off)"}]},{"@type":"WebSite","@id":"https:\/\/www.megafortris.fr\/en\/#website","url":"https:\/\/www.megafortris.fr\/en\/","name":"Mega Fortris France","description":"Pr\u00e9vention-Protection-S\u00e9r\u00e9nit\u00e9","publisher":{"@id":"https:\/\/www.megafortris.fr\/en\/#organization"},"potentialAction":[{"@type":"SearchAction","target":{"@type":"EntryPoint","urlTemplate":"https:\/\/www.megafortris.fr\/en\/?s={search_term_string}"},"query-input":{"@type":"PropertyValueSpecification","valueRequired":true,"valueName":"search_term_string"}}],"inLanguage":"en-US"},{"@type":"Organization","@id":"https:\/\/www.megafortris.fr\/en\/#organization","name":"Mega Fortris France","url":"https:\/\/www.megafortris.fr\/en\/","logo":{"@type":"ImageObject","inLanguage":"en-US","@id":"https:\/\/www.megafortris.fr\/en\/#\/schema\/logo\/image\/","url":"https:\/\/www.megafortris.fr\/wp-content\/uploads\/2023\/10\/logo.png","contentUrl":"https:\/\/www.megafortris.fr\/wp-content\/uploads\/2023\/10\/logo.png","width":510,"height":510,"caption":"Mega Fortris France"},"image":{"@id":"https:\/\/www.megafortris.fr\/en\/#\/schema\/logo\/image\/"}}]}},"df_price":"","df_sale_price":"","df_regular_price":"","df_image_link":"https:\/\/www.megafortris.fr\/wp-content\/uploads\/2024\/05\/THUMBNAIL-FS3.512-Loop_-300x300.jpg","_links":{"self":[{"href":"https:\/\/www.megafortris.fr\/en\/wp-json\/wp\/v2\/product\/7408","targetHints":{"allow":["GET"]}}],"collection":[{"href":"https:\/\/www.megafortris.fr\/en\/wp-json\/wp\/v2\/product"}],"about":[{"href":"https:\/\/www.megafortris.fr\/en\/wp-json\/wp\/v2\/types\/product"}],"wp:featuredmedia":[{"embeddable":true,"href":"https:\/\/www.megafortris.fr\/en\/wp-json\/wp\/v2\/media\/7409"}],"wp:attachment":[{"href":"https:\/\/www.megafortris.fr\/en\/wp-json\/wp\/v2\/media?parent=7408"}],"wp:term":[{"taxonomy":"product_brand","embeddable":true,"href":"https:\/\/www.megafortris.fr\/en\/wp-json\/wp\/v2\/product_brand?post=7408"},{"taxonomy":"product_cat","embeddable":true,"href":"https:\/\/www.megafortris.fr\/en\/wp-json\/wp\/v2\/product_cat?post=7408"},{"taxonomy":"product_tag","embeddable":true,"href":"https:\/\/www.megafortris.fr\/en\/wp-json\/wp\/v2\/product_tag?post=7408"},{"taxonomy":"product-type","embeddable":true,"href":"https:\/\/www.megafortris.fr\/en\/wp-json\/wp\/v2\/product-type?post=7408"}],"curies":[{"name":"wp","href":"https:\/\/api.w.org\/{rel}","templated":true}]}}