{"id":7866,"date":"2024-05-20T14:46:01","date_gmt":"2024-05-20T13:46:01","guid":{"rendered":"https:\/\/mfcorpnew.flywheelstaging.com\/?post_type=product&#038;p=7866"},"modified":"2026-03-17T17:48:54","modified_gmt":"2026-03-17T16:48:54","slug":"sp-cash-bag-seal-nt-nh-non-tear-off-without-hole","status":"publish","type":"product","link":"https:\/\/www.megafortris.fr\/en\/product\/sp-cash-bag-seal-nt-nh-non-tear-off-without-hole\/","title":{"rendered":"SP Cash Bag Seal NT NH (Non Tear-Off without Hole)"},"content":{"rendered":"<p>1. The SP Cash Bag Seal is moulded with Polypropylene (PP) or high-impact Nylon (NY) material with the metal lock ultrasonically encapsulated to complement the long thick strap.<br \/>\n2. The locking ribs on both sides of the locking strap provide greater locking security, while the on the back of the seal provide better grip and stronger endurance during application. Evidence of tampering is obvious on the strap.<br \/>\n3. Tear-off feature allows quick removal of the seal.<br \/>\n4. The larger flap allows ample space for irreversible laser marking of identifiers such as name, logo, barcode, serial number and QR code.<br \/>\n5. An optional hole (H) across all SPCBS is available for the neat appearance after sealing.<br \/>\n6. These seals include the BioSphere bio-additives.<\/p>\n","protected":false},"excerpt":{"rendered":"<p>SP Cash Bag Seal is fundamentally designed with a rigid structure. The seal features an extensive range of variations to provide security option for any application. With the signature one-way locking mechanism, it is user-friendly to seal and remove. These seals include the BioSphere bio-additives<\/p>\n<p>To provide eco-conscious solutions on a wide array of applications, all Mega Fortris\u2019 security seal product lines with plastic content will include the BioSphere bio-additives from 13 May 2024.<\/p>\n","protected":false},"featured_media":7901,"template":"","meta":{"_acf_changed":false,"inline_featured_image":false},"product_brand":[],"product_cat":[201,34,36,37],"product_tag":[206,234],"product-type":[313,341],"class_list":{"0":"post-7866","1":"product","2":"type-product","3":"status-publish","4":"has-post-thumbnail","6":"product_cat-banking","7":"product_cat-logistics","8":"product_cat-pharmaceutical","9":"product_cat-retail","10":"product_tag-indicative-seals","11":"product_tag-pull-tight-seals","12":"product-type-indicative-seals","13":"product-type-pull-tight-seals","15":"first","16":"instock","17":"shipping-taxable","18":"purchasable","19":"product-type-variable"},"acf":[],"yoast_head":"<!-- This site is optimized with the Yoast SEO plugin v27.4 - https:\/\/yoast.com\/product\/yoast-seo-wordpress\/ -->\n<title>SP Cash Bag Seal NT NH (Non Tear-Off without Hole) - Mega Fortris France<\/title>\n<meta name=\"robots\" content=\"index, follow, max-snippet:-1, max-image-preview:large, max-video-preview:-1\" \/>\n<link rel=\"canonical\" href=\"https:\/\/www.megafortris.fr\/en\/product\/sp-cash-bag-seal-nt-nh-non-tear-off-without-hole\/\" \/>\n<meta property=\"og:locale\" content=\"en_US\" \/>\n<meta property=\"og:type\" content=\"article\" \/>\n<meta property=\"og:title\" content=\"SP Cash Bag Seal NT NH (Non Tear-Off without Hole) - Mega Fortris France\" \/>\n<meta property=\"og:description\" content=\"SP Cash Bag Seal is fundamentally designed with a rigid structure. The seal features an extensive range of variations to provide security option for any application. With the signature one-way locking mechanism, it is user-friendly to seal and remove. These seals include the BioSphere bio-additives  To provide eco-conscious solutions on a wide array of applications, all Mega Fortris\u2019 security seal product lines with plastic content will include the BioSphere bio-additives from 13 May 2024.\" \/>\n<meta property=\"og:url\" content=\"https:\/\/www.megafortris.fr\/en\/product\/sp-cash-bag-seal-nt-nh-non-tear-off-without-hole\/\" \/>\n<meta property=\"og:site_name\" content=\"Mega Fortris France\" \/>\n<meta property=\"article:modified_time\" content=\"2026-03-17T16:48:54+00:00\" \/>\n<meta property=\"og:image\" content=\"https:\/\/www.megafortris.fr\/wp-content\/uploads\/2024\/05\/THUMBNAIL-SPCBS-NT-NH-Loop-3_.jpg\" \/>\n\t<meta property=\"og:image:width\" content=\"2000\" \/>\n\t<meta property=\"og:image:height\" content=\"2000\" \/>\n\t<meta property=\"og:image:type\" content=\"image\/jpeg\" \/>\n<meta name=\"twitter:card\" content=\"summary_large_image\" \/>\n<meta name=\"twitter:label1\" content=\"Est. reading time\" \/>\n\t<meta name=\"twitter:data1\" content=\"1 minute\" \/>\n<script type=\"application\/ld+json\" class=\"yoast-schema-graph\">{\"@context\":\"https:\\\/\\\/schema.org\",\"@graph\":[{\"@type\":\"WebPage\",\"@id\":\"https:\\\/\\\/www.megafortris.fr\\\/en\\\/product\\\/sp-cash-bag-seal-nt-nh-non-tear-off-without-hole\\\/\",\"url\":\"https:\\\/\\\/www.megafortris.fr\\\/en\\\/product\\\/sp-cash-bag-seal-nt-nh-non-tear-off-without-hole\\\/\",\"name\":\"SP Cash Bag Seal NT NH (Non Tear-Off without Hole) - Mega Fortris France\",\"isPartOf\":{\"@id\":\"https:\\\/\\\/www.megafortris.fr\\\/en\\\/#website\"},\"primaryImageOfPage\":{\"@id\":\"https:\\\/\\\/www.megafortris.fr\\\/en\\\/product\\\/sp-cash-bag-seal-nt-nh-non-tear-off-without-hole\\\/#primaryimage\"},\"image\":{\"@id\":\"https:\\\/\\\/www.megafortris.fr\\\/en\\\/product\\\/sp-cash-bag-seal-nt-nh-non-tear-off-without-hole\\\/#primaryimage\"},\"thumbnailUrl\":\"https:\\\/\\\/www.megafortris.fr\\\/wp-content\\\/uploads\\\/2024\\\/05\\\/THUMBNAIL-SPCBS-NT-NH-Loop-3_.jpg\",\"datePublished\":\"2024-05-20T13:46:01+00:00\",\"dateModified\":\"2026-03-17T16:48:54+00:00\",\"breadcrumb\":{\"@id\":\"https:\\\/\\\/www.megafortris.fr\\\/en\\\/product\\\/sp-cash-bag-seal-nt-nh-non-tear-off-without-hole\\\/#breadcrumb\"},\"inLanguage\":\"en-US\",\"potentialAction\":[{\"@type\":\"ReadAction\",\"target\":[\"https:\\\/\\\/www.megafortris.fr\\\/en\\\/product\\\/sp-cash-bag-seal-nt-nh-non-tear-off-without-hole\\\/\"]}]},{\"@type\":\"ImageObject\",\"inLanguage\":\"en-US\",\"@id\":\"https:\\\/\\\/www.megafortris.fr\\\/en\\\/product\\\/sp-cash-bag-seal-nt-nh-non-tear-off-without-hole\\\/#primaryimage\",\"url\":\"https:\\\/\\\/www.megafortris.fr\\\/wp-content\\\/uploads\\\/2024\\\/05\\\/THUMBNAIL-SPCBS-NT-NH-Loop-3_.jpg\",\"contentUrl\":\"https:\\\/\\\/www.megafortris.fr\\\/wp-content\\\/uploads\\\/2024\\\/05\\\/THUMBNAIL-SPCBS-NT-NH-Loop-3_.jpg\",\"width\":2000,\"height\":2000,\"caption\":\"SP Cash bag sans tearoff - sans trou retour-tige\"},{\"@type\":\"BreadcrumbList\",\"@id\":\"https:\\\/\\\/www.megafortris.fr\\\/en\\\/product\\\/sp-cash-bag-seal-nt-nh-non-tear-off-without-hole\\\/#breadcrumb\",\"itemListElement\":[{\"@type\":\"ListItem\",\"position\":1,\"name\":\"Home\",\"item\":\"https:\\\/\\\/www.megafortris.fr\\\/en\\\/\"},{\"@type\":\"ListItem\",\"position\":2,\"name\":\"Products\",\"item\":\"https:\\\/\\\/www.megafortris.fr\\\/en\\\/shop\\\/\"},{\"@type\":\"ListItem\",\"position\":3,\"name\":\"SP Cash Bag Seal NT NH (Non Tear-Off without Hole)\"}]},{\"@type\":\"WebSite\",\"@id\":\"https:\\\/\\\/www.megafortris.fr\\\/en\\\/#website\",\"url\":\"https:\\\/\\\/www.megafortris.fr\\\/en\\\/\",\"name\":\"Mega Fortris France\",\"description\":\"Pr\u00e9vention-Protection-S\u00e9r\u00e9nit\u00e9\",\"publisher\":{\"@id\":\"https:\\\/\\\/www.megafortris.fr\\\/en\\\/#organization\"},\"potentialAction\":[{\"@type\":\"SearchAction\",\"target\":{\"@type\":\"EntryPoint\",\"urlTemplate\":\"https:\\\/\\\/www.megafortris.fr\\\/en\\\/?s={search_term_string}\"},\"query-input\":{\"@type\":\"PropertyValueSpecification\",\"valueRequired\":true,\"valueName\":\"search_term_string\"}}],\"inLanguage\":\"en-US\"},{\"@type\":\"Organization\",\"@id\":\"https:\\\/\\\/www.megafortris.fr\\\/en\\\/#organization\",\"name\":\"Mega Fortris France\",\"url\":\"https:\\\/\\\/www.megafortris.fr\\\/en\\\/\",\"logo\":{\"@type\":\"ImageObject\",\"inLanguage\":\"en-US\",\"@id\":\"https:\\\/\\\/www.megafortris.fr\\\/en\\\/#\\\/schema\\\/logo\\\/image\\\/\",\"url\":\"https:\\\/\\\/www.megafortris.fr\\\/wp-content\\\/uploads\\\/2023\\\/10\\\/logo.png\",\"contentUrl\":\"https:\\\/\\\/www.megafortris.fr\\\/wp-content\\\/uploads\\\/2023\\\/10\\\/logo.png\",\"width\":510,\"height\":510,\"caption\":\"Mega Fortris France\"},\"image\":{\"@id\":\"https:\\\/\\\/www.megafortris.fr\\\/en\\\/#\\\/schema\\\/logo\\\/image\\\/\"}}]}<\/script>\n<!-- \/ Yoast SEO plugin. -->","yoast_head_json":{"title":"SP Cash Bag Seal NT NH (Non Tear-Off without Hole) - Mega Fortris France","robots":{"index":"index","follow":"follow","max-snippet":"max-snippet:-1","max-image-preview":"max-image-preview:large","max-video-preview":"max-video-preview:-1"},"canonical":"https:\/\/www.megafortris.fr\/en\/product\/sp-cash-bag-seal-nt-nh-non-tear-off-without-hole\/","og_locale":"en_US","og_type":"article","og_title":"SP Cash Bag Seal NT NH (Non Tear-Off without Hole) - Mega Fortris France","og_description":"SP Cash Bag Seal is fundamentally designed with a rigid structure. The seal features an extensive range of variations to provide security option for any application. With the signature one-way locking mechanism, it is user-friendly to seal and remove. These seals include the BioSphere bio-additives  To provide eco-conscious solutions on a wide array of applications, all Mega Fortris\u2019 security seal product lines with plastic content will include the BioSphere bio-additives from 13 May 2024.","og_url":"https:\/\/www.megafortris.fr\/en\/product\/sp-cash-bag-seal-nt-nh-non-tear-off-without-hole\/","og_site_name":"Mega Fortris France","article_modified_time":"2026-03-17T16:48:54+00:00","og_image":[{"width":2000,"height":2000,"url":"https:\/\/www.megafortris.fr\/wp-content\/uploads\/2024\/05\/THUMBNAIL-SPCBS-NT-NH-Loop-3_.jpg","type":"image\/jpeg"}],"twitter_card":"summary_large_image","twitter_misc":{"Est. reading time":"1 minute"},"schema":{"@context":"https:\/\/schema.org","@graph":[{"@type":"WebPage","@id":"https:\/\/www.megafortris.fr\/en\/product\/sp-cash-bag-seal-nt-nh-non-tear-off-without-hole\/","url":"https:\/\/www.megafortris.fr\/en\/product\/sp-cash-bag-seal-nt-nh-non-tear-off-without-hole\/","name":"SP Cash Bag Seal NT NH (Non Tear-Off without Hole) - Mega Fortris France","isPartOf":{"@id":"https:\/\/www.megafortris.fr\/en\/#website"},"primaryImageOfPage":{"@id":"https:\/\/www.megafortris.fr\/en\/product\/sp-cash-bag-seal-nt-nh-non-tear-off-without-hole\/#primaryimage"},"image":{"@id":"https:\/\/www.megafortris.fr\/en\/product\/sp-cash-bag-seal-nt-nh-non-tear-off-without-hole\/#primaryimage"},"thumbnailUrl":"https:\/\/www.megafortris.fr\/wp-content\/uploads\/2024\/05\/THUMBNAIL-SPCBS-NT-NH-Loop-3_.jpg","datePublished":"2024-05-20T13:46:01+00:00","dateModified":"2026-03-17T16:48:54+00:00","breadcrumb":{"@id":"https:\/\/www.megafortris.fr\/en\/product\/sp-cash-bag-seal-nt-nh-non-tear-off-without-hole\/#breadcrumb"},"inLanguage":"en-US","potentialAction":[{"@type":"ReadAction","target":["https:\/\/www.megafortris.fr\/en\/product\/sp-cash-bag-seal-nt-nh-non-tear-off-without-hole\/"]}]},{"@type":"ImageObject","inLanguage":"en-US","@id":"https:\/\/www.megafortris.fr\/en\/product\/sp-cash-bag-seal-nt-nh-non-tear-off-without-hole\/#primaryimage","url":"https:\/\/www.megafortris.fr\/wp-content\/uploads\/2024\/05\/THUMBNAIL-SPCBS-NT-NH-Loop-3_.jpg","contentUrl":"https:\/\/www.megafortris.fr\/wp-content\/uploads\/2024\/05\/THUMBNAIL-SPCBS-NT-NH-Loop-3_.jpg","width":2000,"height":2000,"caption":"SP Cash bag sans tearoff - sans trou retour-tige"},{"@type":"BreadcrumbList","@id":"https:\/\/www.megafortris.fr\/en\/product\/sp-cash-bag-seal-nt-nh-non-tear-off-without-hole\/#breadcrumb","itemListElement":[{"@type":"ListItem","position":1,"name":"Home","item":"https:\/\/www.megafortris.fr\/en\/"},{"@type":"ListItem","position":2,"name":"Products","item":"https:\/\/www.megafortris.fr\/en\/shop\/"},{"@type":"ListItem","position":3,"name":"SP Cash Bag Seal NT NH (Non Tear-Off without Hole)"}]},{"@type":"WebSite","@id":"https:\/\/www.megafortris.fr\/en\/#website","url":"https:\/\/www.megafortris.fr\/en\/","name":"Mega Fortris France","description":"Pr\u00e9vention-Protection-S\u00e9r\u00e9nit\u00e9","publisher":{"@id":"https:\/\/www.megafortris.fr\/en\/#organization"},"potentialAction":[{"@type":"SearchAction","target":{"@type":"EntryPoint","urlTemplate":"https:\/\/www.megafortris.fr\/en\/?s={search_term_string}"},"query-input":{"@type":"PropertyValueSpecification","valueRequired":true,"valueName":"search_term_string"}}],"inLanguage":"en-US"},{"@type":"Organization","@id":"https:\/\/www.megafortris.fr\/en\/#organization","name":"Mega Fortris France","url":"https:\/\/www.megafortris.fr\/en\/","logo":{"@type":"ImageObject","inLanguage":"en-US","@id":"https:\/\/www.megafortris.fr\/en\/#\/schema\/logo\/image\/","url":"https:\/\/www.megafortris.fr\/wp-content\/uploads\/2023\/10\/logo.png","contentUrl":"https:\/\/www.megafortris.fr\/wp-content\/uploads\/2023\/10\/logo.png","width":510,"height":510,"caption":"Mega Fortris France"},"image":{"@id":"https:\/\/www.megafortris.fr\/en\/#\/schema\/logo\/image\/"}}]}},"df_price":"","df_sale_price":"","df_regular_price":"","df_image_link":"https:\/\/www.megafortris.fr\/wp-content\/uploads\/2024\/05\/THUMBNAIL-SPCBS-NT-NH-Loop-3_-300x300.jpg","_links":{"self":[{"href":"https:\/\/www.megafortris.fr\/en\/wp-json\/wp\/v2\/product\/7866","targetHints":{"allow":["GET"]}}],"collection":[{"href":"https:\/\/www.megafortris.fr\/en\/wp-json\/wp\/v2\/product"}],"about":[{"href":"https:\/\/www.megafortris.fr\/en\/wp-json\/wp\/v2\/types\/product"}],"wp:featuredmedia":[{"embeddable":true,"href":"https:\/\/www.megafortris.fr\/en\/wp-json\/wp\/v2\/media\/7901"}],"wp:attachment":[{"href":"https:\/\/www.megafortris.fr\/en\/wp-json\/wp\/v2\/media?parent=7866"}],"wp:term":[{"taxonomy":"product_brand","embeddable":true,"href":"https:\/\/www.megafortris.fr\/en\/wp-json\/wp\/v2\/product_brand?post=7866"},{"taxonomy":"product_cat","embeddable":true,"href":"https:\/\/www.megafortris.fr\/en\/wp-json\/wp\/v2\/product_cat?post=7866"},{"taxonomy":"product_tag","embeddable":true,"href":"https:\/\/www.megafortris.fr\/en\/wp-json\/wp\/v2\/product_tag?post=7866"},{"taxonomy":"product-type","embeddable":true,"href":"https:\/\/www.megafortris.fr\/en\/wp-json\/wp\/v2\/product-type?post=7866"}],"curies":[{"name":"wp","href":"https:\/\/api.w.org\/{rel}","templated":true}]}}